{"id":989,"date":"2025-09-21T00:41:16","date_gmt":"2025-09-21T00:41:16","guid":{"rendered":"https:\/\/keune.al\/?post_type=product&#038;p=989"},"modified":"2025-11-22T19:16:20","modified_gmt":"2025-11-22T19:16:20","slug":"clean-slate-200ml","status":"publish","type":"product","link":"https:\/\/keune.al\/sq\/produkt\/clean-slate-200ml\/","title":{"rendered":"Clean Slate 200ml"},"content":{"rendered":"<div class=\"expander_title___5Kmz\"><strong>P\u00ebrb\u00ebr\u00ebsit<\/strong><\/div>\n<div class=\"expander_content__dB5dn\">\n<div class=\"expander_innerNoScroll__2BEp8\">\n<div class=\"richtext_richText__EPidn\">\n<p>Butan, Alkool Denat, Niseshte alumini Oktenilsuccinat, Alkool Izopropilik, Parfum (Arom\u00eb), Dipropilen Glikol, Amil Salicilat.<\/p>\n<div class=\"expander_title___5Kmz\"><strong>Si t\u00eb p\u00ebrdoren?<\/strong><\/div>\n<div class=\"expander_content__dB5dn\">\n<div class=\"expander_innerNoScroll__2BEp8\">\n<div class=\"richtext_richText__EPidn\">\n<ol>\n<li>Tundeni mir\u00eb, pastaj sp\u00ebrkatni n\u00eb rr\u00ebnj\u00ebt e flokut t\u00eb that\u00eb nga nj\u00eb distanc\u00eb prej 16 cm (6\u201d) dhe f\u00ebrkoni me moll\u00ebzat e gishtave.<\/li>\n<li>P\u00ebrqendrohuni n\u00eb zonat me yndyr\u00eb, l\u00ebreni t\u00eb q\u00ebndroj\u00eb p\u00ebr disa minuta dhe pastaj f\u00ebrkoni me fur\u00e7\u00eb.<\/li>\n<li>Stiloni flokun sipas d\u00ebshir\u00ebs.<\/li>\n<\/ol>\n<p><strong>K\u00ebshill\u00eb:<\/strong> P\u00ebrdoreni para se t\u00eb flini, n\u00eb m\u00ebnyr\u00eb q\u00eb yndyra t\u00eb p\u00ebrthithet nd\u00ebrsa flini. Do t\u00eb zgjoheni me flok\u00eb t\u00eb fresk\u00ebt dhe voluminoz.<\/p>\n<\/div>\n<\/div>\n<\/div>\n<\/div>\n<\/div>\n<\/div>","protected":false},"excerpt":{"rendered":"<p>Mbajeni modelin tuaj t\u00eb flokut t\u00eb fresk\u00ebt dhe t\u00eb past\u00ebr me shampon e that\u00eb Clean Slate. Kompleksi i tij Dry Cleansing thith yndyr\u00ebn dhe papast\u00ebrtit\u00eb, duke e b\u00ebr\u00eb flokun t\u00eb ndihet m\u00eb i past\u00ebr dhe m\u00eb i plot\u00eb. I p\u00ebrshtatsh\u00ebm p\u00ebr t\u00eb gjitha llojet dhe gjat\u00ebsit\u00eb e flokut t\u00eb prirur ndaj yndyr\u00ebs, shton volum dhe freski.<\/p>\n<p>Me nj\u00eb arom\u00eb t\u00eb k\u00ebndshme Rhubarb Bloom, Clean Slate mban flokun tuaj t\u00eb fresk\u00ebt dhe voluminoz gjat\u00eb gjith\u00eb nat\u00ebs kur p\u00ebrdoret para gjumit. Perfekt p\u00ebr t\u00eb ruajtur nj\u00eb pamje t\u00eb sapo lar\u00eb midis larjeve.<\/p>\n<p>Clean Slate \u00ebsht\u00eb versioni i p\u00ebrmir\u00ebsuar i Dry Shampo dhe Dry Conditioner.<\/p>","protected":false},"featured_media":990,"comment_status":"open","ping_status":"closed","template":"","meta":[],"product_brand":[],"product_cat":[19,23],"product_tag":[],"class_list":{"0":"post-989","1":"product","2":"type-product","3":"status-publish","4":"has-post-thumbnail","6":"product_cat-hair-styling","7":"product_cat-hairspray","8":"pa_variant-75ml","9":"pa_variant-300ml","11":"first","12":"instock","13":"shipping-taxable","14":"purchasable","15":"product-type-simple"},"_links":{"self":[{"href":"https:\/\/keune.al\/sq\/wp-json\/wp\/v2\/product\/989","targetHints":{"allow":["GET"]}}],"collection":[{"href":"https:\/\/keune.al\/sq\/wp-json\/wp\/v2\/product"}],"about":[{"href":"https:\/\/keune.al\/sq\/wp-json\/wp\/v2\/types\/product"}],"replies":[{"embeddable":true,"href":"https:\/\/keune.al\/sq\/wp-json\/wp\/v2\/comments?post=989"}],"wp:featuredmedia":[{"embeddable":true,"href":"https:\/\/keune.al\/sq\/wp-json\/wp\/v2\/media\/990"}],"wp:attachment":[{"href":"https:\/\/keune.al\/sq\/wp-json\/wp\/v2\/media?parent=989"}],"wp:term":[{"taxonomy":"product_brand","embeddable":true,"href":"https:\/\/keune.al\/sq\/wp-json\/wp\/v2\/product_brand?post=989"},{"taxonomy":"product_cat","embeddable":true,"href":"https:\/\/keune.al\/sq\/wp-json\/wp\/v2\/product_cat?post=989"},{"taxonomy":"product_tag","embeddable":true,"href":"https:\/\/keune.al\/sq\/wp-json\/wp\/v2\/product_tag?post=989"}],"curies":[{"name":"wp","href":"https:\/\/api.w.org\/{rel}","templated":true}]}}