{"id":984,"date":"2025-09-21T00:37:04","date_gmt":"2025-09-21T00:37:04","guid":{"rendered":"https:\/\/keune.al\/?post_type=product&#038;p=984"},"modified":"2025-11-22T20:16:39","modified_gmt":"2025-11-22T20:16:39","slug":"silver-savior-treatment-200ml","status":"publish","type":"product","link":"https:\/\/keune.al\/sq\/produkt\/silver-savior-treatment-200ml\/","title":{"rendered":"Silver Savior Treatment 200ml"},"content":{"rendered":"<div class=\"expander_title___5Kmz\"><strong>P\u00ebrb\u00ebr\u00ebsit<\/strong><\/div>\n<div class=\"expander_content__dB5dn\">\n<div class=\"expander_innerNoScroll__2BEp8\">\n<div class=\"richtext_richText__EPidn\">\n<p>Uj\u00eb (Aqua), Izobutan, Kopolimer VP\/VA, Propan, Polikuaternium-11, Butan, PEG-12 Dimetikon, Fenoksietanol, Trideceth-9, Pantenol, Parfum (Arom\u00eb), Arginin\u00eb, Glukoz\u00eb, Vaj Ricini i Hidrogjenizuar PEG-40, Etilheksanoat PEG-5, Acid Citrik, Vjollc\u00eb Acidi 43, Etilheksilglicerin\u00eb, Propilen Glikol, Sorbitol, Ekstrakt Luleje Viola Odorata, Linalool, Acetat Linalil<\/p>\n<div class=\"expander_title___5Kmz\"><strong>Si t\u00eb p\u00ebrdoren?<\/strong><\/div>\n<div class=\"expander_content__dB5dn\">\n<div class=\"expander_innerNoScroll__2BEp8\">\n<div class=\"richtext_richText__EPidn\">\n<p>Shake well and distribute through damp hair. Style as desired.\u200b Danger &#8211; Extremely flammable aerosol. Pressurised container: May burst if heated. Keep away from heat, hot surfaces, sparks, open flames, and other ignition sources. No smoking. Do not spray on an open flame or other ignition source. Do not pierce or burn, even after use. Protect from sunlight. Do not expose to temperayures exceeding 50\u00b0C \/ 122\u00b0F. Keep out of reach of children. Use in a well-ventilated area. Warning: Avoid spraying in eyes. Contents under pressure. Do not puncture or incinerate. Do not store above 120\u00b0F. Use only as directed. Intentional misuse by deliberately concentrating and inhaling the contents can be harmful or fatal. Caution: this product contains ingredients that may cause skin irritation in certain individuals, and a preliminary test according to accompanying directions should be first made.<\/p>\n<\/div>\n<\/div>\n<\/div>\n<\/div>\n<\/div>\n<\/div>","protected":false},"excerpt":{"rendered":"<p>Rifreskoni ngjyr\u00ebn tuaj dhe shtoni shk\u00eblqimin tuaj me Silver Savior Silver Foam Treatment, nj\u00eb formul\u00eb e leht\u00eb, pa shp\u00eblarje q\u00eb neutralizon shk\u00eblqimin prej bronzi dhe thekson tonet e ftohta n\u00eb flok\u00ebt bjonde t\u00eb ftohta, argjendt\u00eb dhe platin. Ky trajtim i ajrosur dhe si shkum\u00eb ofron shp\u00ebrndarje t\u00eb nj\u00ebtrajtshme t\u00eb pigmentit vjollc\u00eb, duke siguruar hidratim t\u00eb but\u00eb dhe forc\u00eb.<\/p>","protected":false},"featured_media":988,"comment_status":"open","ping_status":"closed","template":"","meta":[],"product_brand":[],"product_cat":[19,179],"product_tag":[],"class_list":{"0":"post-984","1":"product","2":"type-product","3":"status-publish","4":"has-post-thumbnail","6":"product_cat-hair-styling","7":"product_cat-mousse-hair-styling","8":"pa_variant-200ml","9":"pa_variant-75ml","11":"first","12":"instock","13":"shipping-taxable","14":"purchasable","15":"product-type-simple"},"_links":{"self":[{"href":"https:\/\/keune.al\/sq\/wp-json\/wp\/v2\/product\/984","targetHints":{"allow":["GET"]}}],"collection":[{"href":"https:\/\/keune.al\/sq\/wp-json\/wp\/v2\/product"}],"about":[{"href":"https:\/\/keune.al\/sq\/wp-json\/wp\/v2\/types\/product"}],"replies":[{"embeddable":true,"href":"https:\/\/keune.al\/sq\/wp-json\/wp\/v2\/comments?post=984"}],"wp:featuredmedia":[{"embeddable":true,"href":"https:\/\/keune.al\/sq\/wp-json\/wp\/v2\/media\/988"}],"wp:attachment":[{"href":"https:\/\/keune.al\/sq\/wp-json\/wp\/v2\/media?parent=984"}],"wp:term":[{"taxonomy":"product_brand","embeddable":true,"href":"https:\/\/keune.al\/sq\/wp-json\/wp\/v2\/product_brand?post=984"},{"taxonomy":"product_cat","embeddable":true,"href":"https:\/\/keune.al\/sq\/wp-json\/wp\/v2\/product_cat?post=984"},{"taxonomy":"product_tag","embeddable":true,"href":"https:\/\/keune.al\/sq\/wp-json\/wp\/v2\/product_tag?post=984"}],"curies":[{"name":"wp","href":"https:\/\/api.w.org\/{rel}","templated":true}]}}