{"id":975,"date":"2025-09-21T00:31:01","date_gmt":"2025-09-21T00:31:01","guid":{"rendered":"https:\/\/keune.al\/?post_type=product&#038;p=975"},"modified":"2025-11-22T20:24:02","modified_gmt":"2025-11-22T20:24:02","slug":"good-fibes-100ml","status":"publish","type":"product","link":"https:\/\/keune.al\/sq\/produkt\/good-fibes-100ml\/","title":{"rendered":"Good Fibes 100ml"},"content":{"rendered":"<div class=\"expander_title___5Kmz\"><strong>P\u00ebrb\u00ebr\u00ebsit<\/strong><\/div>\n<div class=\"expander_content__dB5dn\">\n<div class=\"expander_innerNoScroll__2BEp8\">\n<div class=\"richtext_richText__EPidn\">\n<p>Uj\u00eb (Aqua), Ceteareth-30, Paraffinum Liquidum (Vaj Mineral), Laureth-2, Ceteth-2, Dyll\u00eb Sintetike Blete, Alkool Denat., Kopolimer VP\/VA, Parafin\u00eb, Benzoat Natriumi, Sorbitol, Parfum (Arom\u00eb), Acid Citrik, Sulfat Magnezi, Dipropilen Glikol, Pantenol, PEG-90M, Vaj L\u00ebkure Citrus Aurantium Bergamot (Bergamot), Acetat Geranil, Limonene, Acetat Linalil, Terpineol, Tetrametil Acetiloktahidronaftalene<\/p>\n<div class=\"expander_title___5Kmz\"><strong>Si t\u00eb p\u00ebrdoren?<\/strong><\/div>\n<div class=\"expander_content__dB5dn\">\n<div class=\"expander_innerNoScroll__2BEp8\">\n<div class=\"richtext_richText__EPidn\">\n<p>P\u00ebrhapni nj\u00eb sasi t\u00eb vog\u00ebl n\u00eb p\u00ebll\u00ebmb\u00ebt e duarve, dhe aplikoni nj\u00ebtrajtsh\u00ebm n\u00eb flok\u00eb t\u00eb tamponuar apo t\u00eb that\u00eb.<\/p>\n<\/div>\n<\/div>\n<\/div>\n<\/div>\n<\/div>\n<\/div>","protected":false},"excerpt":{"rendered":"<p>P\u00ebrqafoni nj\u00eb stil t\u00eb leht\u00eb me Good Fibes, nj\u00eb past\u00eb fibre shum\u00ebfunksionale e projektuar p\u00ebr t\u00eb skalitur dhe form\u00ebsuar flok\u00ebt tuaj me leht\u00ebsi. Kjo past\u00eb inovative ofron nj\u00eb fiksim natyral dhe t\u00eb l\u00ebvizsh\u00ebm, duke ju lejuar t\u00eb krijoni pamje t\u00eb ndryshme pa ngurt\u00ebsi ose k\u00ebrcitje.<\/p>\n<p>I pasuruar me Pantenol p\u00ebr ushqim shtes\u00eb dhe fibra p\u00ebr fiksim fleksib\u00ebl, \u00ebsht\u00eb perfekt p\u00ebr t\u00eb krijuar tekstura t\u00eb \u00e7rregullta ose p\u00ebr t\u00eb p\u00ebrcaktuar stile t\u00eb sakta.<\/p>\n<p>Ideale p\u00ebr t\u00eb gjitha llojet e flok\u00ebve, ve\u00e7an\u00ebrisht p\u00ebr modelet m\u00eb t\u00eb shkurtra t\u00eb flok\u00ebve. Shijoni arom\u00ebn freskuese t\u00eb Citrus Meadow nd\u00ebrsa eksploroni mund\u00ebsi t\u00eb pafundme stilimi.<\/p>\n<p>Fibrat e Mira jan\u00eb nj\u00eb alternativ\u00eb p\u00ebr Form\u00ebsimin e Fibrave.<\/p>","protected":false},"featured_media":976,"comment_status":"open","ping_status":"closed","template":"","meta":[],"product_brand":[],"product_cat":[19,132,158,105,149],"product_tag":[],"class_list":{"0":"post-975","1":"product","2":"type-product","3":"status-publish","4":"has-post-thumbnail","6":"product_cat-hair-styling","7":"product_cat-keune-style","8":"product_cat-paste","9":"product_cat-styling","10":"product_cat-wax-styling","12":"first","13":"instock","14":"shipping-taxable","15":"purchasable","16":"product-type-simple"},"_links":{"self":[{"href":"https:\/\/keune.al\/sq\/wp-json\/wp\/v2\/product\/975","targetHints":{"allow":["GET"]}}],"collection":[{"href":"https:\/\/keune.al\/sq\/wp-json\/wp\/v2\/product"}],"about":[{"href":"https:\/\/keune.al\/sq\/wp-json\/wp\/v2\/types\/product"}],"replies":[{"embeddable":true,"href":"https:\/\/keune.al\/sq\/wp-json\/wp\/v2\/comments?post=975"}],"wp:featuredmedia":[{"embeddable":true,"href":"https:\/\/keune.al\/sq\/wp-json\/wp\/v2\/media\/976"}],"wp:attachment":[{"href":"https:\/\/keune.al\/sq\/wp-json\/wp\/v2\/media?parent=975"}],"wp:term":[{"taxonomy":"product_brand","embeddable":true,"href":"https:\/\/keune.al\/sq\/wp-json\/wp\/v2\/product_brand?post=975"},{"taxonomy":"product_cat","embeddable":true,"href":"https:\/\/keune.al\/sq\/wp-json\/wp\/v2\/product_cat?post=975"},{"taxonomy":"product_tag","embeddable":true,"href":"https:\/\/keune.al\/sq\/wp-json\/wp\/v2\/product_tag?post=975"}],"curies":[{"name":"wp","href":"https:\/\/api.w.org\/{rel}","templated":true}]}}