{"id":971,"date":"2025-09-21T00:24:04","date_gmt":"2025-09-21T00:24:04","guid":{"rendered":"https:\/\/keune.al\/?post_type=product&#038;p=971"},"modified":"2025-11-22T20:21:49","modified_gmt":"2025-11-22T20:21:49","slug":"madhesia-e-udhetimit-te-pastes-se-fuqishme","status":"publish","type":"product","link":"https:\/\/keune.al\/sq\/produkt\/madhesia-e-udhetimit-te-pastes-se-fuqishme\/","title":{"rendered":"Power Paste \u2013 madh\u00ebsi p\u00ebr udh\u00ebtime"},"content":{"rendered":"<div class=\"expander_title___5Kmz\"><strong>P\u00ebrb\u00ebr\u00ebsit<\/strong><\/div>\n<div class=\"expander_content__dB5dn\">\n<div class=\"expander_innerNoScroll__2BEp8\">\n<div class=\"richtext_richText__EPidn\">\n<p>Uj\u00eb (Uj\u00eb), Kopolimer VP\/VA, Alkool Cetearil, Kopolimer Akrilatesh, Vaj Farash Ricinus Communis (Ricini), Triakontanil PVP, Polisorbat 80, Izostearat Sorbitani, PEG-150 Pentaeritritil Tetrastearat, Ceteareth-20, Fenoksietanol, Aminometil Propanol, Kopolimer Akrilate\/Beheneth-25 Metakrilat, Parfum (Arom\u00eb), Dipropilen Glikol, Vaj Ricini i Hidrogjenizuar, Acid Citrik, Etilheksilglicerin\u00eb, Dyll\u00eb Copernicia Cerifera (Karnauba), Protein\u00eb Bizeleje e Hidrolizuar, Protein\u00eb Bimore e Hidrolizuar, Oktenidin\u00eb HCl, Benzoat Natriumi, Sorbat Kaliumi, Acetil Cedren, Anetol, Acetat Geranil, Acetat Linalil, Mentol, Tetrametil Acetiloktahidronaftalene.<\/p>\n<div class=\"expander_title___5Kmz\"><strong>Si t\u00eb p\u00ebrdoren?<\/strong><\/div>\n<div class=\"expander_content__dB5dn\">\n<div class=\"expander_innerNoScroll__2BEp8\">\n<div class=\"richtext_richText__EPidn\">\n<p>P\u00ebrhapni nj\u00eb sasi t\u00eb vog\u00ebl n\u00eb p\u00ebll\u00ebmb\u00ebt e duarve, dhe aplikoni nj\u00ebtrajtsh\u00ebm n\u00eb flok\u00eb t\u00eb tamponuar apo t\u00eb that\u00eb.<\/p>\n<\/div>\n<\/div>\n<\/div>\n<\/div>\n<\/div>\n<\/div>","protected":false},"excerpt":{"rendered":"<p>Ne kemi arritur kulmin me past\u00ebn ton\u00eb teksturuese t\u00eb flokut! Vet\u00ebm nj\u00eb sasi e vog\u00ebl siguron ruajtje t\u00eb modelit, q\u00eb fiksohet menj\u00ebher\u00eb dhe zgjat deri n\u00eb 48 or\u00eb.<\/p>\n<p>Kjo past\u00eb Keune \u00ebsht\u00eb rezistente ndaj ujit dhe krijon nj\u00eb tekstur\u00eb super mat duke funksionuar n\u00eb t\u00eb gjitha llojet e flokut. Perfekte p\u00ebr gjat\u00ebsi floku t\u00eb shkurt\u00ebr deri n\u00eb mesatar, siguron q\u00eb stili juaj t\u00eb q\u00ebndroj\u00eb i fort\u00eb gjat\u00eb gjith\u00eb dit\u00ebs. E pasuruar me nj\u00eb arom\u00eb magjeps\u00ebse Cardamon Spell, ajo kombinon q\u00ebndrueshm\u00ebrin\u00eb dhe nj\u00eb p\u00ebrfundim super mat p\u00ebr nj\u00eb pamje t\u00eb pakrahasueshme.<\/p>\n<p>P\u00ebr m\u00eb shum\u00eb shk\u00eblqim n\u00eb pamjen tuaj, kombinoni Power Paste me Gloss Guard.<\/p>","protected":false},"featured_media":974,"comment_status":"open","ping_status":"closed","template":"","meta":[],"product_brand":[],"product_cat":[19,180],"product_tag":[],"class_list":{"0":"post-971","1":"product","2":"type-product","3":"status-publish","4":"has-post-thumbnail","6":"product_cat-hair-styling","7":"product_cat-paste-hair-styling","8":"pa_variant-150ml","9":"pa_variant-50ml","11":"first","12":"instock","13":"shipping-taxable","14":"purchasable","15":"product-type-variable","16":"has-default-attributes"},"_links":{"self":[{"href":"https:\/\/keune.al\/sq\/wp-json\/wp\/v2\/product\/971","targetHints":{"allow":["GET"]}}],"collection":[{"href":"https:\/\/keune.al\/sq\/wp-json\/wp\/v2\/product"}],"about":[{"href":"https:\/\/keune.al\/sq\/wp-json\/wp\/v2\/types\/product"}],"replies":[{"embeddable":true,"href":"https:\/\/keune.al\/sq\/wp-json\/wp\/v2\/comments?post=971"}],"wp:featuredmedia":[{"embeddable":true,"href":"https:\/\/keune.al\/sq\/wp-json\/wp\/v2\/media\/974"}],"wp:attachment":[{"href":"https:\/\/keune.al\/sq\/wp-json\/wp\/v2\/media?parent=971"}],"wp:term":[{"taxonomy":"product_brand","embeddable":true,"href":"https:\/\/keune.al\/sq\/wp-json\/wp\/v2\/product_brand?post=971"},{"taxonomy":"product_cat","embeddable":true,"href":"https:\/\/keune.al\/sq\/wp-json\/wp\/v2\/product_cat?post=971"},{"taxonomy":"product_tag","embeddable":true,"href":"https:\/\/keune.al\/sq\/wp-json\/wp\/v2\/product_tag?post=971"}],"curies":[{"name":"wp","href":"https:\/\/api.w.org\/{rel}","templated":true}]}}