{"id":968,"date":"2025-09-21T00:22:58","date_gmt":"2025-09-21T00:22:58","guid":{"rendered":"https:\/\/keune.al\/?post_type=product&#038;p=968"},"modified":"2025-11-22T20:43:31","modified_gmt":"2025-11-22T20:43:31","slug":"stardust-8g","status":"publish","type":"product","link":"https:\/\/keune.al\/sq\/produkt\/stardust-8g\/","title":{"rendered":"Stardust 8g"},"content":{"rendered":"<div class=\"expander_title___5Kmz\"><strong>P\u00ebrb\u00ebr\u00ebsit<\/strong><\/div>\n<div class=\"expander_content__dB5dn\">\n<div class=\"expander_innerNoScroll__2BEp8\">\n<div class=\"richtext_richText__EPidn\">\n<p>Aqua (Uj\u00eb), Glycerin, Silica Silylate, Methylpropanediol, Panthenol, Vp\/Va Copolymer, Ethylhexylglycerin, Phenoxyethanol, Disodium Edta.<\/p>\n<div class=\"expander_title___5Kmz\"><strong>Si t\u00eb p\u00ebrdoren?<\/strong><\/div>\n<div class=\"expander_content__dB5dn\">\n<div class=\"expander_innerNoScroll__2BEp8\">\n<div class=\"richtext_richText__EPidn\">\n<p>P\u00ebrdoreni n\u00eb flok\u00eb t\u00eb that\u00eb. Sp\u00ebrkateni n\u00eb rr\u00ebnj\u00eb dhe masazhojeni me majat e gishtave.<\/p>\n<\/div>\n<\/div>\n<\/div>\n<\/div>\n<\/div>\n<\/div>","protected":false},"excerpt":{"rendered":"<p>Prezantojm\u00eb Stardust, pudr\u00ebn p\u00ebr volum nga Keune p\u00ebr tekstur\u00eb pa pesh\u00eb, ngritje t\u00eb menj\u00ebhershme dhe volum q\u00eb zgjat. Me aplikuesin e saj t\u00eb sakt\u00eb, kjo pud\u00ebr inovative ju lejon t\u00eb synoni zona specifike p\u00ebr m\u00eb shum\u00eb volum pik\u00ebrisht aty ku keni nevoj\u00eb. Ideale p\u00ebr flok\u00eb t\u00eb holl\u00eb deri n\u00eb normal\u00eb dhe e p\u00ebrshtatshme p\u00ebr t\u00eb gjitha gjat\u00ebsit\u00eb.<\/p>\n<p>Stardust ofron nj\u00eb p\u00ebrfundim mat pa mbetje, \u00ebsht\u00eb pa arom\u00eb dhe perfekt p\u00ebr t\u00eb krijuar pamje voluminoze dhe me tekstur\u00eb. P\u00ebr fiksim shtes\u00eb dhe nj\u00eb efekt ultra mat, thjesht p\u00ebrzieni nj\u00eb doz\u00eb Stardust me argjil\u00ebn ose past\u00ebn tuaj t\u00eb preferuar.<\/p>\n<p>Stardust \u00ebsht\u00eb versioni i p\u00ebrmir\u00ebsuar i Precision Powder dhe Volume Powder.<\/p>","protected":false},"featured_media":969,"comment_status":"open","ping_status":"closed","template":"","meta":[],"product_brand":[],"product_cat":[19,126,121,160,182],"product_tag":[],"class_list":{"0":"post-968","1":"product","2":"type-product","3":"status-publish","4":"has-post-thumbnail","6":"product_cat-hair-styling","7":"product_cat-more-volume","8":"product_cat-result","9":"product_cat-volume-powder","10":"product_cat-volume-powder-hair-styling","12":"first","13":"instock","14":"shipping-taxable","15":"purchasable","16":"product-type-simple"},"_links":{"self":[{"href":"https:\/\/keune.al\/sq\/wp-json\/wp\/v2\/product\/968","targetHints":{"allow":["GET"]}}],"collection":[{"href":"https:\/\/keune.al\/sq\/wp-json\/wp\/v2\/product"}],"about":[{"href":"https:\/\/keune.al\/sq\/wp-json\/wp\/v2\/types\/product"}],"replies":[{"embeddable":true,"href":"https:\/\/keune.al\/sq\/wp-json\/wp\/v2\/comments?post=968"}],"wp:featuredmedia":[{"embeddable":true,"href":"https:\/\/keune.al\/sq\/wp-json\/wp\/v2\/media\/969"}],"wp:attachment":[{"href":"https:\/\/keune.al\/sq\/wp-json\/wp\/v2\/media?parent=968"}],"wp:term":[{"taxonomy":"product_brand","embeddable":true,"href":"https:\/\/keune.al\/sq\/wp-json\/wp\/v2\/product_brand?post=968"},{"taxonomy":"product_cat","embeddable":true,"href":"https:\/\/keune.al\/sq\/wp-json\/wp\/v2\/product_cat?post=968"},{"taxonomy":"product_tag","embeddable":true,"href":"https:\/\/keune.al\/sq\/wp-json\/wp\/v2\/product_tag?post=968"}],"curies":[{"name":"wp","href":"https:\/\/api.w.org\/{rel}","templated":true}]}}