{"id":966,"date":"2025-09-21T00:18:21","date_gmt":"2025-09-21T00:18:21","guid":{"rendered":"https:\/\/keune.al\/?post_type=product&#038;p=966"},"modified":"2025-11-22T20:52:27","modified_gmt":"2025-11-22T20:52:27","slug":"1922-by-j-m-keune-refreshing-conditioner-250ml","status":"publish","type":"product","link":"https:\/\/keune.al\/sq\/produkt\/1922-by-j-m-keune-refreshing-conditioner-250ml\/","title":{"rendered":"1922 By J.M. Keune Refreshing Balsam"},"content":{"rendered":"<div class=\"expander_title___5Kmz\"><strong>P\u00ebrb\u00ebr\u00ebsit<\/strong><\/div>\n<div class=\"expander_content__dB5dn\">\n<div class=\"expander_innerNoScroll__2BEp8\">\n<div class=\"richtext_richText__EPidn\">\n<p>Uj\u00eb (Aqua), Alkool Cetearil, Glicerin\u00eb, Polikuaternium-37, Klorur Cetrimoniumi, Vaj Mineral (Paraffinum Liquidum), Ceteareth-20, Gjalp\u00eb Shea (Butyrospermum Parkii), Klorur Distearildimoniumi, Skualan, Benzoat Natriumi, Mentol, PPG-1 Trideceth-6, Vaj Mente (Mentha Piperita), Vaj Ricini i Hidrogjenizuar PEG-60, Propilen Glikol, Acid Citrik, Kreatin\u00eb, Ekstrakt Mente (Mentha Piperita), Sorbat Kaliumi.<\/p>\n<div class=\"expander_title___5Kmz\"><strong>Si t\u00eb p\u00ebrdoren?<\/strong><\/div>\n<div class=\"expander_content__dB5dn\">\n<div class=\"expander_innerNoScroll__2BEp8\">\n<div class=\"richtext_richText__EPidn\">\n<p>Pasi t\u00eb keni lar\u00eb flok\u00ebt me shampo freskuese, f\u00ebrkoni pak balsam freskues n\u00eb flok\u00eb dhe l\u00ebreni t\u00eb veproj\u00eb p\u00ebr 1-3 minuta. Shp\u00eblajeni mir\u00eb. Shmangni kontaktin me syt\u00eb.<\/p>\n<\/div>\n<\/div>\n<\/div>\n<\/div>\n<\/div>\n<\/div>","protected":false},"excerpt":{"rendered":"<div class=\"richtext_richText__EPidn productInfo_productDescription__IBA5t\">\n<p>A perfect partner with Refreshing Shampoo from 1922 by J.M. Keune, our Refreshing Conditioner reinforces the shampoo\u2019s strengthening power and invigorating sensation. Our formula includes creatine, which decreases hair breakage, which starts to happen as we hit our 20\u2019s and 30\u2019s. Then there\u2019s the peppermint and menthol \u2013 to wake up the scalp and improve circulation. And it feels great, too.<\/p>\n<\/div>","protected":false},"featured_media":967,"comment_status":"open","ping_status":"closed","template":"","meta":[],"product_brand":[],"product_cat":[184,98,92,161],"product_tag":[],"class_list":{"0":"post-966","1":"product","2":"type-product","3":"status-publish","4":"has-post-thumbnail","6":"product_cat-conditioner-men-2","7":"product_cat-conditioners","8":"product_cat-hair-care","9":"product_cat-men","11":"first","12":"instock","13":"shipping-taxable","14":"purchasable","15":"product-type-variable","16":"has-default-attributes"},"_links":{"self":[{"href":"https:\/\/keune.al\/sq\/wp-json\/wp\/v2\/product\/966","targetHints":{"allow":["GET"]}}],"collection":[{"href":"https:\/\/keune.al\/sq\/wp-json\/wp\/v2\/product"}],"about":[{"href":"https:\/\/keune.al\/sq\/wp-json\/wp\/v2\/types\/product"}],"replies":[{"embeddable":true,"href":"https:\/\/keune.al\/sq\/wp-json\/wp\/v2\/comments?post=966"}],"wp:featuredmedia":[{"embeddable":true,"href":"https:\/\/keune.al\/sq\/wp-json\/wp\/v2\/media\/967"}],"wp:attachment":[{"href":"https:\/\/keune.al\/sq\/wp-json\/wp\/v2\/media?parent=966"}],"wp:term":[{"taxonomy":"product_brand","embeddable":true,"href":"https:\/\/keune.al\/sq\/wp-json\/wp\/v2\/product_brand?post=966"},{"taxonomy":"product_cat","embeddable":true,"href":"https:\/\/keune.al\/sq\/wp-json\/wp\/v2\/product_cat?post=966"},{"taxonomy":"product_tag","embeddable":true,"href":"https:\/\/keune.al\/sq\/wp-json\/wp\/v2\/product_tag?post=966"}],"curies":[{"name":"wp","href":"https:\/\/api.w.org\/{rel}","templated":true}]}}