{"id":963,"date":"2025-09-21T00:18:03","date_gmt":"2025-09-21T00:18:03","guid":{"rendered":"https:\/\/keune.al\/?post_type=product&#038;p=963"},"modified":"2025-11-22T20:52:57","modified_gmt":"2025-11-22T20:52:57","slug":"1922-by-j-m-keune-essential-conditioner-250ml","status":"publish","type":"product","link":"https:\/\/keune.al\/sq\/produkt\/1922-by-j-m-keune-essential-conditioner-250ml\/","title":{"rendered":"1922 By J.M. Keune Essential Balsam"},"content":{"rendered":"<div class=\"expander_title___5Kmz\"><strong>P\u00ebrb\u00ebr\u00ebsit<\/strong><\/div>\n<div class=\"expander_content__dB5dn\">\n<div class=\"expander_innerNoScroll__2BEp8\">\n<div class=\"richtext_richText__EPidn\">\n<p>Uj\u00eb (Aqua), Alkool Cetearil, Vaj Mineral (Paraffinum Liquidum), Klorur Cetrimoniumi, Klorur Behentrimoniumi, Acid Citrik, Kreatin\u00eb, Benzoat Natriumi, Parfum (Arom\u00eb), Gjalp\u00eb Shea (Butyrospermum Parkii), Alkool Izopropilik, Dipropilen Glikol, Polikuaternium-37, Polikuaternium-10, PPG-1 Trideceth-6, Citrat Trietil, Linalool.<\/p>\n<div class=\"expander_title___5Kmz\"><strong>Si t\u00eb p\u00ebrdoren?<\/strong><\/div>\n<div class=\"expander_content__dB5dn\">\n<div class=\"expander_innerNoScroll__2BEp8\">\n<div class=\"richtext_richText__EPidn\">\n<p>Pas pastrimit, masazhojeni n\u00eb flok\u00eb (dhe mjek\u00ebr) dhe l\u00ebreni t\u00eb veproj\u00eb p\u00ebr t\u00eb pakt\u00ebn 1 minut\u00eb. Shp\u00eblajeni mir\u00eb.<\/p>\n<\/div>\n<\/div>\n<\/div>\n<\/div>\n<\/div>\n<\/div>","protected":false},"excerpt":{"rendered":"<p>Pra, keni zgjedhur shampon tuaj t\u00eb preferuar 1922 nga JM Keune, me t\u00eb gjitha ato p\u00ebrb\u00ebr\u00ebs t\u00eb mir\u00eb q\u00eb ushqejn\u00eb dhe forcojn\u00eb flok\u00ebt. Ky \u00ebsht\u00eb vet\u00ebm fillimi i vendosjes s\u00eb flok\u00ebve n\u00eb nj\u00eb form\u00eb t\u00eb shk\u00eblqyer. Balsami yn\u00eb thelb\u00ebsor ka at\u00eb q\u00eb duhet p\u00ebr t\u00eb mbajtur flok\u00ebt n\u00ebn kontroll dhe gati p\u00ebr t&#039;u p\u00ebrballur me nj\u00eb dit\u00eb t\u00eb re. Tani \u00ebsht\u00eb koha p\u00ebr t\u00eb shtuar ushqimin dhe gjithashtu p\u00ebr t&#039;u dh\u00ebn\u00eb flok\u00ebve nj\u00eb doz\u00eb tjet\u00ebr forcimi me kreatin\u00eb. Dhe mos harroni t\u00eb trajtoni mjekr\u00ebn tuaj - sepse edhe qimet e fytyr\u00ebs meritojn\u00eb pak kujdes shtes\u00eb me dashuri.<\/p>","protected":false},"featured_media":964,"comment_status":"open","ping_status":"closed","template":"","meta":[],"product_brand":[],"product_cat":[184,98,92,161],"product_tag":[175],"class_list":{"0":"post-963","1":"product","2":"type-product","3":"status-publish","4":"has-post-thumbnail","6":"product_cat-conditioner-men-2","7":"product_cat-conditioners","8":"product_cat-hair-care","9":"product_cat-men","10":"product_tag-250ml","12":"first","13":"instock","14":"shipping-taxable","15":"purchasable","16":"product-type-variable","17":"has-default-attributes"},"_links":{"self":[{"href":"https:\/\/keune.al\/sq\/wp-json\/wp\/v2\/product\/963","targetHints":{"allow":["GET"]}}],"collection":[{"href":"https:\/\/keune.al\/sq\/wp-json\/wp\/v2\/product"}],"about":[{"href":"https:\/\/keune.al\/sq\/wp-json\/wp\/v2\/types\/product"}],"replies":[{"embeddable":true,"href":"https:\/\/keune.al\/sq\/wp-json\/wp\/v2\/comments?post=963"}],"wp:featuredmedia":[{"embeddable":true,"href":"https:\/\/keune.al\/sq\/wp-json\/wp\/v2\/media\/964"}],"wp:attachment":[{"href":"https:\/\/keune.al\/sq\/wp-json\/wp\/v2\/media?parent=963"}],"wp:term":[{"taxonomy":"product_brand","embeddable":true,"href":"https:\/\/keune.al\/sq\/wp-json\/wp\/v2\/product_brand?post=963"},{"taxonomy":"product_cat","embeddable":true,"href":"https:\/\/keune.al\/sq\/wp-json\/wp\/v2\/product_cat?post=963"},{"taxonomy":"product_tag","embeddable":true,"href":"https:\/\/keune.al\/sq\/wp-json\/wp\/v2\/product_tag?post=963"}],"curies":[{"name":"wp","href":"https:\/\/api.w.org\/{rel}","templated":true}]}}