{"id":958,"date":"2025-09-21T00:14:15","date_gmt":"2025-09-21T00:14:15","guid":{"rendered":"https:\/\/keune.al\/?post_type=product&#038;p=958"},"modified":"2025-11-22T20:57:25","modified_gmt":"2025-11-22T20:57:25","slug":"1922-by-j-m-keune-classic-gel-150ml","status":"publish","type":"product","link":"https:\/\/keune.al\/sq\/produkt\/1922-by-j-m-keune-classic-gel-150ml\/","title":{"rendered":"1922 By J.M. Keune Classic Gel 150ml"},"content":{"rendered":"<div class=\"expander_title___5Kmz\"><strong>P\u00ebrb\u00ebr\u00ebsit<\/strong><\/div>\n<div class=\"expander_content__dB5dn\">\n<div class=\"expander_innerNoScroll__2BEp8\">\n<div class=\"richtext_richText__EPidn\">\n<p>Uj\u00eb (Aqua), PVP, Kopolimer Akrilate\/Steareth-20 Itakonat, Glicerin\u00eb, Kopolimer Oktilakrilamid\/Akrilate\/Butilaminoetil Metakrilat, Vaj Ricini i Hidrogjenizuar PEG-40, Fenoksietanol, Aminometil Propanol, Parfum (Arom\u00eb), Dipropilen Glikol, Kreatin\u00eb, Metil Gluceth-10, Etilheksilglicerin\u00eb, Trietil Citrat, Kumarin\u00eb, Hidroksicitronelal, Linalool.<\/p>\n<div class=\"expander_title___5Kmz\"><strong>Si t\u00eb p\u00ebrdoren?<\/strong><\/div>\n<div class=\"expander_content__dB5dn\">\n<div class=\"expander_innerNoScroll__2BEp8\">\n<div class=\"richtext_richText__EPidn\">\n<p>Aplikojeni n\u00eb flok\u00eb t\u00eb lagur ose t\u00eb njom\u00eb. Stilojeni dhe formojeni sipas d\u00ebshir\u00ebs.<\/p>\n<\/div>\n<\/div>\n<\/div>\n<\/div>\n<\/div>\n<\/div>","protected":false},"excerpt":{"rendered":"<p>T\u00eb krehura anash, qimet e zbutura q\u00eb fluturojn\u00eb \u2013 apo edhe ajo pamje e krehur prapa (ose lart). Xheli yn\u00eb klasik mund t\u00eb p\u00ebrdoret vet\u00ebm, ose si nj\u00eb prekje p\u00ebrfundimtare n\u00eb kombinim me past\u00ebn, argjil\u00ebn ose pomad\u00ebn ton\u00eb. I formuluar me kreatin\u00eb p\u00ebr t\u00eb mbajtur flok\u00ebt t\u00eb fort\u00eb. P\u00ebr flok\u00eb t\u00eb shkurt\u00ebr deri n\u00eb t\u00eb mes\u00ebm.<\/p>","protected":false},"featured_media":962,"comment_status":"open","ping_status":"closed","template":"","meta":[],"product_brand":[],"product_cat":[185,181,19,161],"product_tag":[],"class_list":{"0":"post-958","1":"product","2":"type-product","3":"status-publish","4":"has-post-thumbnail","6":"product_cat-gel-men-2","7":"product_cat-gel-hair-styling","8":"product_cat-hair-styling","9":"product_cat-men","10":"pa_variant-200ml","11":"pa_variant-50ml","13":"first","14":"instock","15":"shipping-taxable","16":"purchasable","17":"product-type-simple"},"_links":{"self":[{"href":"https:\/\/keune.al\/sq\/wp-json\/wp\/v2\/product\/958","targetHints":{"allow":["GET"]}}],"collection":[{"href":"https:\/\/keune.al\/sq\/wp-json\/wp\/v2\/product"}],"about":[{"href":"https:\/\/keune.al\/sq\/wp-json\/wp\/v2\/types\/product"}],"replies":[{"embeddable":true,"href":"https:\/\/keune.al\/sq\/wp-json\/wp\/v2\/comments?post=958"}],"wp:featuredmedia":[{"embeddable":true,"href":"https:\/\/keune.al\/sq\/wp-json\/wp\/v2\/media\/962"}],"wp:attachment":[{"href":"https:\/\/keune.al\/sq\/wp-json\/wp\/v2\/media?parent=958"}],"wp:term":[{"taxonomy":"product_brand","embeddable":true,"href":"https:\/\/keune.al\/sq\/wp-json\/wp\/v2\/product_brand?post=958"},{"taxonomy":"product_cat","embeddable":true,"href":"https:\/\/keune.al\/sq\/wp-json\/wp\/v2\/product_cat?post=958"},{"taxonomy":"product_tag","embeddable":true,"href":"https:\/\/keune.al\/sq\/wp-json\/wp\/v2\/product_tag?post=958"}],"curies":[{"name":"wp","href":"https:\/\/api.w.org\/{rel}","templated":true}]}}