{"id":952,"date":"2025-09-21T00:10:17","date_gmt":"2025-09-21T00:10:17","guid":{"rendered":"https:\/\/keune.al\/?post_type=product&#038;p=952"},"modified":"2025-11-22T20:57:14","modified_gmt":"2025-11-22T20:57:14","slug":"madhesia-e-udhetimit-te-bllokimit-te-kokes","status":"publish","type":"product","link":"https:\/\/keune.al\/sq\/produkt\/madhesia-e-udhetimit-te-bllokimit-te-kokes\/","title":{"rendered":"Head Lock - madh\u00ebsia p\u00ebr udh\u00ebtime"},"content":{"rendered":"<div class=\"expander_title___5Kmz\"><strong>P\u00ebrb\u00ebr\u00ebsit<\/strong><\/div>\n<div class=\"expander_content__dB5dn\">\n<div class=\"expander_innerNoScroll__2BEp8\">\n<div class=\"richtext_richText__EPidn\">\n<p>Uj\u00eb (Aqua), Polikuaternium-11, Fenoksietanol, Karbomer, Hidroksid Natriumi, Vaj Ricini i Hidrogjenizuar PEG-40, Etilheksilglicerin\u00eb, Parfum (Arom\u00eb), Dipropilen Glikol, Tetranatrium EDTA, Kaprilil Glikol, Acetil Cedren, Acetat Linalil, Mentol, Tetrametil Acetiloktahidronaftalene.<\/p>\n<div class=\"expander_title___5Kmz\"><strong>Si t\u00eb p\u00ebrdoren?<\/strong><\/div>\n<div class=\"expander_content__dB5dn\">\n<div class=\"expander_innerNoScroll__2BEp8\">\n<div class=\"richtext_richText__EPidn\">\n<p>P\u00ebrhapni nj\u00eb sasi t\u00eb vog\u00ebl n\u00eb p\u00ebll\u00ebmb\u00ebt e duarve, dhe aplikoni nj\u00ebtrajtsh\u00ebm n\u00eb flok\u00eb t\u00eb tamponuar apo t\u00eb that\u00eb.<\/p>\n<\/div>\n<\/div>\n<\/div>\n<\/div>\n<\/div>\n<\/div>","protected":false},"excerpt":{"rendered":"<p>Ky xhel stilimi shum\u00ebfunksional mund t\u00eb p\u00ebrdoret p\u00ebr t\u00eb formuar, mbajtur ose edhe p\u00ebr t'i thar\u00eb flok\u00ebt me thar\u00ebse floku, duke ofruar mbrojtje nga nxeht\u00ebsia deri n\u00eb 230\u00b0C\/446\u00b0F. Ai siguron nj\u00eb mbajtje mesatare dhe nj\u00eb p\u00ebrfundim ultra t\u00eb shndritsh\u00ebm, duke e b\u00ebr\u00eb ideal p\u00ebr t\u00eb gjitha gjat\u00ebsit\u00eb dhe llojet e flokut - duke p\u00ebrfshir\u00eb flokun ka\u00e7urrel, ku \u00ebsht\u00eb perfekt p\u00ebr t'i shtuar p\u00ebrkufizim dhe mbajtje.<\/p>\n<p>I pasuruar me arom\u00ebn magjeps\u00ebse t\u00eb Cardamon Spell.<\/p>\n<p>Head Lock \u00ebsht\u00eb versioni i p\u00ebrmir\u00ebsuar i Ultra Gel.<\/p>","protected":false},"featured_media":955,"comment_status":"open","ping_status":"closed","template":"","meta":[],"product_brand":[],"product_cat":[181,185,19,161],"product_tag":[],"class_list":{"0":"post-952","1":"product","2":"type-product","3":"status-publish","4":"has-post-thumbnail","6":"product_cat-gel-hair-styling","7":"product_cat-gel-men-2","8":"product_cat-hair-styling","9":"product_cat-men","10":"pa_variant-200ml","11":"pa_variant-50ml","13":"first","14":"instock","15":"shipping-taxable","16":"purchasable","17":"product-type-variable","18":"has-default-attributes"},"_links":{"self":[{"href":"https:\/\/keune.al\/sq\/wp-json\/wp\/v2\/product\/952","targetHints":{"allow":["GET"]}}],"collection":[{"href":"https:\/\/keune.al\/sq\/wp-json\/wp\/v2\/product"}],"about":[{"href":"https:\/\/keune.al\/sq\/wp-json\/wp\/v2\/types\/product"}],"replies":[{"embeddable":true,"href":"https:\/\/keune.al\/sq\/wp-json\/wp\/v2\/comments?post=952"}],"wp:featuredmedia":[{"embeddable":true,"href":"https:\/\/keune.al\/sq\/wp-json\/wp\/v2\/media\/955"}],"wp:attachment":[{"href":"https:\/\/keune.al\/sq\/wp-json\/wp\/v2\/media?parent=952"}],"wp:term":[{"taxonomy":"product_brand","embeddable":true,"href":"https:\/\/keune.al\/sq\/wp-json\/wp\/v2\/product_brand?post=952"},{"taxonomy":"product_cat","embeddable":true,"href":"https:\/\/keune.al\/sq\/wp-json\/wp\/v2\/product_cat?post=952"},{"taxonomy":"product_tag","embeddable":true,"href":"https:\/\/keune.al\/sq\/wp-json\/wp\/v2\/product_tag?post=952"}],"curies":[{"name":"wp","href":"https:\/\/api.w.org\/{rel}","templated":true}]}}