{"id":950,"date":"2025-09-21T00:08:03","date_gmt":"2025-09-21T00:08:03","guid":{"rendered":"https:\/\/keune.al\/?post_type=product&#038;p=950"},"modified":"2025-11-22T20:55:36","modified_gmt":"2025-11-22T20:55:36","slug":"the-rock","status":"publish","type":"product","link":"https:\/\/keune.al\/sq\/produkt\/the-rock\/","title":{"rendered":"Shk\u00ebmbi"},"content":{"rendered":"<div class=\"expander_title___5Kmz\"><strong>P\u00ebrb\u00ebr\u00ebsit<\/strong><\/div>\n<div class=\"expander_content__dB5dn\">\n<div class=\"expander_innerNoScroll__2BEp8\">\n<div class=\"richtext_richText__EPidn\">\n<p>Aqua (Water), PVP, PEG-40 Hydrogenated Castor Oil, Acrylates\/Steareth-20 Itaconate Copolymer, Glycerin, Octylacrylamide\/Acrylates\/ Butylaminoethyl Methacrylate Copolymer, Aminomethyl Propanol, Phenoxyethanol, Parfum (Fragrance), Dipropylene Glycol, Methyl Gluceth-10, Acetyl Cedrene, Anethole, Linalyl Acetate, Menthol, Tetramethyl Acetyloctahydronaphthalenes.<\/p>\n<div class=\"expander_title___5Kmz\"><strong>Si t\u00eb p\u00ebrdoren?<\/strong><\/div>\n<div class=\"expander_content__dB5dn\">\n<div class=\"expander_innerNoScroll__2BEp8\">\n<div class=\"richtext_richText__EPidn\">\n<p>Work through damp or dry hair. Blow-dry for natural-looking definition.<\/p>\n<\/div>\n<\/div>\n<\/div>\n<\/div>\n<\/div>\n<\/div>","protected":false},"excerpt":{"rendered":"<p>Discover The Rock, a powerful styling gel with ultimate hold and intense shine, infused with the spicy scent of Cardamon Spell. This high-performance styling gel is perfect for creating a sleek wet look or defined crunchy effect, with long-lasting hold and fast drying time.<\/p>\n<p>Apply to damp hair for a smooth, controlled finish. The Rock works best on short to medium-length hair and is suitable for all hair types.<\/p>\n<p>The Rock is the improved version of Triple X Gel.<\/p>","protected":false},"featured_media":951,"comment_status":"open","ping_status":"closed","template":"","meta":[],"product_brand":[],"product_cat":[185,181,19,161],"product_tag":[],"class_list":{"0":"post-950","1":"product","2":"type-product","3":"status-publish","4":"has-post-thumbnail","6":"product_cat-gel-men-2","7":"product_cat-gel-hair-styling","8":"product_cat-hair-styling","9":"product_cat-men","10":"pa_variant-200ml","11":"pa_variant-50ml","13":"first","14":"instock","15":"shipping-taxable","16":"purchasable","17":"product-type-variable","18":"has-default-attributes"},"_links":{"self":[{"href":"https:\/\/keune.al\/sq\/wp-json\/wp\/v2\/product\/950","targetHints":{"allow":["GET"]}}],"collection":[{"href":"https:\/\/keune.al\/sq\/wp-json\/wp\/v2\/product"}],"about":[{"href":"https:\/\/keune.al\/sq\/wp-json\/wp\/v2\/types\/product"}],"replies":[{"embeddable":true,"href":"https:\/\/keune.al\/sq\/wp-json\/wp\/v2\/comments?post=950"}],"wp:featuredmedia":[{"embeddable":true,"href":"https:\/\/keune.al\/sq\/wp-json\/wp\/v2\/media\/951"}],"wp:attachment":[{"href":"https:\/\/keune.al\/sq\/wp-json\/wp\/v2\/media?parent=950"}],"wp:term":[{"taxonomy":"product_brand","embeddable":true,"href":"https:\/\/keune.al\/sq\/wp-json\/wp\/v2\/product_brand?post=950"},{"taxonomy":"product_cat","embeddable":true,"href":"https:\/\/keune.al\/sq\/wp-json\/wp\/v2\/product_cat?post=950"},{"taxonomy":"product_tag","embeddable":true,"href":"https:\/\/keune.al\/sq\/wp-json\/wp\/v2\/product_tag?post=950"}],"curies":[{"name":"wp","href":"https:\/\/api.w.org\/{rel}","templated":true}]}}