{"id":947,"date":"2025-09-21T00:07:11","date_gmt":"2025-09-21T00:07:11","guid":{"rendered":"https:\/\/keune.al\/?post_type=product&#038;p=947"},"modified":"2025-11-22T21:01:52","modified_gmt":"2025-11-22T21:01:52","slug":"1922-by-j-m-keune-strong-hold-wax-100ml","status":"publish","type":"product","link":"https:\/\/keune.al\/sq\/produkt\/1922-by-j-m-keune-strong-hold-wax-100ml\/","title":{"rendered":"1922 By J.M. Keune Strong Hold Wax 100ml"},"content":{"rendered":"<div class=\"expander_title___5Kmz\"><strong>P\u00ebrb\u00ebr\u00ebsit<\/strong><\/div>\n<div class=\"expander_content__dB5dn\">\n<div class=\"expander_innerNoScroll__2BEp8\">\n<div class=\"richtext_richText__EPidn\">\n<p>Uj\u00eb (Aqua), Ceteareth-30, PEG-7 Gliceril Kokoat, Glicerin\u00eb, Kopolimer Oktilakrilamid\/Akrilate\/Butilaminoetil Metakrilat, Parafin\u00eb e L\u00ebngshme (Vaj Mineral), Dyll\u00eb Sintetike Blete, Parfum (Arom\u00eb), Dipropilen Glikol, Fenoksietanol, Aminometil Propanol, Kreatin\u00eb, Etilheksilglicerin\u00eb, Trietil Citrat, Oktenidin\u00eb HCl, CI 47000 (E Verdh\u00eb 11), CI 26100 (E Kuqe 17), Kumarin\u00eb, Geraniol, Hidroksicitronelal, Limonene, Linalool.<\/p>\n<div class=\"expander_title___5Kmz\"><strong>Si t\u00eb p\u00ebrdoren?<\/strong><\/div>\n<div class=\"expander_content__dB5dn\">\n<div class=\"expander_innerNoScroll__2BEp8\">\n<div class=\"richtext_richText__EPidn\">\n<p>P\u00ebrdoreni k\u00ebt\u00eb dyll n\u00eb flok\u00eb t\u00eb lagur ose t\u00eb that\u00eb. F\u00ebrkojeni fillimisht midis p\u00ebll\u00ebmb\u00ebve dhe m\u00eb pas shp\u00ebrndajeni n\u00ebp\u00ebr flok\u00eb.<\/p>\n<\/div>\n<\/div>\n<\/div>\n<\/div>\n<\/div>\n<\/div>","protected":false},"excerpt":{"rendered":"<p>Disa pamje kan\u00eb nevoj\u00eb p\u00ebr nj\u00eb fiksim t\u00eb fort\u00eb. Mund ta lini k\u00ebt\u00eb deri te Dylli i Fort\u00eb p\u00ebr Burra 1922 me besim t\u00eb plot\u00eb. Ky dyll flok\u00ebsh p\u00ebr burra i mban flok\u00ebt tuaj n\u00eb form\u00eb gjat\u00eb gjith\u00eb dit\u00ebs. Dhe sigurisht, nj\u00eb shk\u00eblqim i p\u00ebrsosur nuk duhet t\u00eb mungoj\u00eb. Ashtu si produktet tona t\u00eb tjera 1922, kjo formul\u00eb p\u00ebrmban edhe kreatin\u00eb - p\u00ebr t\u00eb ushqyer dhe forcuar flok\u00ebt tuaj. Dhe sigurisht arom\u00ebn e njohur 1922!<\/p>","protected":false},"featured_media":949,"comment_status":"open","ping_status":"closed","template":"","meta":[],"product_brand":[],"product_cat":[19,161,177,186],"product_tag":[],"class_list":{"0":"post-947","1":"product","2":"type-product","3":"status-publish","4":"has-post-thumbnail","6":"product_cat-hair-styling","7":"product_cat-men","8":"product_cat-wax-hair-styling","9":"product_cat-wax-men-2","11":"first","12":"instock","13":"shipping-taxable","14":"purchasable","15":"product-type-simple"},"_links":{"self":[{"href":"https:\/\/keune.al\/sq\/wp-json\/wp\/v2\/product\/947","targetHints":{"allow":["GET"]}}],"collection":[{"href":"https:\/\/keune.al\/sq\/wp-json\/wp\/v2\/product"}],"about":[{"href":"https:\/\/keune.al\/sq\/wp-json\/wp\/v2\/types\/product"}],"replies":[{"embeddable":true,"href":"https:\/\/keune.al\/sq\/wp-json\/wp\/v2\/comments?post=947"}],"wp:featuredmedia":[{"embeddable":true,"href":"https:\/\/keune.al\/sq\/wp-json\/wp\/v2\/media\/949"}],"wp:attachment":[{"href":"https:\/\/keune.al\/sq\/wp-json\/wp\/v2\/media?parent=947"}],"wp:term":[{"taxonomy":"product_brand","embeddable":true,"href":"https:\/\/keune.al\/sq\/wp-json\/wp\/v2\/product_brand?post=947"},{"taxonomy":"product_cat","embeddable":true,"href":"https:\/\/keune.al\/sq\/wp-json\/wp\/v2\/product_cat?post=947"},{"taxonomy":"product_tag","embeddable":true,"href":"https:\/\/keune.al\/sq\/wp-json\/wp\/v2\/product_tag?post=947"}],"curies":[{"name":"wp","href":"https:\/\/api.w.org\/{rel}","templated":true}]}}