{"id":945,"date":"2025-09-20T03:02:05","date_gmt":"2025-09-20T03:02:05","guid":{"rendered":"https:\/\/keune.al\/?post_type=product&#038;p=945"},"modified":"2025-11-22T21:01:25","modified_gmt":"2025-11-22T21:01:25","slug":"top-form-100ml","status":"publish","type":"product","link":"https:\/\/keune.al\/sq\/produkt\/top-form-100ml\/","title":{"rendered":"Top Form 100ml"},"content":{"rendered":"<div class=\"expander_title___5Kmz\"><strong>P\u00ebrb\u00ebr\u00ebsit<\/strong><\/div>\n<div class=\"expander_content__dB5dn\">\n<div class=\"expander_innerNoScroll__2BEp8\">\n<div class=\"richtext_richText__EPidn\">\n<p>Uj\u00eb (Aqua), Alkool Cetearilik, Bis-Digliceril Poliaciladipat-2, Dyll\u00eb Copernicia Cerifera (Carnauba), Ceteareth-25, PVP, Glicerin\u00eb, Propanediol, Kopolimer VP\/VA, Gjalp\u00eb Butyrospermum Parkii (Shea), Rosinat Glicerili, Undekan, Fenoksietanol, Ceteareth-20, Parfum (Arom\u00eb), Dipropilen Glikol, Sorbitol, Tridekan, Hidroksietilceluloz\u00eb, Vaj Ulliri (Olea Europaea) i Pasaponizuesh\u00ebm, Pantenol, Etilheksilglicerin\u00eb, PEG-90M, Tokoferol, Acetil Cedren, Anetol, Acetat Geranil, Acetat Linalil, Mentol, Tetrametil Acetiloktahidronaftalene.<\/p>\n<div class=\"expander_title___5Kmz\"><strong>Si t\u00eb p\u00ebrdoren?<\/strong><\/div>\n<div class=\"expander_content__dB5dn\">\n<div class=\"expander_innerNoScroll__2BEp8\">\n<div class=\"richtext_richText__EPidn\">\n<p>F\u00ebrkoni nj\u00eb sasi t\u00eb vog\u00ebl n\u00eb p\u00ebll\u00ebmb\u00ebt e duarve dhe shp\u00ebrndajeni n\u00eb flok\u00eb t\u00eb that\u00eb.<\/p>\n<\/div>\n<\/div>\n<\/div>\n<\/div>\n<\/div>\n<\/div>","protected":false},"excerpt":{"rendered":"<p>P\u00ebrjetoni nj\u00eb stilim t\u00eb shk\u00eblqyer me Top Form, nj\u00eb qiri - krem i rimodeluesh\u00ebm q\u00eb ofron mbajtje dhe tekstur\u00eb fleksib\u00ebl, i pasuruar me Pantenol p\u00ebr ushqim t\u00eb flokut dhe Glicerin\u00eb p\u00ebr hidratim.<\/p>\n<p>Perfekt p\u00ebr modele floku m\u00eb t\u00eb shkurt\u00ebr dhe i p\u00ebrshtatsh\u00ebm p\u00ebr t\u00eb gjitha llojet e flokut, ofron nj\u00eb prekje luksoze t\u00eb but\u00eb dhe shk\u00eblqim natyral rrezatues, nd\u00ebrsa lejon riform\u00ebsim t\u00eb modelit pa mundim gjat\u00eb gjith\u00eb dit\u00ebs.<\/p>\n<p>I pasuruar me arom\u00ebn magjeps\u00ebse Cardamon Spell, i jep flokut nj\u00eb mbajtje dhe tekstur\u00eb fleksib\u00ebl, duke e b\u00ebr\u00eb t\u00eb leht\u00eb ristilimin dhe duke ofruar ushqim shtes\u00eb p\u00ebr nj\u00eb pamje natyrale dhe me tekstur\u00eb.<\/p>\n<p>Top Form \u00ebsht\u00eb nj\u00eb alternativ\u00eb p\u00ebr; Forming Wax, Restyle Cream, Fiber Wax.<\/p>","protected":false},"featured_media":946,"comment_status":"open","ping_status":"closed","template":"","meta":[],"product_brand":[],"product_cat":[19,161,186,177],"product_tag":[],"class_list":{"0":"post-945","1":"product","2":"type-product","3":"status-publish","4":"has-post-thumbnail","6":"product_cat-hair-styling","7":"product_cat-men","8":"product_cat-wax-men-2","9":"product_cat-wax-hair-styling","10":"pa_variant-75ml","11":"pa_variant-300ml","13":"first","14":"instock","15":"shipping-taxable","16":"purchasable","17":"product-type-simple"},"_links":{"self":[{"href":"https:\/\/keune.al\/sq\/wp-json\/wp\/v2\/product\/945","targetHints":{"allow":["GET"]}}],"collection":[{"href":"https:\/\/keune.al\/sq\/wp-json\/wp\/v2\/product"}],"about":[{"href":"https:\/\/keune.al\/sq\/wp-json\/wp\/v2\/types\/product"}],"replies":[{"embeddable":true,"href":"https:\/\/keune.al\/sq\/wp-json\/wp\/v2\/comments?post=945"}],"wp:featuredmedia":[{"embeddable":true,"href":"https:\/\/keune.al\/sq\/wp-json\/wp\/v2\/media\/946"}],"wp:attachment":[{"href":"https:\/\/keune.al\/sq\/wp-json\/wp\/v2\/media?parent=945"}],"wp:term":[{"taxonomy":"product_brand","embeddable":true,"href":"https:\/\/keune.al\/sq\/wp-json\/wp\/v2\/product_brand?post=945"},{"taxonomy":"product_cat","embeddable":true,"href":"https:\/\/keune.al\/sq\/wp-json\/wp\/v2\/product_cat?post=945"},{"taxonomy":"product_tag","embeddable":true,"href":"https:\/\/keune.al\/sq\/wp-json\/wp\/v2\/product_tag?post=945"}],"curies":[{"name":"wp","href":"https:\/\/api.w.org\/{rel}","templated":true}]}}