{"id":943,"date":"2025-09-20T02:55:34","date_gmt":"2025-09-20T02:55:34","guid":{"rendered":"https:\/\/keune.al\/?post_type=product&#038;p=943"},"modified":"2025-11-22T21:01:42","modified_gmt":"2025-11-22T21:01:42","slug":"stay-putt-100ml","status":"publish","type":"product","link":"https:\/\/keune.al\/sq\/produkt\/stay-putt-100ml\/","title":{"rendered":"Stay Putt 100ml"},"content":{"rendered":"<div class=\"expander_title___5Kmz\"><strong>P\u00ebrb\u00ebr\u00ebsit<\/strong><\/div>\n<div class=\"expander_content__dB5dn\">\n<div class=\"expander_innerNoScroll__2BEp8\">\n<div class=\"richtext_richText__EPidn\">\n<p>Uj\u00eb (Aqua), Kaolin\u00eb, Alkool Cetearil, Vaj Farash Ricinus Communis (Ricinus Communis), Dyll\u00eb Candelilla Cera (Euphorbia Cerifera (Candelilla)), Oktildodekanol, Gjalp\u00eb Shea (Butyrospermum Parkii), Parfum (Arom\u00eb), Ceteareth-20, PVP, Maltodekstrin\u00eb, Kopolimer Maltodekstrin\u00eb\/VP, Fenoksietanol, Kaprilil Glikol, Vaj Ricini i Hidrogjenizuar, Karbomer, Miristat Izopropili, Dyll\u00eb Copernicia Cerifera (Carnauba), Hidroksid Natriumi, Etilheksilglicerin\u00eb, Salicilat Benzil, Citral, Citronelol, Acetat Geranil, Heksametilindanopiran, Hidroksicitronelal, Limonene, Linalool, Acetat Linalil, Pinene, Ketone Tr\u00ebndafili, Sclareol, Terpineol, Tetrametil Acetiloktahidronaftalene.<\/p>\n<div class=\"expander_title___5Kmz\"><strong>Si t\u00eb p\u00ebrdoren?<\/strong><\/div>\n<div class=\"expander_content__dB5dn\">\n<div class=\"expander_innerNoScroll__2BEp8\">\n<div class=\"richtext_richText__EPidn\">\n<p>Ngroheni nj\u00eb sasi t\u00eb vog\u00ebl n\u00eb p\u00ebll\u00ebmb\u00ebt e duarve p\u00ebr 5-6 sekonda, pastaj kalojeni n\u00eb flok\u00eb t\u00eb that\u00eb.<\/p>\n<\/div>\n<\/div>\n<\/div>\n<\/div>\n<\/div>\n<\/div>","protected":false},"excerpt":{"rendered":"<p>Stay Putt \u00ebsht\u00eb nj\u00eb balt\u00eb kremoze dhe e modelueshme, e projektuar p\u00ebr stilim fleksib\u00ebl me nj\u00eb p\u00ebrfundim mat. I pasuruar me gjalp\u00eb Shea, ofron nj\u00eb ndjesi t\u00eb but\u00eb nd\u00ebrsa hidraton flokun.<\/p>\n<p>Ideale p\u00ebr krijimin e modeleve t\u00eb rimodelueshme t\u00eb flokut, ofron nj\u00eb fiksim mesatar t\u00eb p\u00ebrshtatsh\u00ebm p\u00ebr t\u00eb gjitha llojet e flokut, ve\u00e7an\u00ebrisht gjat\u00ebsit\u00eb e shkurtra deri n\u00eb t\u00eb mesme. Stay Putt p\u00ebrmban arom\u00ebn So Pure q\u00eb plot\u00ebson fiksimin e saj fleksib\u00ebl dhe p\u00ebrfundimin mat.<\/p>\n<p>Stay Putt \u00ebsht\u00eb nj\u00eb alternativ\u00eb p\u00ebr Matte Cream.<\/p>","protected":false},"featured_media":944,"comment_status":"open","ping_status":"closed","template":"","meta":[],"product_brand":[],"product_cat":[19,161,177,186],"product_tag":[],"class_list":{"0":"post-943","1":"product","2":"type-product","3":"status-publish","4":"has-post-thumbnail","6":"product_cat-hair-styling","7":"product_cat-men","8":"product_cat-wax-hair-styling","9":"product_cat-wax-men-2","10":"pa_variant-75ml","11":"pa_variant-300ml","13":"first","14":"instock","15":"shipping-taxable","16":"purchasable","17":"product-type-simple"},"_links":{"self":[{"href":"https:\/\/keune.al\/sq\/wp-json\/wp\/v2\/product\/943","targetHints":{"allow":["GET"]}}],"collection":[{"href":"https:\/\/keune.al\/sq\/wp-json\/wp\/v2\/product"}],"about":[{"href":"https:\/\/keune.al\/sq\/wp-json\/wp\/v2\/types\/product"}],"replies":[{"embeddable":true,"href":"https:\/\/keune.al\/sq\/wp-json\/wp\/v2\/comments?post=943"}],"wp:featuredmedia":[{"embeddable":true,"href":"https:\/\/keune.al\/sq\/wp-json\/wp\/v2\/media\/944"}],"wp:attachment":[{"href":"https:\/\/keune.al\/sq\/wp-json\/wp\/v2\/media?parent=943"}],"wp:term":[{"taxonomy":"product_brand","embeddable":true,"href":"https:\/\/keune.al\/sq\/wp-json\/wp\/v2\/product_brand?post=943"},{"taxonomy":"product_cat","embeddable":true,"href":"https:\/\/keune.al\/sq\/wp-json\/wp\/v2\/product_cat?post=943"},{"taxonomy":"product_tag","embeddable":true,"href":"https:\/\/keune.al\/sq\/wp-json\/wp\/v2\/product_tag?post=943"}],"curies":[{"name":"wp","href":"https:\/\/api.w.org\/{rel}","templated":true}]}}