{"id":941,"date":"2025-09-20T02:53:31","date_gmt":"2025-09-20T02:53:31","guid":{"rendered":"https:\/\/keune.al\/?post_type=product&#038;p=941"},"modified":"2025-11-22T21:03:17","modified_gmt":"2025-11-22T21:03:17","slug":"1922-by-j-m-keune-premium-clay-100ml","status":"publish","type":"product","link":"https:\/\/keune.al\/sq\/produkt\/1922-by-j-m-keune-premium-clay-100ml\/","title":{"rendered":"1922 By J.M. Keune Premium Clay 100ml"},"content":{"rendered":"<div class=\"expander_title___5Kmz\"><strong>P\u00ebrb\u00ebr\u00ebsit<\/strong><\/div>\n<div class=\"expander_content__dB5dn\">\n<div class=\"expander_innerNoScroll__2BEp8\">\n<div class=\"richtext_richText__EPidn\">\n<p>Petrolatum, Paraffinum Liquidum (Mineral Oil), Cetyl Alcohol, Cera Alba (Beeswax), Paraffin, Ceteareth-30, Parfum (Fragrance), Dipropylene Glycol, Glycerin, Phenoxyethanol, Cannabis Sativa Seed Extract, Creatine, Aqua (Water), Triethyl Citrate, Ethylhexylglycerin, Potassium Sorbate, Butylphenyl Methylpropional, Coumarin, Hydroxycitronellal, Limonene, Linalool.<\/p>\n<div class=\"expander_title___5Kmz\"><strong>Si t\u00eb p\u00ebrdoren?<\/strong><\/div>\n<div class=\"expander_content__dB5dn\">\n<div class=\"expander_innerNoScroll__2BEp8\">\n<div class=\"richtext_richText__EPidn\">\n<p>Rub a small amount between your palms. Distribute it through towel-dried or dry hair and style as desired.<\/p>\n<\/div>\n<\/div>\n<\/div>\n<\/div>\n<\/div>\n<\/div>","protected":false},"excerpt":{"rendered":"<p>Introducing Premium Clay: Your styling essential for effortless elegance. Crafted for discerning individuals, this dry styling clay provides a strong hold and matte finish, perfect for texturizing and defining medium to short hair with precision. Enriched with creatine, it not only ensures long-lasting style but also promotes hair strength and vitality. Elevate your grooming routine with Premium Clay, where style meets substance.<\/p>","protected":false},"featured_media":942,"comment_status":"open","ping_status":"closed","template":"","meta":[],"product_brand":[],"product_cat":[187,178,19],"product_tag":[],"class_list":{"0":"post-941","1":"product","2":"type-product","3":"status-publish","4":"has-post-thumbnail","6":"product_cat-clay-men-2","7":"product_cat-clay-hair-styling","8":"product_cat-hair-styling","10":"first","11":"instock","12":"shipping-taxable","13":"purchasable","14":"product-type-simple"},"_links":{"self":[{"href":"https:\/\/keune.al\/sq\/wp-json\/wp\/v2\/product\/941","targetHints":{"allow":["GET"]}}],"collection":[{"href":"https:\/\/keune.al\/sq\/wp-json\/wp\/v2\/product"}],"about":[{"href":"https:\/\/keune.al\/sq\/wp-json\/wp\/v2\/types\/product"}],"replies":[{"embeddable":true,"href":"https:\/\/keune.al\/sq\/wp-json\/wp\/v2\/comments?post=941"}],"wp:featuredmedia":[{"embeddable":true,"href":"https:\/\/keune.al\/sq\/wp-json\/wp\/v2\/media\/942"}],"wp:attachment":[{"href":"https:\/\/keune.al\/sq\/wp-json\/wp\/v2\/media?parent=941"}],"wp:term":[{"taxonomy":"product_brand","embeddable":true,"href":"https:\/\/keune.al\/sq\/wp-json\/wp\/v2\/product_brand?post=941"},{"taxonomy":"product_cat","embeddable":true,"href":"https:\/\/keune.al\/sq\/wp-json\/wp\/v2\/product_cat?post=941"},{"taxonomy":"product_tag","embeddable":true,"href":"https:\/\/keune.al\/sq\/wp-json\/wp\/v2\/product_tag?post=941"}],"curies":[{"name":"wp","href":"https:\/\/api.w.org\/{rel}","templated":true}]}}