{"id":938,"date":"2025-09-20T02:53:09","date_gmt":"2025-09-20T02:53:09","guid":{"rendered":"https:\/\/keune.al\/?post_type=product&#038;p=938"},"modified":"2025-11-22T21:03:44","modified_gmt":"2025-11-22T21:03:44","slug":"claytime-100ml","status":"publish","type":"product","link":"https:\/\/keune.al\/sq\/produkt\/claytime-100ml\/","title":{"rendered":"Claytime 100ml"},"content":{"rendered":"<div class=\"expander_title___5Kmz\"><strong>P\u00ebrb\u00ebr\u00ebsit<\/strong><\/div>\n<div class=\"expander_content__dB5dn\">\n<div class=\"expander_innerNoScroll__2BEp8\">\n<div class=\"richtext_richText__EPidn\">\n<p>Vazelin\u00eb, Kaolin\u00eb, Dyll\u00eb Sintetike Blete, Dodekan, Ceteareth-20, Uj\u00eb (Aqua), Decil Glukozid, Oktenilsuksinat Niseshteje Alumini, Kaprilil Glikol, Niseshte Misri e Modifikuar, Parfum (Arom\u00eb), Dipropilen Glikol, Acetil Cedren, Anetol, Acetat Geranil, Acetat Linalil, Mentol, Tetrametil Acetiloktahidronaftalene.<\/p>\n<div class=\"expander_title___5Kmz\"><strong>Si t\u00eb p\u00ebrdoren?<\/strong><\/div>\n<div class=\"expander_content__dB5dn\">\n<div class=\"expander_innerNoScroll__2BEp8\">\n<div class=\"richtext_richText__EPidn\">\n<p>F\u00ebrkoni nj\u00eb sasi t\u00eb vog\u00ebl n\u00eb duar dhe aplikoni n\u00eb flok\u00eb t\u00eb that\u00eb.<\/p>\n<\/div>\n<\/div>\n<\/div>\n<\/div>\n<\/div>\n<\/div>","protected":false},"excerpt":{"rendered":"<p>Krijoni tekstura t\u00eb ashpra dhe t\u00eb l\u00ebvizshme me Claytime, past\u00ebn ton\u00eb mat p\u00ebr flok\u00eb! Formuluar me Kompleksin Dry Cleansing, p\u00ebrthith yndyr\u00ebn e tep\u00ebrt nga skalpi i kok\u00ebs, nd\u00ebrsa niseshteja e mar\u00eb nga misri, siguron nj\u00eb ruajtje fleksib\u00ebl, p\u00ebr nj\u00eb pamje t\u00eb ripunueshme.<\/p>\n<p>Ideale p\u00ebr flok\u00eb t\u00eb shkurt\u00ebr dhe e p\u00ebrshtatshme p\u00ebr t\u00eb gjitha llojet e flokut, Claytime ofron nj\u00eb fiksim t\u00eb fort\u00eb dhe nj\u00eb p\u00ebrfundim mat. Me arom\u00ebn Cardamom Spell, ju lejon t\u00eb stiloni dhe jepni form\u00eb flokut tuaj sipas d\u00ebshir\u00ebs.\u2018<\/p>\n<p>Claytime \u00ebsht\u00eb produkti alternativ p\u00ebr Sculpting Clay dhe Dry Paste.<\/p>","protected":false},"featured_media":939,"comment_status":"open","ping_status":"closed","template":"","meta":[],"product_brand":[],"product_cat":[178,187,19,161],"product_tag":[],"class_list":{"0":"post-938","1":"product","2":"type-product","3":"status-publish","4":"has-post-thumbnail","6":"product_cat-clay-hair-styling","7":"product_cat-clay-men-2","8":"product_cat-hair-styling","9":"product_cat-men","11":"first","12":"instock","13":"shipping-taxable","14":"purchasable","15":"product-type-simple"},"_links":{"self":[{"href":"https:\/\/keune.al\/sq\/wp-json\/wp\/v2\/product\/938","targetHints":{"allow":["GET"]}}],"collection":[{"href":"https:\/\/keune.al\/sq\/wp-json\/wp\/v2\/product"}],"about":[{"href":"https:\/\/keune.al\/sq\/wp-json\/wp\/v2\/types\/product"}],"replies":[{"embeddable":true,"href":"https:\/\/keune.al\/sq\/wp-json\/wp\/v2\/comments?post=938"}],"wp:featuredmedia":[{"embeddable":true,"href":"https:\/\/keune.al\/sq\/wp-json\/wp\/v2\/media\/939"}],"wp:attachment":[{"href":"https:\/\/keune.al\/sq\/wp-json\/wp\/v2\/media?parent=938"}],"wp:term":[{"taxonomy":"product_brand","embeddable":true,"href":"https:\/\/keune.al\/sq\/wp-json\/wp\/v2\/product_brand?post=938"},{"taxonomy":"product_cat","embeddable":true,"href":"https:\/\/keune.al\/sq\/wp-json\/wp\/v2\/product_cat?post=938"},{"taxonomy":"product_tag","embeddable":true,"href":"https:\/\/keune.al\/sq\/wp-json\/wp\/v2\/product_tag?post=938"}],"curies":[{"name":"wp","href":"https:\/\/api.w.org\/{rel}","templated":true}]}}