{"id":936,"date":"2025-09-20T02:50:52","date_gmt":"2025-09-20T02:50:52","guid":{"rendered":"https:\/\/keune.al\/?post_type=product&#038;p=936"},"modified":"2025-11-22T21:05:49","modified_gmt":"2025-11-22T21:05:49","slug":"1922-by-j-m-keune-original-pomade-100ml","status":"publish","type":"product","link":"https:\/\/keune.al\/sq\/produkt\/1922-by-j-m-keune-original-pomade-100ml\/","title":{"rendered":"1922 By J.M. Keune Original Pomade 100ml"},"content":{"rendered":"<div class=\"expander_title___5Kmz\"><strong>P\u00ebrb\u00ebr\u00ebsit<\/strong><\/div>\n<div class=\"expander_content__dB5dn\">\n<div class=\"expander_innerNoScroll__2BEp8\">\n<div class=\"richtext_richText__EPidn\">\n<p>Uj\u00eb (Aqua), Ceteareth-30, PEG-7 Gliceril Kokoat, Glicerin\u00eb, Alkool Denat., Paraffinum Liquidum (Vaj Mineral), Polikuaternium-11, Fenoksietanol, Parfum (Arom\u00eb), Acid Citrik, Benzoat Natriumi, Dipropilen Glikol, Kreatin\u00eb, Etilheksilglicerin\u00eb, Protein\u00eb Gruri e Hidrolizuar, Trietil Citrat, Kumarin\u00eb, Hidroksicitronelal, Limonene, Linalool.<\/p>\n<div class=\"expander_title___5Kmz\"><strong>Si t\u00eb p\u00ebrdoren?<\/strong><\/div>\n<div class=\"expander_content__dB5dn\">\n<div class=\"expander_innerNoScroll__2BEp8\">\n<div class=\"richtext_richText__EPidn\">\n<p>Aplikoni nj\u00eb sasi t\u00eb vog\u00ebl n\u00eb flok\u00eb t\u00eb lagur ose t\u00eb that\u00eb. Stiloni dhe formoni sipas d\u00ebshir\u00ebs.<\/p>\n<\/div>\n<\/div>\n<\/div>\n<\/div>\n<\/div>\n<\/div>","protected":false},"excerpt":{"rendered":"<div class=\"richtext_richText__EPidn productInfo_productDescription__IBA5t\">\n<p>Ju prezantojm\u00eb produktin ton\u00eb esencial t\u00eb t\u00eb gjitha koh\u00ebrave p\u00ebr stilimin e flokut: Original Pomade. Krijuar n\u00eb p\u00ebrsosm\u00ebri, kjo pomad\u00eb ikonike ofron nj\u00eb fiksim t\u00eb fort\u00eb, perfekte p\u00ebr t\u00eb krijuar pamje t\u00eb l\u00ebmuara dhe me shk\u00eblqim n\u00eb flok\u00eb me gjat\u00ebsi t\u00eb shkurt\u00ebr deri n\u00eb t\u00eb mesme. E pasuruar me kreatin\u00eb, jo vet\u00ebm q\u00eb siguron nj\u00eb fiksim t\u00eb q\u00ebndruesh\u00ebm, por gjithashtu nxit forc\u00ebn dhe q\u00ebndrueshm\u00ebrin\u00eb e flokut. Ngrini nivelin tuaj t\u00eb stilimit me t\u00ebrheqjen e p\u00ebrjetshme t\u00eb Original Pomade, ku sharmi klasik takohet me sofistikimin modern.<\/p>\n<\/div>","protected":false},"featured_media":937,"comment_status":"open","ping_status":"closed","template":"","meta":[],"product_brand":[],"product_cat":[161,158,119,118,188,105,155,149],"product_tag":[],"class_list":{"0":"post-936","1":"product","2":"type-product","3":"status-publish","4":"has-post-thumbnail","6":"product_cat-men","7":"product_cat-paste","8":"product_cat-paste-men","9":"product_cat-pomade","10":"product_cat-pomade-men","11":"product_cat-styling","12":"product_cat-wax","13":"product_cat-wax-styling","15":"first","16":"instock","17":"shipping-taxable","18":"purchasable","19":"product-type-simple"},"_links":{"self":[{"href":"https:\/\/keune.al\/sq\/wp-json\/wp\/v2\/product\/936","targetHints":{"allow":["GET"]}}],"collection":[{"href":"https:\/\/keune.al\/sq\/wp-json\/wp\/v2\/product"}],"about":[{"href":"https:\/\/keune.al\/sq\/wp-json\/wp\/v2\/types\/product"}],"replies":[{"embeddable":true,"href":"https:\/\/keune.al\/sq\/wp-json\/wp\/v2\/comments?post=936"}],"wp:featuredmedia":[{"embeddable":true,"href":"https:\/\/keune.al\/sq\/wp-json\/wp\/v2\/media\/937"}],"wp:attachment":[{"href":"https:\/\/keune.al\/sq\/wp-json\/wp\/v2\/media?parent=936"}],"wp:term":[{"taxonomy":"product_brand","embeddable":true,"href":"https:\/\/keune.al\/sq\/wp-json\/wp\/v2\/product_brand?post=936"},{"taxonomy":"product_cat","embeddable":true,"href":"https:\/\/keune.al\/sq\/wp-json\/wp\/v2\/product_cat?post=936"},{"taxonomy":"product_tag","embeddable":true,"href":"https:\/\/keune.al\/sq\/wp-json\/wp\/v2\/product_tag?post=936"}],"curies":[{"name":"wp","href":"https:\/\/api.w.org\/{rel}","templated":true}]}}