{"id":924,"date":"2025-09-19T17:02:13","date_gmt":"2025-09-19T17:02:13","guid":{"rendered":"https:\/\/keune.al\/?post_type=product&#038;p=924"},"modified":"2025-11-22T21:44:44","modified_gmt":"2025-11-22T21:44:44","slug":"so-pure-cool-shampoo-refill-1000ml","status":"publish","type":"product","link":"https:\/\/keune.al\/sq\/produkt\/so-pure-cool-shampoo-refill-1000ml\/","title":{"rendered":"Shampo rimbush\u00ebse So Pure Cool"},"content":{"rendered":"<div class=\"expander_title___5Kmz\"><strong>P\u00ebrb\u00ebr\u00ebsit<\/strong><\/div>\n<div class=\"expander_content__dB5dn\">\n<div class=\"expander_innerNoScroll__2BEp8\">\n<div class=\"richtext_richText__EPidn\">\n<p>Uj\u00eb (Uj\u00eb), Poligliceril-3 Kaprat\u00eb\/Kaprilat\/Sukcinat, Lauroil Metil Isetionat Natriumi, Betain\u00eb Kokamidopropil, Vaj Ricini i Hidrogjenizuar PEG-40, Propilen Glikol, Kopolimer Akrilate\/Palmet-25 Akrilat, Parfum (Arom\u00eb), Klorur Natriumi, Betain\u00eb, Benzoat Natriumi, Klorur Guar Hidroksipropiltrimoniumi, Acid Citrik, Laurat Gliceril, Vjollc\u00eb Acidi 43, Polikuaternium-7, Hidroksietilceluloz\u00eb, Miristat Izopropil, Ekstrakt Fruti Euterpe Oleracea, Maltodekstrin\u00eb, Salicilat Benzili, Citronelol, Hidroksicitronelal, Limonene, Linalool.<\/p>\n<div class=\"expander_title___5Kmz\"><strong>Si t\u00eb p\u00ebrdoren?<\/strong><\/div>\n<div class=\"expander_content__dB5dn\">\n<div class=\"expander_innerNoScroll__2BEp8\">\n<div class=\"richtext_richText__EPidn\">\n<p>Masazhoni n\u00eb flok\u00eb t\u00eb lagur. L\u00ebreni t\u00eb veproj\u00eb p\u00ebr rreth 1 minut\u00eb q\u00eb pigmentet t\u00eb b\u00ebjn\u00eb pun\u00ebn e tyre. Shplajeni me kujdes.<\/p>\n<\/div>\n<\/div>\n<\/div>\n<\/div>\n<\/div>\n<\/div>","protected":false},"excerpt":{"rendered":"<p>Shampoja So Pure Cool argjendi neutralizon tonet prej bronzi. Pigmente t\u00eb fuqishme vjollce neutralizojn\u00eb tonet e ngrohta. I pasuruar me ekstrakt t\u00eb manaferr\u00ebs acai p\u00ebr t\u00eb ndihmuar n\u00eb mbrojtjen e flok\u00ebve nga oksidimi dhe zbehja e ngjyr\u00ebs. L\u00eb flok\u00ebt t\u00eb but\u00eb, t\u00eb hidratuar dhe me nj\u00eb shk\u00eblqim akulli.<\/p>","protected":false},"featured_media":928,"comment_status":"open","ping_status":"closed","template":"","meta":[],"product_brand":[],"product_cat":[192,134],"product_tag":[],"class_list":{"0":"post-924","1":"product","2":"type-product","3":"status-publish","4":"has-post-thumbnail","6":"product_cat-shampoo-so-pure","7":"product_cat-so-pure","8":"pa_variant-400ml","9":"pa_variant-1000ml","11":"first","12":"instock","13":"shipping-taxable","14":"purchasable","15":"product-type-variable","16":"has-default-attributes"},"_links":{"self":[{"href":"https:\/\/keune.al\/sq\/wp-json\/wp\/v2\/product\/924","targetHints":{"allow":["GET"]}}],"collection":[{"href":"https:\/\/keune.al\/sq\/wp-json\/wp\/v2\/product"}],"about":[{"href":"https:\/\/keune.al\/sq\/wp-json\/wp\/v2\/types\/product"}],"replies":[{"embeddable":true,"href":"https:\/\/keune.al\/sq\/wp-json\/wp\/v2\/comments?post=924"}],"wp:featuredmedia":[{"embeddable":true,"href":"https:\/\/keune.al\/sq\/wp-json\/wp\/v2\/media\/928"}],"wp:attachment":[{"href":"https:\/\/keune.al\/sq\/wp-json\/wp\/v2\/media?parent=924"}],"wp:term":[{"taxonomy":"product_brand","embeddable":true,"href":"https:\/\/keune.al\/sq\/wp-json\/wp\/v2\/product_brand?post=924"},{"taxonomy":"product_cat","embeddable":true,"href":"https:\/\/keune.al\/sq\/wp-json\/wp\/v2\/product_cat?post=924"},{"taxonomy":"product_tag","embeddable":true,"href":"https:\/\/keune.al\/sq\/wp-json\/wp\/v2\/product_tag?post=924"}],"curies":[{"name":"wp","href":"https:\/\/api.w.org\/{rel}","templated":true}]}}