{"id":874,"date":"2025-09-19T16:40:55","date_gmt":"2025-09-19T16:40:55","guid":{"rendered":"https:\/\/keune.al\/?post_type=product&#038;p=874"},"modified":"2025-11-22T22:23:01","modified_gmt":"2025-11-22T22:23:01","slug":"so-pure-polish-mask-300ml","status":"publish","type":"product","link":"https:\/\/keune.al\/sq\/produkt\/so-pure-polish-mask-300ml\/","title":{"rendered":"Maska So Pure Polish"},"content":{"rendered":"<div class=\"expander_title___5Kmz\"><strong>P\u00ebrb\u00ebr\u00ebsit<\/strong><\/div>\n<div class=\"expander_content__dB5dn\">\n<div class=\"expander_innerNoScroll__2BEp8\">\n<div class=\"richtext_richText__EPidn\">\n<p>Aqua (Water), Cetearyl Alcohol, Behentrimonium Chloride, Glycerin, Cetrimonium Chloride, Parfum (Fragrance), Isopropyl Alcohol, Isopropyl Myristate, Betaine, Sodium Benzoate, Lactic Acid, Butyrospermum Parkii (Shea) Butter, Linum Usitatissimum (Linseed) Seed Extract, Salvia Hispanica Seed Extract, Benzyl Alcohol, Caprylic Acid, Xylitol, Benzyl Salicylate, Citronellol, Hydroxycitronellal, Limonene, Linalool.<\/p>\n<\/div>\n<\/div>\n<\/div>","protected":false},"excerpt":{"rendered":"<p>Nourishes hair, leaving it nice \u2018n glossy. Has a beautifying, smoothing effect. Contains a combination of polysaccharides extracted from chia seeds, which helps smooth defrizz \u2013 and keeps it that way, even on humid days.<\/p>\n<p>Aplikojeni n\u00eb flok\u00eb t\u00eb past\u00ebr dhe t\u00eb thar\u00eb me peshqir. L\u00ebreni t\u00eb veproj\u00eb p\u00ebr t\u00eb pakt\u00ebn 3 minuta. Shp\u00eblajeni me kujdes.<\/p>\n<p>Linja So Pure fitoi \u00c7mimin Holandez t\u00eb Bukuris\u00eb \"Dutch Beauty Award\" 2023-2024 n\u00eb kategorin\u00eb \"Kujdesi ekologjik p\u00ebr flokun\".<\/p>","protected":false},"featured_media":875,"comment_status":"open","ping_status":"closed","template":"","meta":[],"product_brand":[],"product_cat":[92,147,176,134],"product_tag":[],"class_list":{"0":"post-874","1":"product","2":"type-product","3":"status-publish","4":"has-post-thumbnail","6":"product_cat-hair-care","7":"product_cat-mask-so-pure","8":"product_cat-mask-hair-care","9":"product_cat-so-pure","11":"first","12":"instock","13":"shipping-taxable","14":"purchasable","15":"product-type-variable","16":"has-default-attributes"},"_links":{"self":[{"href":"https:\/\/keune.al\/sq\/wp-json\/wp\/v2\/product\/874","targetHints":{"allow":["GET"]}}],"collection":[{"href":"https:\/\/keune.al\/sq\/wp-json\/wp\/v2\/product"}],"about":[{"href":"https:\/\/keune.al\/sq\/wp-json\/wp\/v2\/types\/product"}],"replies":[{"embeddable":true,"href":"https:\/\/keune.al\/sq\/wp-json\/wp\/v2\/comments?post=874"}],"wp:featuredmedia":[{"embeddable":true,"href":"https:\/\/keune.al\/sq\/wp-json\/wp\/v2\/media\/875"}],"wp:attachment":[{"href":"https:\/\/keune.al\/sq\/wp-json\/wp\/v2\/media?parent=874"}],"wp:term":[{"taxonomy":"product_brand","embeddable":true,"href":"https:\/\/keune.al\/sq\/wp-json\/wp\/v2\/product_brand?post=874"},{"taxonomy":"product_cat","embeddable":true,"href":"https:\/\/keune.al\/sq\/wp-json\/wp\/v2\/product_cat?post=874"},{"taxonomy":"product_tag","embeddable":true,"href":"https:\/\/keune.al\/sq\/wp-json\/wp\/v2\/product_tag?post=874"}],"curies":[{"name":"wp","href":"https:\/\/api.w.org\/{rel}","templated":true}]}}