{"id":872,"date":"2025-09-19T16:40:19","date_gmt":"2025-09-19T16:40:19","guid":{"rendered":"https:\/\/keune.al\/?post_type=product&#038;p=872"},"modified":"2025-11-22T22:20:47","modified_gmt":"2025-11-22T22:20:47","slug":"so-pure-restore-mask-300ml","status":"publish","type":"product","link":"https:\/\/keune.al\/sq\/produkt\/so-pure-restore-mask-300ml\/","title":{"rendered":"Maska So Pure Restore"},"content":{"rendered":"<div class=\"expander_title___5Kmz\"><strong>P\u00ebrb\u00ebr\u00ebsit<\/strong><\/div>\n<div class=\"expander_content__dB5dn\">\n<div class=\"expander_innerNoScroll__2BEp8\">\n<div class=\"richtext_richText__EPidn\">\n<p>Uj\u00eb (Aqua), Alkool Cetearil, Glicerin\u00eb, Estere Cetil, Ceteareth-20, Klorur Behentrimoniumi, Stearamidopropil Dimetilamin\u00eb, Parfum (Arom\u00eb), Acid Citrik, Miristat Izopropili, Betain\u00eb, Gjalp\u00eb Butyrospermum Parkii (Shea), Klorur Cetrimoniumi, Fenoksietanol, Alkool Izopropilik, Benzoat Natriumi, Klorur Guar Hidroksipropiltrimoniumi, Ekstrakt i K\u00ebrcell Opuntia Ficus-Indica, Fosfat Dinatriumi, Salicilat Benzil, Citronelol, Hidroksicitronelal, Limonene, Linalool.<\/p>\n<\/div>\n<\/div>\n<\/div>","protected":false},"excerpt":{"rendered":"<p>Hidraton thell\u00ebsisht flok\u00ebt n\u00eb shum\u00eb nivele. Ekstrakti i dardh\u00ebs me gjemba ndihmon n\u00eb hidratimin e \u00e7do fijeje floku nga brenda. Formul\u00eb e but\u00eb dhe e pasur, e cila i b\u00ebn flok\u00ebt t\u00eb duken m\u00eb t\u00eb sh\u00ebndetsh\u00ebm dhe m\u00eb t\u00eb hidratuar.<\/p>\n<p>Aplikojeni n\u00eb flok\u00eb t\u00eb past\u00ebr dhe t\u00eb thar\u00eb me peshqir. L\u00ebreni t\u00eb veproj\u00eb p\u00ebr t\u00eb pakt\u00ebn 3 minuta. Shp\u00eblajeni me kujdes.<\/p>\n<p>Linja So Pure fitoi \u00c7mimin Holandez t\u00eb Bukuris\u00eb \"Dutch Beauty Award\" 2023-2024 n\u00eb kategorin\u00eb \"Kujdesi ekologjik p\u00ebr flokun\".<\/p>","protected":false},"featured_media":873,"comment_status":"open","ping_status":"closed","template":"","meta":[],"product_brand":[],"product_cat":[92,176],"product_tag":[],"class_list":{"0":"post-872","1":"product","2":"type-product","3":"status-publish","4":"has-post-thumbnail","6":"product_cat-hair-care","7":"product_cat-mask-hair-care","9":"first","10":"instock","11":"shipping-taxable","12":"purchasable","13":"product-type-variable","14":"has-default-attributes"},"_links":{"self":[{"href":"https:\/\/keune.al\/sq\/wp-json\/wp\/v2\/product\/872","targetHints":{"allow":["GET"]}}],"collection":[{"href":"https:\/\/keune.al\/sq\/wp-json\/wp\/v2\/product"}],"about":[{"href":"https:\/\/keune.al\/sq\/wp-json\/wp\/v2\/types\/product"}],"replies":[{"embeddable":true,"href":"https:\/\/keune.al\/sq\/wp-json\/wp\/v2\/comments?post=872"}],"wp:featuredmedia":[{"embeddable":true,"href":"https:\/\/keune.al\/sq\/wp-json\/wp\/v2\/media\/873"}],"wp:attachment":[{"href":"https:\/\/keune.al\/sq\/wp-json\/wp\/v2\/media?parent=872"}],"wp:term":[{"taxonomy":"product_brand","embeddable":true,"href":"https:\/\/keune.al\/sq\/wp-json\/wp\/v2\/product_brand?post=872"},{"taxonomy":"product_cat","embeddable":true,"href":"https:\/\/keune.al\/sq\/wp-json\/wp\/v2\/product_cat?post=872"},{"taxonomy":"product_tag","embeddable":true,"href":"https:\/\/keune.al\/sq\/wp-json\/wp\/v2\/product_tag?post=872"}],"curies":[{"name":"wp","href":"https:\/\/api.w.org\/{rel}","templated":true}]}}