{"id":700,"date":"2025-09-14T03:48:14","date_gmt":"2025-09-14T03:48:14","guid":{"rendered":"https:\/\/keune.al\/?post_type=product&#038;p=700"},"modified":"2025-11-22T20:56:23","modified_gmt":"2025-11-22T20:56:23","slug":"spring-loaded-150ml","status":"publish","type":"product","link":"https:\/\/keune.al\/sq\/produkt\/spring-loaded-150ml\/","title":{"rendered":"Spring Loaded 150ml"},"content":{"rendered":"<div class=\"expander_title___5Kmz\"><strong>P\u00ebrb\u00ebr\u00ebsit<\/strong><\/div>\n<div class=\"expander_content__dB5dn\">\n<div class=\"expander_innerNoScroll__2BEp8\">\n<div class=\"richtext_richText__EPidn\">\n<p>Uj\u00eb (Uj\u00eb), Glicerin\u00eb, Inulin\u00eb, PEG-40 Uj\u00eb ricine hidrogjene, Gom\u00eb celuloze, Ekstrakt i fermentuar Aureobasidium Pullulans, Kopolimer VP\/VA, Uj\u00eb kokosi (Far\u00eb liri), Ekstrakt i far\u00ebs s\u00eb lirit (Linum Usitatissimum), Pantenol, Ekstrakt i far\u00ebs s\u00eb Salvia Hispanica, Benzoat natriumi, Acid citrik, Acetat tokoferil, Parfum (Arom\u00eb), Dipropilen glikol, Alkool benzilik, Acid kaprilik, Ksilitol.<\/p>\n<div class=\"expander_title___5Kmz\"><strong>Si t\u00eb p\u00ebrdoren?<\/strong><\/div>\n<div class=\"expander_content__dB5dn\">\n<div class=\"expander_innerNoScroll__2BEp8\">\n<div class=\"richtext_richText__EPidn\">\n<ol>\n<li>Aplikoni fije pas fijeje n\u00eb flok\u00eb t\u00eb tamponuar deri n\u00eb t\u00eb lagur. Sasia do t\u00eb varet nga gjat\u00ebsia dhe trash\u00ebsia e flok\u00ebve tuaj.<\/li>\n<li>Thajeni me thar\u00ebse floku me ndihm\u00ebn e nj\u00eb difuzori ose l\u00ebreni t\u00eb thahet natyrsh\u00ebm.<\/li>\n<\/ol>\n<\/div>\n<\/div>\n<\/div>\n<\/div>\n<\/div>\n<\/div>","protected":false},"excerpt":{"rendered":"<p>Fuqizoni, ushqeni dhe p\u00ebrcaktoni ka\u00e7urrelat tuaja me Spring Loaded, nj\u00eb krem \u200b\u200bp\u00ebr ka\u00e7urrela q\u00eb kombinon kujdesin e nj\u00eb kremi me fiksimin e nj\u00eb xheli. Ky krem \u200b\u200bi but\u00eb p\u00ebr p\u00ebrcaktimin e ka\u00e7urrelave ofron ekuilibrin e p\u00ebrsosur midis hidratimit dhe kontrollit, pa u ndjer\u00eb i ngurt\u00eb ose ngjit\u00ebs.<\/p>\n<p>I pasuruar me pantenol, vaj kokosi dhe vitamin\u00eb E, Spring Loaded ushqen thell\u00ebsisht flok\u00ebt tuaj, nd\u00ebrsa ekstraktet e farave t\u00eb lirit dhe chia ndihmojn\u00eb n\u00eb shpleksjen dhe p\u00ebrmir\u00ebsimin e form\u00ebs tuaj natyrale t\u00eb ka\u00e7urrelave. Kombinojeni me <u>Head Lock<\/u> p\u00ebr ruajtje m\u00eb t\u00eb fort\u00eb t\u00eb modelit.<\/p>\n<p>Spring Loaded \u00ebsht\u00eb nj\u00eb alternativ\u00eb p\u00ebr Curl Cream.<\/p>","protected":false},"featured_media":701,"comment_status":"open","ping_status":"closed","template":"","meta":[],"product_brand":[],"product_cat":[181,185,19,161],"product_tag":[],"class_list":{"0":"post-700","1":"product","2":"type-product","3":"status-publish","4":"has-post-thumbnail","6":"product_cat-gel-hair-styling","7":"product_cat-gel-men-2","8":"product_cat-hair-styling","9":"product_cat-men","11":"first","12":"instock","13":"shipping-taxable","14":"purchasable","15":"product-type-simple"},"_links":{"self":[{"href":"https:\/\/keune.al\/sq\/wp-json\/wp\/v2\/product\/700","targetHints":{"allow":["GET"]}}],"collection":[{"href":"https:\/\/keune.al\/sq\/wp-json\/wp\/v2\/product"}],"about":[{"href":"https:\/\/keune.al\/sq\/wp-json\/wp\/v2\/types\/product"}],"replies":[{"embeddable":true,"href":"https:\/\/keune.al\/sq\/wp-json\/wp\/v2\/comments?post=700"}],"wp:featuredmedia":[{"embeddable":true,"href":"https:\/\/keune.al\/sq\/wp-json\/wp\/v2\/media\/701"}],"wp:attachment":[{"href":"https:\/\/keune.al\/sq\/wp-json\/wp\/v2\/media?parent=700"}],"wp:term":[{"taxonomy":"product_brand","embeddable":true,"href":"https:\/\/keune.al\/sq\/wp-json\/wp\/v2\/product_brand?post=700"},{"taxonomy":"product_cat","embeddable":true,"href":"https:\/\/keune.al\/sq\/wp-json\/wp\/v2\/product_cat?post=700"},{"taxonomy":"product_tag","embeddable":true,"href":"https:\/\/keune.al\/sq\/wp-json\/wp\/v2\/product_tag?post=700"}],"curies":[{"name":"wp","href":"https:\/\/api.w.org\/{rel}","templated":true}]}}