{"id":698,"date":"2025-09-14T03:46:46","date_gmt":"2025-09-14T03:46:46","guid":{"rendered":"https:\/\/keune.al\/?post_type=product&#038;p=698"},"modified":"2025-11-22T21:17:54","modified_gmt":"2025-11-22T21:17:54","slug":"1922-by-j-m-keune-eau-de-toilette-100ml","status":"publish","type":"product","link":"https:\/\/keune.al\/sq\/produkt\/1922-by-j-m-keune-eau-de-toilette-100ml\/","title":{"rendered":"1922 By J.M. Keune Eau de Toilette 100ml"},"content":{"rendered":"<div class=\"expander_title___5Kmz\"><strong>P\u00ebrb\u00ebr\u00ebsit<\/strong><\/div>\n<div class=\"expander_content__dB5dn\">\n<div class=\"expander_innerNoScroll__2BEp8\">\n<div class=\"richtext_richText__EPidn\">\n<p>Alkool Denat., Uj\u00eb (Aqua), Glicerin\u00eb, Parfum (Arom\u00eb), Propilen Glikol, Dipropilen Glikol, Trietil Citrat, Tris(tetrametilhidroksipiperidinol) Citrat, Benzotriazolil Butilfenol Sulfonat Natriumi, Buteth-3, Tributil Citrat, CI 15510 (Portokalli 4), CI 19140 (E Verdh\u00eb 5), Kumarin\u00eb, Farnesol, Geraniol, Hidroksicitronelal, Limonene, Linalool.<\/p>\n<p>&nbsp;<\/p>\n<\/div>\n<\/div>\n<\/div>","protected":false},"excerpt":{"rendered":"<p>Kujdesuni p\u00ebr veten me stil gjat\u00eb gjith\u00eb dit\u00ebs me arom\u00ebn e 1922 by J.M. Keune Eau de toilette. Nj\u00eb arom\u00eb mashkullore me nj\u00eb doz\u00eb sensualiteti. E dallueshme menj\u00ebher\u00eb. P\u00ebrforconi arom\u00ebn karakteristike t\u00eb produkteve t\u00eb kujdesit 1922 by JM Keune si shtes\u00eb t\u00eb arom\u00ebs s\u00eb produkteve t\u00eb stilimit q\u00eb p\u00ebrdorni tashm\u00eb. Vjen n\u00eb nj\u00eb shishe qelqi 100 ml me difuzor sp\u00ebrkat\u00ebs.<\/p>","protected":false},"featured_media":699,"comment_status":"open","ping_status":"closed","template":"","meta":[],"product_brand":[],"product_cat":[190,191,161],"product_tag":[],"class_list":{"0":"post-698","1":"product","2":"type-product","3":"status-publish","4":"has-post-thumbnail","6":"product_cat-beard-balm-men","7":"product_cat-beard-oil-men","8":"product_cat-men","10":"first","11":"instock","12":"shipping-taxable","13":"purchasable","14":"product-type-simple"},"_links":{"self":[{"href":"https:\/\/keune.al\/sq\/wp-json\/wp\/v2\/product\/698","targetHints":{"allow":["GET"]}}],"collection":[{"href":"https:\/\/keune.al\/sq\/wp-json\/wp\/v2\/product"}],"about":[{"href":"https:\/\/keune.al\/sq\/wp-json\/wp\/v2\/types\/product"}],"replies":[{"embeddable":true,"href":"https:\/\/keune.al\/sq\/wp-json\/wp\/v2\/comments?post=698"}],"wp:featuredmedia":[{"embeddable":true,"href":"https:\/\/keune.al\/sq\/wp-json\/wp\/v2\/media\/699"}],"wp:attachment":[{"href":"https:\/\/keune.al\/sq\/wp-json\/wp\/v2\/media?parent=698"}],"wp:term":[{"taxonomy":"product_brand","embeddable":true,"href":"https:\/\/keune.al\/sq\/wp-json\/wp\/v2\/product_brand?post=698"},{"taxonomy":"product_cat","embeddable":true,"href":"https:\/\/keune.al\/sq\/wp-json\/wp\/v2\/product_cat?post=698"},{"taxonomy":"product_tag","embeddable":true,"href":"https:\/\/keune.al\/sq\/wp-json\/wp\/v2\/product_tag?post=698"}],"curies":[{"name":"wp","href":"https:\/\/api.w.org\/{rel}","templated":true}]}}