{"id":695,"date":"2025-09-14T03:45:23","date_gmt":"2025-09-14T03:45:23","guid":{"rendered":"https:\/\/keune.al\/?post_type=product&#038;p=695"},"modified":"2025-11-22T21:19:06","modified_gmt":"2025-11-22T21:19:06","slug":"1922-by-j-m-keune-beard-oil-50ml","status":"publish","type":"product","link":"https:\/\/keune.al\/sq\/produkt\/1922-by-j-m-keune-beard-oil-50ml\/","title":{"rendered":"1922 Nga vaji i mjekr\u00ebs JM Keune"},"content":{"rendered":"<div class=\"expander_title___5Kmz\"><strong>P\u00ebrb\u00ebr\u00ebsit<\/strong><\/div>\n<div class=\"expander_content__dB5dn\">\n<div class=\"expander_innerNoScroll__2BEp8\">\n<div class=\"richtext_richText__EPidn\">\n<p>Vaj bajamesh t\u00eb \u00ebmbla (Prunus Amygdalus Dulcis), vaj b\u00ebrthame kajsie (Prunus Armeniaca), vaj b\u00ebrthame Argania Spinosa, vaj farash Passiflora Incarnata, vaj avokadoje (Persea Gratissima), parfum (arom\u00eb), dipropilen glikol, acetat tokoferili, citrat trietili, kumarin\u00eb, geraniol, hidroksicitronelal, limonene, linalool.<\/p>\n<div class=\"expander_title___5Kmz\"><strong>Si t\u00eb p\u00ebrdoren?<\/strong><\/div>\n<div class=\"expander_content__dB5dn\">\n<div class=\"expander_innerNoScroll__2BEp8\">\n<div class=\"richtext_richText__EPidn\">\n<p>Aplikoni 1-2 pika n\u00eb duar. F\u00ebrkoni s\u00eb bashku dhe shp\u00ebrndajeni vajin n\u00eb mjek\u00ebr p\u00ebr t\u00eb shtuar hidratim dhe shk\u00eblqim.<\/p>\n<\/div>\n<\/div>\n<\/div>\n<\/div>\n<\/div>\n<\/div>","protected":false},"excerpt":{"rendered":"<p>Q\u00eb nga themelimi yn\u00eb n\u00eb vitin 1922, kemi par\u00eb shum\u00eb stile t\u00eb ndryshme mjekrash \u2013 dhe kemi v\u00ebn\u00eb n\u00eb pun\u00eb t\u00eb gjith\u00eb njohurit\u00eb tona p\u00ebr flok\u00ebt p\u00ebr qimet e fytyr\u00ebs s\u00eb burrave. P\u00ebr t\u00eb mbajtur mjekr\u00ebn t\u00eb but\u00eb dhe fytyrat t\u00eb sh\u00ebndetshme, ju nevojitet nj\u00eb rutin\u00eb e mir\u00eb e p\u00ebrditshme e kujdesit q\u00eb p\u00ebrfshin disa pika vaji p\u00ebr mjek\u00ebr nga viti 1922 nga JM Keune. Ne kemi shtuar vaj t\u00eb leht\u00eb avokadoje dhe vaj t\u00eb \u00ebmb\u00ebl pothuajse t\u00eb zi, i cili p\u00ebrthithet shpejt. Masazhojeni n\u00eb mjek\u00ebr p\u00ebr t\u00eb hidratuar dhe ushqyer rritjen e sh\u00ebndetshme t\u00eb mjekr\u00ebs, p\u00ebr t\u00eb parandaluar majat e ndara dhe p\u00ebr ta b\u00ebr\u00eb stilimin m\u00eb t\u00eb leht\u00eb. Dhe do ta l\u00ebr\u00eb mjekr\u00ebn tuaj t\u00eb mbaj\u00eb nj\u00eb arom\u00eb t\u00eb k\u00ebndshme, gjat\u00eb gjith\u00eb dit\u00ebs.<\/p>","protected":false},"featured_media":696,"comment_status":"open","ping_status":"closed","template":"","meta":[],"product_brand":[],"product_cat":[190,191,92,161,112],"product_tag":[],"class_list":{"0":"post-695","1":"product","2":"type-product","3":"status-publish","4":"has-post-thumbnail","6":"product_cat-beard-balm-men","7":"product_cat-beard-oil-men","8":"product_cat-hair-care","9":"product_cat-men","10":"product_cat-oil","12":"first","13":"instock","14":"shipping-taxable","15":"purchasable","16":"product-type-variable","17":"has-default-attributes"},"_links":{"self":[{"href":"https:\/\/keune.al\/sq\/wp-json\/wp\/v2\/product\/695","targetHints":{"allow":["GET"]}}],"collection":[{"href":"https:\/\/keune.al\/sq\/wp-json\/wp\/v2\/product"}],"about":[{"href":"https:\/\/keune.al\/sq\/wp-json\/wp\/v2\/types\/product"}],"replies":[{"embeddable":true,"href":"https:\/\/keune.al\/sq\/wp-json\/wp\/v2\/comments?post=695"}],"wp:featuredmedia":[{"embeddable":true,"href":"https:\/\/keune.al\/sq\/wp-json\/wp\/v2\/media\/696"}],"wp:attachment":[{"href":"https:\/\/keune.al\/sq\/wp-json\/wp\/v2\/media?parent=695"}],"wp:term":[{"taxonomy":"product_brand","embeddable":true,"href":"https:\/\/keune.al\/sq\/wp-json\/wp\/v2\/product_brand?post=695"},{"taxonomy":"product_cat","embeddable":true,"href":"https:\/\/keune.al\/sq\/wp-json\/wp\/v2\/product_cat?post=695"},{"taxonomy":"product_tag","embeddable":true,"href":"https:\/\/keune.al\/sq\/wp-json\/wp\/v2\/product_tag?post=695"}],"curies":[{"name":"wp","href":"https:\/\/api.w.org\/{rel}","templated":true}]}}