{"id":692,"date":"2025-09-14T03:43:59","date_gmt":"2025-09-14T03:43:59","guid":{"rendered":"https:\/\/keune.al\/?post_type=product&#038;p=692"},"modified":"2025-11-22T21:18:27","modified_gmt":"2025-11-22T21:18:27","slug":"1922-by-j-m-keune-superior-shaving-cream-150ml","status":"publish","type":"product","link":"https:\/\/keune.al\/sq\/produkt\/1922-by-j-m-keune-superior-shaving-cream-150ml\/","title":{"rendered":"1922 By J.M. Keune Superior Shaving Cream 150ml"},"content":{"rendered":"<div class=\"expander_title___5Kmz\"><strong>P\u00ebrb\u00ebr\u00ebsit<\/strong><\/div>\n<div class=\"expander_content__dB5dn\">\n<div class=\"expander_innerNoScroll__2BEp8\">\n<div class=\"richtext_richText__EPidn\">\n<p>Uj\u00eb (Aqua), Acid Stearik, Acid Palmitik, Glicerin\u00eb, Acid Laurik, Hidroksid Kaliumi, Decil Glukozid, Vaj Kokosi (Cocos Nucifera), Trietanolamin\u00eb, Hidroksid Natriumi, Fenoksietanol, Allantoin\u00eb, Kaprilil Glikol, Pantenol, Parfum (Arom\u00eb), Bisabolol, Dipropilen Glikol, Etilheksilglicerin\u00eb, Kreatin\u00eb, Oktenidin\u00eb HCl, Trietil Citrat, Linalool.<\/p>\n<div class=\"expander_title___5Kmz\"><strong>Si t\u00eb p\u00ebrdoren?<\/strong><\/div>\n<div class=\"expander_content__dB5dn\">\n<div class=\"expander_innerNoScroll__2BEp8\">\n<div class=\"richtext_richText__EPidn\">\n<p>Aplikojeni me duar ose me fur\u00e7\u00eb. P\u00ebrziejeni derisa t\u00eb b\u00ebhet shkum\u00eb. Rruajeni. Shp\u00eblajeni dhe thajeni me nj\u00eb leck\u00eb.<\/p>\n<\/div>\n<\/div>\n<\/div>\n<\/div>\n<\/div>\n<\/div>","protected":false},"excerpt":{"rendered":"<p>Faqet e l\u00ebmuara dhe l\u00ebkura e sh\u00ebndetshme jan\u00eb pik\u00ebrisht arsyet pse burrat (dhe partneret e tyre t\u00eb mrekullueshme) shijojn\u00eb nj\u00eb rruajtje t\u00eb but\u00eb. Kremi yn\u00eb Superior p\u00ebr rroje shkum\u00ebzohet mir\u00eb duke p\u00ebrdorur duart ose nj\u00eb fur\u00e7\u00eb t\u00eb mir\u00eb. Ai zbut qimet e mjekr\u00ebs dhe e l\u00eb l\u00ebkur\u00ebn t\u00eb ndihet shk\u00eblqyesh\u00ebm. I formuluar p\u00ebr l\u00ebkur\u00eb normale deri t\u00eb ndjeshme, Kremi Superior p\u00ebr rroje p\u00ebrfiton edhe l\u00ebkur\u00ebn e that\u00eb, fal\u00eb vetive hidratuese t\u00eb bisabololit dhe glicerin\u00ebs. Kreatina ushqen l\u00ebkur\u00ebn dhe ndihmon n\u00eb mbajtjen e fytyrave t\u00eb lumtura dhe t\u00eb sh\u00ebndetshme.\u2019<\/p>\n<p>Kremi i rroj\u00ebs fitoi \u00e7mimin Estetica Premium Product Award n\u00eb kategorin\u00eb &#039;kremi m\u00eb i mir\u00eb i rroj\u00ebs p\u00ebr l\u00ebkur\u00eb t\u00eb ndjeshme&#039; n\u00eb vitin 2023.<\/p>","protected":false},"featured_media":693,"comment_status":"open","ping_status":"closed","template":"","meta":[],"product_brand":[],"product_cat":[190,191,161],"product_tag":[],"class_list":{"0":"post-692","1":"product","2":"type-product","3":"status-publish","4":"has-post-thumbnail","6":"product_cat-beard-balm-men","7":"product_cat-beard-oil-men","8":"product_cat-men","10":"first","11":"instock","12":"shipping-taxable","13":"purchasable","14":"product-type-simple"},"_links":{"self":[{"href":"https:\/\/keune.al\/sq\/wp-json\/wp\/v2\/product\/692","targetHints":{"allow":["GET"]}}],"collection":[{"href":"https:\/\/keune.al\/sq\/wp-json\/wp\/v2\/product"}],"about":[{"href":"https:\/\/keune.al\/sq\/wp-json\/wp\/v2\/types\/product"}],"replies":[{"embeddable":true,"href":"https:\/\/keune.al\/sq\/wp-json\/wp\/v2\/comments?post=692"}],"wp:featuredmedia":[{"embeddable":true,"href":"https:\/\/keune.al\/sq\/wp-json\/wp\/v2\/media\/693"}],"wp:attachment":[{"href":"https:\/\/keune.al\/sq\/wp-json\/wp\/v2\/media?parent=692"}],"wp:term":[{"taxonomy":"product_brand","embeddable":true,"href":"https:\/\/keune.al\/sq\/wp-json\/wp\/v2\/product_brand?post=692"},{"taxonomy":"product_cat","embeddable":true,"href":"https:\/\/keune.al\/sq\/wp-json\/wp\/v2\/product_cat?post=692"},{"taxonomy":"product_tag","embeddable":true,"href":"https:\/\/keune.al\/sq\/wp-json\/wp\/v2\/product_tag?post=692"}],"curies":[{"name":"wp","href":"https:\/\/api.w.org\/{rel}","templated":true}]}}