{"id":690,"date":"2025-09-14T03:43:35","date_gmt":"2025-09-14T03:43:35","guid":{"rendered":"https:\/\/keune.al\/?post_type=product&#038;p=690"},"modified":"2025-11-22T21:16:28","modified_gmt":"2025-11-22T21:16:28","slug":"1922-by-j-m-keune-beard-balm-100ml","status":"publish","type":"product","link":"https:\/\/keune.al\/sq\/produkt\/1922-by-j-m-keune-beard-balm-100ml\/","title":{"rendered":"1922 By J.M. Keune Beard Balm 100ml"},"content":{"rendered":"<div class=\"expander_title___5Kmz\"><strong>P\u00ebrb\u00ebr\u00ebsit<\/strong><\/div>\n<div class=\"expander_content__dB5dn\">\n<div class=\"expander_innerNoScroll__2BEp8\">\n<div class=\"richtext_richText__EPidn\">\n<p>Gjalp\u00eb Shea (Butyrospermum Parkii), Vaj Bajamesh t\u00eb \u00ebmbla (Prunus Amygdalus Dulcis), Dyll\u00eb Blete (Cera Alba), Lanolin\u00eb, Vaj Kokosi (Cocos Nucifera), Vaj Farash Passiflora Incarnata, Vaj Avokadoje (Persea Gratissima), Vaj B\u00ebrthamash Kajsie (Prunus Armeniaca), Parfum (Arom\u00eb), Dipropilen Glikol, Acetat Tokoferil, Citrat Trietil, Kumarin\u00eb, Hidroksicitronelal, Limonene, Linalool.<\/p>\n<div class=\"expander_title___5Kmz\"><strong>Si t\u00eb p\u00ebrdoren?<\/strong><\/div>\n<div class=\"expander_content__dB5dn\">\n<div class=\"expander_innerNoScroll__2BEp8\">\n<div class=\"richtext_richText__EPidn\">\n<p>F\u00ebrkoni nj\u00eb sasi t\u00eb vog\u00ebl n\u00eb p\u00ebll\u00ebmb\u00ebt e dor\u00ebs dhe f\u00ebrkojeni n\u00eb mjek\u00ebr.<\/p>\n<\/div>\n<\/div>\n<\/div>\n<\/div>\n<\/div>\n<\/div>","protected":false},"excerpt":{"rendered":"<p>K\u00ebnaquni me p\u00ebrzierjen luksoze t\u00eb Balsamit ton\u00eb hidratues p\u00ebr mjek\u00ebr me gjalp\u00eb shea, t\u00eb krijuar me mjesht\u00ebri p\u00ebr t\u00eb ofruar nj\u00eb mbajtje t\u00eb leht\u00eb dhe nj\u00eb p\u00ebrfundim natyral. I pasuruar me p\u00ebrb\u00ebr\u00ebs ushqyes si gjalpi shea, vaji i bajames s\u00eb \u00ebmb\u00ebl, vaji i kokosit, vaji i avokados dhe vaji i b\u00ebrtham\u00ebs s\u00eb kajsis\u00eb, ky balsam jo vet\u00ebm q\u00eb stilon, por edhe hidraton dhe zbut thell\u00ebsisht flok\u00ebt dhe l\u00ebkur\u00ebn tuaj. Shtimi i dyllit t\u00eb blet\u00ebs siguron nj\u00eb mbajtje natyrale, duke ju l\u00ebn\u00eb me nj\u00eb pamje t\u00eb fresk\u00ebt dhe t\u00eb ushqyer \u00e7do her\u00eb.<\/p>","protected":false},"featured_media":691,"comment_status":"open","ping_status":"closed","template":"","meta":[],"product_brand":[],"product_cat":[190,161],"product_tag":[],"class_list":{"0":"post-690","1":"product","2":"type-product","3":"status-publish","4":"has-post-thumbnail","6":"product_cat-beard-balm-men","7":"product_cat-men","9":"first","10":"instock","11":"shipping-taxable","12":"purchasable","13":"product-type-simple"},"_links":{"self":[{"href":"https:\/\/keune.al\/sq\/wp-json\/wp\/v2\/product\/690","targetHints":{"allow":["GET"]}}],"collection":[{"href":"https:\/\/keune.al\/sq\/wp-json\/wp\/v2\/product"}],"about":[{"href":"https:\/\/keune.al\/sq\/wp-json\/wp\/v2\/types\/product"}],"replies":[{"embeddable":true,"href":"https:\/\/keune.al\/sq\/wp-json\/wp\/v2\/comments?post=690"}],"wp:featuredmedia":[{"embeddable":true,"href":"https:\/\/keune.al\/sq\/wp-json\/wp\/v2\/media\/691"}],"wp:attachment":[{"href":"https:\/\/keune.al\/sq\/wp-json\/wp\/v2\/media?parent=690"}],"wp:term":[{"taxonomy":"product_brand","embeddable":true,"href":"https:\/\/keune.al\/sq\/wp-json\/wp\/v2\/product_brand?post=690"},{"taxonomy":"product_cat","embeddable":true,"href":"https:\/\/keune.al\/sq\/wp-json\/wp\/v2\/product_cat?post=690"},{"taxonomy":"product_tag","embeddable":true,"href":"https:\/\/keune.al\/sq\/wp-json\/wp\/v2\/product_tag?post=690"}],"curies":[{"name":"wp","href":"https:\/\/api.w.org\/{rel}","templated":true}]}}