{"id":682,"date":"2025-09-14T02:21:19","date_gmt":"2025-09-14T02:21:19","guid":{"rendered":"https:\/\/keune.al\/?post_type=product&#038;p=682"},"modified":"2025-11-22T19:39:07","modified_gmt":"2025-11-22T19:39:07","slug":"resetter-200ml","status":"publish","type":"product","link":"https:\/\/keune.al\/sq\/produkt\/resetter-200ml\/","title":{"rendered":"Resetter 200ml"},"content":{"rendered":"<div class=\"expander_title___5Kmz\"><strong>P\u00ebrb\u00ebr\u00ebsit<\/strong><\/div>\n<div class=\"expander_content__dB5dn\">\n<div class=\"expander_innerNoScroll__2BEp8\">\n<div class=\"richtext_richText__EPidn\">\n<p>Uj\u00eb (Aqua), Pantenol, Vaj Ricini i Hidrogjenizuar PEG-40, Arginin\u00eb, Glukoz\u00eb, Acid Citrik, Inulin\u00eb Hidroksipropiltrimoniumi, Benzoat Natriumi, Silice, Inulin\u00eb, Betain\u00eb, Acetat Tokoferil, Parfum (Arom\u00eb), Dipropilen Glikol, Vaj Gjethe Rosmarinus Officinalis (Rozmarin\u00eb), Fruktoz\u00eb, Alfa-Terpinene, Beta-Kariofilene, Kamfor, Limonene, Pinene.<\/p>\n<div class=\"expander_title___5Kmz\"><strong>Si t\u00eb p\u00ebrdoren?<\/strong><\/div>\n<div class=\"expander_content__dB5dn\">\n<div class=\"expander_innerNoScroll__2BEp8\">\n<div class=\"richtext_richText__EPidn\">\n<ol>\n<li>Tundeni mir\u00eb para p\u00ebrdorimit p\u00ebr t&#039;u siguruar q\u00eb p\u00ebrb\u00ebr\u00ebsit aktiv\u00eb t\u00eb shp\u00ebrndahen n\u00eb m\u00ebnyr\u00eb t\u00eb barabart\u00eb.<\/li>\n<li>Sp\u00ebrkatni n\u00eb flok\u00eb t\u00eb that\u00eb, nga rr\u00ebnj\u00ebt deri te majat.<\/li>\n<li>Thajeni me thar\u00ebse dhe stilojeni sipas d\u00ebshir\u00ebs.<\/li>\n<\/ol>\n<\/div>\n<\/div>\n<\/div>\n<\/div>\n<\/div>\n<\/div>","protected":false},"excerpt":{"rendered":"<p>K\u00ebnaquni me kujdesin luksoz t\u00eb spray-it ton\u00eb p\u00ebr rivendosjen e lidhjeve mikrobiomike. I pasuruar me prebiotik\u00eb, rozmarin\u00eb dhe betain\u00eb, ai ushqen nj\u00eb skalp t\u00eb sh\u00ebndetsh\u00ebm, forcon fibrat e flokut dhe siguron mbrojtje nga nxeht\u00ebsia deri n\u00eb 230\u00b0C\/446\u00b0F.<\/p>\n<p>Ky produkt shum\u00ebp\u00ebrfitues rigjeneron pamjen tuaj nd\u00ebrkoh\u00eb q\u00eb ofron nj\u00eb efekt kund\u00ebr elektrizimit. Teknologjia e Integruar e Fuser Bond mbron dhe forcon flokun duke e mbrojtur dhe duke krijuar lidhje disulfide.<\/p>\n<p>Shijoni arom\u00ebn Violet Crush dhe p\u00ebrjetoni sh\u00ebndet t\u00eb p\u00ebrmir\u00ebsuar t\u00eb skalpit t\u00eb kok\u00ebs dhe forcim t\u00eb flokut.<\/p>","protected":false},"featured_media":683,"comment_status":"open","ping_status":"closed","template":"","meta":[],"product_brand":[],"product_cat":[19,23],"product_tag":[],"class_list":{"0":"post-682","1":"product","2":"type-product","3":"status-publish","4":"has-post-thumbnail","6":"product_cat-hair-styling","7":"product_cat-hairspray","8":"pa_variant-75ml","9":"pa_variant-300ml","11":"first","12":"instock","13":"shipping-taxable","14":"purchasable","15":"product-type-simple"},"_links":{"self":[{"href":"https:\/\/keune.al\/sq\/wp-json\/wp\/v2\/product\/682","targetHints":{"allow":["GET"]}}],"collection":[{"href":"https:\/\/keune.al\/sq\/wp-json\/wp\/v2\/product"}],"about":[{"href":"https:\/\/keune.al\/sq\/wp-json\/wp\/v2\/types\/product"}],"replies":[{"embeddable":true,"href":"https:\/\/keune.al\/sq\/wp-json\/wp\/v2\/comments?post=682"}],"wp:featuredmedia":[{"embeddable":true,"href":"https:\/\/keune.al\/sq\/wp-json\/wp\/v2\/media\/683"}],"wp:attachment":[{"href":"https:\/\/keune.al\/sq\/wp-json\/wp\/v2\/media?parent=682"}],"wp:term":[{"taxonomy":"product_brand","embeddable":true,"href":"https:\/\/keune.al\/sq\/wp-json\/wp\/v2\/product_brand?post=682"},{"taxonomy":"product_cat","embeddable":true,"href":"https:\/\/keune.al\/sq\/wp-json\/wp\/v2\/product_cat?post=682"},{"taxonomy":"product_tag","embeddable":true,"href":"https:\/\/keune.al\/sq\/wp-json\/wp\/v2\/product_tag?post=682"}],"curies":[{"name":"wp","href":"https:\/\/api.w.org\/{rel}","templated":true}]}}