{"id":679,"date":"2025-09-14T02:19:35","date_gmt":"2025-09-14T02:19:35","guid":{"rendered":"https:\/\/keune.al\/?post_type=product&#038;p=679"},"modified":"2025-11-22T19:37:41","modified_gmt":"2025-11-22T19:37:41","slug":"climate-control-200ml","status":"publish","type":"product","link":"https:\/\/keune.al\/sq\/produkt\/climate-control-200ml\/","title":{"rendered":"Climate Control 200ml"},"content":{"rendered":"<div class=\"expander_title___5Kmz\"><strong>P\u00ebrb\u00ebr\u00ebsit<\/strong><\/div>\n<div class=\"expander_content__dB5dn\">\n<div class=\"expander_innerNoScroll__2BEp8\">\n<div class=\"richtext_richText__EPidn\">\n<p>Alkool Denat., Dimetil Eter, Alkool Izopropilik, Kopolimer Oktilakrilamid\/Akrilate\/Butilaminoetil Metakrilat, Trietanolamin\u00eb, Parfum (Arom\u00eb), Trisiloksan, Dimetikon, Dipropilen Glikol, Trimetilbenzenpropanol.<\/p>\n<div class=\"expander_title___5Kmz\"><strong>Si t\u00eb p\u00ebrdoren?<\/strong><\/div>\n<div class=\"expander_content__dB5dn\">\n<div class=\"expander_innerNoScroll__2BEp8\">\n<div class=\"richtext_richText__EPidn\">\n<p>Pas stilimit, sp\u00ebrkatni n\u00eb flok\u00eb t\u00eb that\u00eb nga nj\u00eb distanc\u00eb prej 30 cm (12\u201d).<\/p>\n<\/div>\n<\/div>\n<\/div>\n<\/div>\n<\/div>\n<\/div>","protected":false},"excerpt":{"rendered":"<p>Prezantojm\u00eb Climate Control, nj\u00eb llak floku pa pesh\u00eb q\u00eb e mban flokun tuaj t\u00eb stiluar bukur dhe pa elektrizim, edhe n\u00eb ato dit\u00eb josh\u00ebse vere.<\/p>\n<p>Ky spraj i leht\u00eb ofron mbrojtje nga lag\u00ebshtia deri n\u00eb 90%, duke siguruar q\u00eb modeli juaj i flokut t\u00eb mbetet i paprekur pavar\u00ebsisht motit. Me mbrojtje nga nxeht\u00ebsia deri n\u00eb 230\u00b0C\/446\u00b0F, \u00ebsht\u00eb perfekt p\u00ebr t\u00eb mir\u00ebmbajtur flok\u00eb t\u00eb l\u00ebmuar dhe pa elektrizim. P\u00ebrmban arom\u00ebn freskuese t\u00eb Rhubarb Bloom.<\/p>\n<p>Climate Control \u00ebsht\u00eb versioni i p\u00ebrmir\u00ebsuar i Humidity Shield.<\/p>","protected":false},"featured_media":680,"comment_status":"open","ping_status":"closed","template":"","meta":[],"product_brand":[],"product_cat":[19,23],"product_tag":[],"class_list":{"0":"post-679","1":"product","2":"type-product","3":"status-publish","4":"has-post-thumbnail","6":"product_cat-hair-styling","7":"product_cat-hairspray","8":"pa_variant-75ml","9":"pa_variant-300ml","11":"first","12":"instock","13":"shipping-taxable","14":"purchasable","15":"product-type-simple"},"_links":{"self":[{"href":"https:\/\/keune.al\/sq\/wp-json\/wp\/v2\/product\/679","targetHints":{"allow":["GET"]}}],"collection":[{"href":"https:\/\/keune.al\/sq\/wp-json\/wp\/v2\/product"}],"about":[{"href":"https:\/\/keune.al\/sq\/wp-json\/wp\/v2\/types\/product"}],"replies":[{"embeddable":true,"href":"https:\/\/keune.al\/sq\/wp-json\/wp\/v2\/comments?post=679"}],"wp:featuredmedia":[{"embeddable":true,"href":"https:\/\/keune.al\/sq\/wp-json\/wp\/v2\/media\/680"}],"wp:attachment":[{"href":"https:\/\/keune.al\/sq\/wp-json\/wp\/v2\/media?parent=679"}],"wp:term":[{"taxonomy":"product_brand","embeddable":true,"href":"https:\/\/keune.al\/sq\/wp-json\/wp\/v2\/product_brand?post=679"},{"taxonomy":"product_cat","embeddable":true,"href":"https:\/\/keune.al\/sq\/wp-json\/wp\/v2\/product_cat?post=679"},{"taxonomy":"product_tag","embeddable":true,"href":"https:\/\/keune.al\/sq\/wp-json\/wp\/v2\/product_tag?post=679"}],"curies":[{"name":"wp","href":"https:\/\/api.w.org\/{rel}","templated":true}]}}