{"id":675,"date":"2025-09-14T02:16:47","date_gmt":"2025-09-14T02:16:47","guid":{"rendered":"https:\/\/keune.al\/?post_type=product&#038;p=675"},"modified":"2025-11-22T19:34:19","modified_gmt":"2025-11-22T19:34:19","slug":"terapi-shkelqimi","status":"publish","type":"product","link":"https:\/\/keune.al\/sq\/produkt\/terapi-shkelqimi\/","title":{"rendered":"Shine Therapy 200 ml"},"content":{"rendered":"<div class=\"expander_title___5Kmz\"><strong>P\u00ebrb\u00ebr\u00ebsit<\/strong><\/div>\n<div class=\"expander_content__dB5dn\">\n<div class=\"expander_innerNoScroll__2BEp8\">\n<div class=\"richtext_richText__EPidn\">\n<p>Butan, Trisiloksan, Dimetikon, Alkool Denat., Izodecil Neopentanoat, Alkool Izopropilik, Fenil Trimetikon, Parfum (Arom\u00eb), Dipropilen Glikol.<\/p>\n<div class=\"expander_title___5Kmz\"><strong>Si t\u00eb p\u00ebrdoren?<\/strong><\/div>\n<div class=\"expander_content__dB5dn\">\n<div class=\"expander_innerNoScroll__2BEp8\">\n<div class=\"richtext_richText__EPidn\">\n<p>Thjesht sp\u00ebrkatni n\u00eb flok\u00eb t\u00eb that\u00eb nga nj\u00eb distanc\u00eb prej 30 cm (12\u201d) si nj\u00eb prekje p\u00ebrfundimtare.<\/p>\n<\/div>\n<\/div>\n<\/div>\n<\/div>\n<\/div>\n<\/div>","protected":false},"excerpt":{"rendered":"<p>Aktivizoni shk\u00eblqimin e modelit tuaj t\u00eb flokut me spray-in ton\u00eb t\u00eb flokut Shine Therapy, nj\u00eb formul\u00eb pa pesh\u00eb q\u00eb rrit shk\u00eblqimin deri n\u00eb 80%*. Ky spray jo i yndyrsh\u00ebm dhe jo ngjit\u00ebs \u00ebsht\u00eb prekja perfekte p\u00ebrfundimtare p\u00ebr \u00e7do stilim, duke ofruar nj\u00eb p\u00ebrfundim ultra t\u00eb shk\u00eblqyesh\u00ebm.<\/p>\n<p>I p\u00ebrshtatsh\u00ebm p\u00ebr t\u00eb gjitha gjat\u00ebsit\u00eb dhe llojet e flokut, lufton elektrizimin statik dhe mban flokun tuaj t\u00eb but\u00eb dhe t\u00eb l\u00ebmuar gjat\u00eb gjith\u00eb dit\u00ebs. I pasuruar me arom\u00ebn freskuese t\u00eb Rhubarb Bloom, e l\u00eb flokun tuaj me nj\u00eb arom\u00eb t\u00eb k\u00ebndshme.<\/p>\n<p>Shine Therapy \u00ebsht\u00eb versioni i p\u00ebrmir\u00ebsuar i Brilliant Gloss.<\/p>\n<p>*Test instrumental<\/p>","protected":false},"featured_media":676,"comment_status":"open","ping_status":"closed","template":"","meta":[],"product_brand":[],"product_cat":[19,23],"product_tag":[],"class_list":{"0":"post-675","1":"product","2":"type-product","3":"status-publish","4":"has-post-thumbnail","6":"product_cat-hair-styling","7":"product_cat-hairspray","8":"pa_variant-200ml","9":"pa_variant-75ml","11":"first","12":"instock","13":"shipping-taxable","14":"purchasable","15":"product-type-variable","16":"has-default-attributes"},"_links":{"self":[{"href":"https:\/\/keune.al\/sq\/wp-json\/wp\/v2\/product\/675","targetHints":{"allow":["GET"]}}],"collection":[{"href":"https:\/\/keune.al\/sq\/wp-json\/wp\/v2\/product"}],"about":[{"href":"https:\/\/keune.al\/sq\/wp-json\/wp\/v2\/types\/product"}],"replies":[{"embeddable":true,"href":"https:\/\/keune.al\/sq\/wp-json\/wp\/v2\/comments?post=675"}],"wp:featuredmedia":[{"embeddable":true,"href":"https:\/\/keune.al\/sq\/wp-json\/wp\/v2\/media\/676"}],"wp:attachment":[{"href":"https:\/\/keune.al\/sq\/wp-json\/wp\/v2\/media?parent=675"}],"wp:term":[{"taxonomy":"product_brand","embeddable":true,"href":"https:\/\/keune.al\/sq\/wp-json\/wp\/v2\/product_brand?post=675"},{"taxonomy":"product_cat","embeddable":true,"href":"https:\/\/keune.al\/sq\/wp-json\/wp\/v2\/product_cat?post=675"},{"taxonomy":"product_tag","embeddable":true,"href":"https:\/\/keune.al\/sq\/wp-json\/wp\/v2\/product_tag?post=675"}],"curies":[{"name":"wp","href":"https:\/\/api.w.org\/{rel}","templated":true}]}}