{"id":672,"date":"2025-09-14T02:15:04","date_gmt":"2025-09-14T02:15:04","guid":{"rendered":"https:\/\/keune.al\/?post_type=product&#038;p=672"},"modified":"2025-11-22T19:40:28","modified_gmt":"2025-11-22T19:40:28","slug":"liquid-lock-200ml","status":"publish","type":"product","link":"https:\/\/keune.al\/sq\/produkt\/liquid-lock-200ml\/","title":{"rendered":"Liquid Lock 200ml"},"content":{"rendered":"<div class=\"expander_title___5Kmz\"><strong>P\u00ebrb\u00ebr\u00ebsit<\/strong><\/div>\n<div class=\"expander_content__dB5dn\">\n<div class=\"expander_innerNoScroll__2BEp8\">\n<div class=\"richtext_richText__EPidn\">\n<p>Alkool Denat., Ester Butil i Kopolimerit PVM\/MA, Uj\u00eb (Aqua), Aminometil Propanol, Parfum (Arom\u00eb), Dipropilen Glikol, Pantenol, Acetat Tokoferili, Acetat Linalili.<\/p>\n<div class=\"expander_title___5Kmz\"><strong>Si t\u00eb p\u00ebrdoren?<\/strong><\/div>\n<div class=\"expander_content__dB5dn\">\n<div class=\"expander_innerNoScroll__2BEp8\">\n<div class=\"richtext_richText__EPidn\">\n<ol>\n<li>Tundeni mir\u00eb para p\u00ebrdorimit.<\/li>\n<li>Sp\u00ebrkatni n\u00eb m\u00ebnyr\u00eb t\u00eb barabart\u00eb n\u00eb flok\u00eb t\u00eb that\u00eb nga nj\u00eb distanc\u00eb prej 30 cm (12\u201d).<\/li>\n<li>P\u00ebr nj\u00eb p\u00ebrfundim me pamje t\u00eb lagur, sp\u00ebrkatni n\u00eb flok\u00eb t\u00eb lagur.<\/li>\n<\/ol>\n<\/div>\n<\/div>\n<\/div>\n<\/div>\n<\/div>\n<\/div>","protected":false},"excerpt":{"rendered":"<p>Zbuloni llakun ton\u00eb t\u00eb l\u00ebngsh\u00ebm p\u00ebr p\u00ebrfundimin e stilimit t\u00eb flokut, shum\u00ebfunksional dhe pa aerosol, i projektuar p\u00ebr t\u00eb p\u00ebrmir\u00ebsuar tekstur\u00ebn dhe p\u00ebr t\u00eb siguruar nj\u00eb ruajtje intensive 48-or\u00ebshe t\u00eb stilimit.<\/p>\n<p>Ky llak floku \u00ebsht\u00eb i p\u00ebrshtatsh\u00ebm p\u00ebr t\u00eb gjitha gjat\u00ebsit\u00eb dhe llojet e flokut, duke e b\u00ebr\u00eb at\u00eb perfekt p\u00ebr \u00e7do nevoj\u00eb stilimi. I pasuruar me Pantenol p\u00ebr t\u00eb ushqyer flokun tuaj dhe Vitamin\u00eb E, nj\u00eb antioksidant natyral, ai mbron flokun nga ndikimet e jashtme. Formula i jep nj\u00eb shk\u00eblqim q\u00eb duket si i lag\u00ebsht, nd\u00ebrsa i p\u00ebrcakton bukur ka\u00e7urrelat.<\/p>\n<p>Liquid Lock \u00ebsht\u00eb versioni i p\u00ebrmir\u00ebsuar i Liquid Hairspray.<\/p>","protected":false},"featured_media":673,"comment_status":"open","ping_status":"closed","template":"","meta":[],"product_brand":[],"product_cat":[19,23],"product_tag":[],"class_list":{"0":"post-672","1":"product","2":"type-product","3":"status-publish","4":"has-post-thumbnail","6":"product_cat-hair-styling","7":"product_cat-hairspray","8":"pa_variant-75ml","9":"pa_variant-300ml","11":"first","12":"instock","13":"shipping-taxable","14":"purchasable","15":"product-type-simple"},"_links":{"self":[{"href":"https:\/\/keune.al\/sq\/wp-json\/wp\/v2\/product\/672","targetHints":{"allow":["GET"]}}],"collection":[{"href":"https:\/\/keune.al\/sq\/wp-json\/wp\/v2\/product"}],"about":[{"href":"https:\/\/keune.al\/sq\/wp-json\/wp\/v2\/types\/product"}],"replies":[{"embeddable":true,"href":"https:\/\/keune.al\/sq\/wp-json\/wp\/v2\/comments?post=672"}],"wp:featuredmedia":[{"embeddable":true,"href":"https:\/\/keune.al\/sq\/wp-json\/wp\/v2\/media\/673"}],"wp:attachment":[{"href":"https:\/\/keune.al\/sq\/wp-json\/wp\/v2\/media?parent=672"}],"wp:term":[{"taxonomy":"product_brand","embeddable":true,"href":"https:\/\/keune.al\/sq\/wp-json\/wp\/v2\/product_brand?post=672"},{"taxonomy":"product_cat","embeddable":true,"href":"https:\/\/keune.al\/sq\/wp-json\/wp\/v2\/product_cat?post=672"},{"taxonomy":"product_tag","embeddable":true,"href":"https:\/\/keune.al\/sq\/wp-json\/wp\/v2\/product_tag?post=672"}],"curies":[{"name":"wp","href":"https:\/\/api.w.org\/{rel}","templated":true}]}}