{"id":670,"date":"2025-09-14T02:13:03","date_gmt":"2025-09-14T02:13:03","guid":{"rendered":"https:\/\/keune.al\/?post_type=product&#038;p=670"},"modified":"2025-11-22T20:13:47","modified_gmt":"2025-11-22T20:13:47","slug":"cashmere-cloud-200ml","status":"publish","type":"product","link":"https:\/\/keune.al\/sq\/produkt\/cashmere-cloud-200ml\/","title":{"rendered":"Cashmere Cloud 200ml"},"content":{"rendered":"<div class=\"expander_title___5Kmz\"><strong>P\u00ebrb\u00ebr\u00ebsit<\/strong><\/div>\n<div class=\"expander_content__dB5dn\">\n<div class=\"expander_innerNoScroll__2BEp8\">\n<div class=\"richtext_richText__EPidn\">\n<p>Uj\u00eb (Aqua), Izobutan, Kopolimer VP\/VA, Polikuaternium-4, Propan, Butan, Trideceth-9, PEG-12 Dimetikon, PEG-5 Etilheksanoat, Fenoksietanol, Vaj Ricini i Hidrogjenizuar PEG-40, Parfum (Arom\u00eb), Pantenol, Etilheksilglicerin\u00eb, Dipropilen Glikol, Protein\u00eb Bimore e Hidrolizuar PG-Propil Silanetriol, Acetat Tokoferil, Sorbat Kaliumi.<\/p>\n<div class=\"expander_title___5Kmz\"><strong>Si t\u00eb p\u00ebrdoren?<\/strong><\/div>\n<div class=\"expander_content__dB5dn\">\n<div class=\"expander_innerNoScroll__2BEp8\">\n<div class=\"richtext_richText__EPidn\">\n<ol>\n<li>Tundeni mir\u00eb para p\u00ebrdorimit, hidhni Cashmere Cloud n\u00eb p\u00ebll\u00ebmb\u00ebn e dor\u00ebs dhe f\u00ebrkoni duart s\u00eb bashku p\u00ebr t\u00eb shp\u00ebrndar\u00eb shkum\u00ebn n\u00eb m\u00ebnyr\u00eb t\u00eb barabart\u00eb n\u00eb flokun e lagur.<\/li>\n<li>Stiloni sipas d\u00ebshir\u00ebs. P\u00ebrdorni thar\u00ebse floku p\u00ebr t\u00eb shtuar volumin.<\/li>\n<\/ol>\n<\/div>\n<\/div>\n<\/div>\n<\/div>\n<\/div>\n<\/div>","protected":false},"excerpt":{"rendered":"<p>Zbuloni Cashmere Cloud, nj\u00eb shkum\u00eb floku q\u00eb kombinon volumin, kujdesin dhe nj\u00eb prekje t\u00eb but\u00eb si m\u00ebndafshi. Kjo shkum\u00eb floku e ajrosur \u00ebsht\u00eb e pasuruar me pantenol, proteina me baz\u00eb bimore dhe vitamin\u00eb E. Ushqen dhe mbron flokun nga faktor\u00ebt stresues mjedisor\u00eb, nd\u00ebrkoh\u00eb q\u00eb ofron mbrojtje nga nxeht\u00ebsia deri n\u00eb 230\u00b0C - perfekte p\u00ebr p\u00ebrdorim me mjete stilimi.<\/p>\n<p>Cashmere Cloud \u00ebsht\u00eb i p\u00ebrshtatsh\u00ebm p\u00ebr t\u00eb gjitha gjat\u00ebsit\u00eb e flokut dhe ideal p\u00ebr flok\u00eb t\u00eb holl\u00eb deri normal\u00eb. Kjo shkum\u00eb floku shum\u00ebfunksionale \u00ebsht\u00eb gjithashtu perfekte p\u00ebr flokun ka\u00e7urrel: ajo p\u00ebrcakton dhe thekson ka\u00e7urrelat duke shtuar volum dhe elasticitet. E pasuruar me nj\u00eb arom\u00eb freskuese Rhubarb Bloom.<\/p>\n<p>Cashmere Cloud \u00ebsht\u00eb versioni i p\u00ebrmir\u00ebsuar i Soft Mousse.<\/p>","protected":false},"featured_media":671,"comment_status":"open","ping_status":"closed","template":"","meta":[],"product_brand":[],"product_cat":[19,23,179],"product_tag":[],"class_list":{"0":"post-670","1":"product","2":"type-product","3":"status-publish","4":"has-post-thumbnail","6":"product_cat-hair-styling","7":"product_cat-hairspray","8":"product_cat-mousse-hair-styling","9":"pa_variant-75ml","10":"pa_variant-300ml","12":"first","13":"instock","14":"shipping-taxable","15":"purchasable","16":"product-type-simple"},"_links":{"self":[{"href":"https:\/\/keune.al\/sq\/wp-json\/wp\/v2\/product\/670","targetHints":{"allow":["GET"]}}],"collection":[{"href":"https:\/\/keune.al\/sq\/wp-json\/wp\/v2\/product"}],"about":[{"href":"https:\/\/keune.al\/sq\/wp-json\/wp\/v2\/types\/product"}],"replies":[{"embeddable":true,"href":"https:\/\/keune.al\/sq\/wp-json\/wp\/v2\/comments?post=670"}],"wp:featuredmedia":[{"embeddable":true,"href":"https:\/\/keune.al\/sq\/wp-json\/wp\/v2\/media\/671"}],"wp:attachment":[{"href":"https:\/\/keune.al\/sq\/wp-json\/wp\/v2\/media?parent=670"}],"wp:term":[{"taxonomy":"product_brand","embeddable":true,"href":"https:\/\/keune.al\/sq\/wp-json\/wp\/v2\/product_brand?post=670"},{"taxonomy":"product_cat","embeddable":true,"href":"https:\/\/keune.al\/sq\/wp-json\/wp\/v2\/product_cat?post=670"},{"taxonomy":"product_tag","embeddable":true,"href":"https:\/\/keune.al\/sq\/wp-json\/wp\/v2\/product_tag?post=670"}],"curies":[{"name":"wp","href":"https:\/\/api.w.org\/{rel}","templated":true}]}}