{"id":668,"date":"2025-09-14T02:10:59","date_gmt":"2025-09-14T02:10:59","guid":{"rendered":"https:\/\/keune.al\/?post_type=product&#038;p=668"},"modified":"2026-03-04T12:01:16","modified_gmt":"2026-03-04T12:01:16","slug":"air-wax-200ml","status":"publish","type":"product","link":"https:\/\/keune.al\/sq\/produkt\/air-wax-200ml\/","title":{"rendered":"Air Wax 200ml"},"content":{"rendered":"<div class=\"expander_title___5Kmz\"><strong>P\u00ebrb\u00ebr\u00ebsit<\/strong><\/div>\n<div class=\"expander_content__dB5dn\">\n<div class=\"expander_innerNoScroll__2BEp8\">\n<div class=\"richtext_richText__EPidn\">\n<p>Alkool Denat., Dimetil Eter, Glicerin\u00eb, Kopolimer VA\/Krotonate\/Vinil Neodekanoat, Alkool Izopropilik, Propilen Glikol, Uj\u00eb (Aqua), Aminometil Propanol, Oktildodekanol, Parfum (Arom\u00eb), Acetat Tokoferil, Dipropilen Glikol, Vaj L\u00ebkure Citrus Aurantium, Vaj L\u00ebkure Citrus Limon (Limon), Heksil Cinamal, Limonene, Linalool, Tetrametil Acetiloktahidronaftalene.<\/p>\n<div class=\"expander_title___5Kmz\"><strong>Si t\u00eb p\u00ebrdoren?<\/strong><\/div>\n<div class=\"expander_content__dB5dn\">\n<div class=\"expander_innerNoScroll__2BEp8\">\n<div class=\"richtext_richText__EPidn\">\n<ol>\n<li>Tundeni mir\u00eb para p\u00ebrdorimit p\u00ebr t&#039;u siguruar q\u00eb p\u00ebrb\u00ebr\u00ebsit aktiv\u00eb t\u00eb shp\u00ebrndahen n\u00eb m\u00ebnyr\u00eb t\u00eb barabart\u00eb.<\/li>\n<li>Sp\u00ebrkatni direkt n\u00eb flok\u00eb t\u00eb that\u00eb nga nj\u00eb distanc\u00eb prej 30 cm (12\u201d).<\/li>\n<li>Stiloni flokun sipas d\u00ebshir\u00ebs.<\/li>\n<\/ol>\n<\/div>\n<\/div>\n<\/div>\n<\/div>\n<\/div>\n<\/div>","protected":false},"excerpt":{"rendered":"<p>P\u00ebrmir\u00ebsoni bukurin\u00eb e flokut tuaj me qiriun ton\u00eb t\u00eb leht\u00eb n\u00eb form\u00eb spray, nj\u00eb produkt stilimi i gjithansh\u00ebm thelb\u00ebsor p\u00ebr t\u00eb gjitha llojet e flokut. Formula ultra e leht\u00eb dhe jo vajore shton nj\u00eb prekje t\u00eb ajrosur teksture dhe p\u00ebrcaktimi t\u00eb modelit, duke krijuar nj\u00eb pamje natyrale dhe t\u00eb l\u00ebmuar.<\/p>\n<p>Ideale p\u00ebr l\u00ebmimin e ka\u00e7urrelave dhe flokut t\u00eb elektrizuar, ky qiri spray i Keune \u00ebsht\u00eb perfekt p\u00ebr t\u00eb arritur nj\u00eb kapje elegante ose \u00e7do stilim me pamje t\u00eb l\u00ebmuar. Shijoni tekstur\u00eb, shk\u00eblqim dhe p\u00ebrkufizim t\u00eb shtuar duke ruajtur nj\u00eb ndjesi t\u00eb leht\u00eb dhe natyrale.<\/p>\n<p>I pasuruar me nj\u00eb arom\u00eb freskuese Bergamot Blush, e l\u00eb flokun tuaj me nj\u00eb arom\u00eb t\u00eb k\u00ebndshme.<\/p>\n<p>Air Wax \u00ebsht\u00eb versioni i p\u00ebrmir\u00ebsuar i Spray Wax.<\/p>","protected":false},"featured_media":669,"comment_status":"open","ping_status":"closed","template":"","meta":[],"product_brand":[],"product_cat":[19,23,177,186],"product_tag":[],"class_list":{"0":"post-668","1":"product","2":"type-product","3":"status-publish","4":"has-post-thumbnail","6":"product_cat-hair-styling","7":"product_cat-hairspray","8":"product_cat-wax-hair-styling","9":"product_cat-wax-men-2","10":"pa_variant-75ml","11":"pa_variant-300ml","13":"first","14":"outofstock","15":"shipping-taxable","16":"purchasable","17":"product-type-simple"},"_links":{"self":[{"href":"https:\/\/keune.al\/sq\/wp-json\/wp\/v2\/product\/668","targetHints":{"allow":["GET"]}}],"collection":[{"href":"https:\/\/keune.al\/sq\/wp-json\/wp\/v2\/product"}],"about":[{"href":"https:\/\/keune.al\/sq\/wp-json\/wp\/v2\/types\/product"}],"replies":[{"embeddable":true,"href":"https:\/\/keune.al\/sq\/wp-json\/wp\/v2\/comments?post=668"}],"wp:featuredmedia":[{"embeddable":true,"href":"https:\/\/keune.al\/sq\/wp-json\/wp\/v2\/media\/669"}],"wp:attachment":[{"href":"https:\/\/keune.al\/sq\/wp-json\/wp\/v2\/media?parent=668"}],"wp:term":[{"taxonomy":"product_brand","embeddable":true,"href":"https:\/\/keune.al\/sq\/wp-json\/wp\/v2\/product_brand?post=668"},{"taxonomy":"product_cat","embeddable":true,"href":"https:\/\/keune.al\/sq\/wp-json\/wp\/v2\/product_cat?post=668"},{"taxonomy":"product_tag","embeddable":true,"href":"https:\/\/keune.al\/sq\/wp-json\/wp\/v2\/product_tag?post=668"}],"curies":[{"name":"wp","href":"https:\/\/api.w.org\/{rel}","templated":true}]}}