{"id":665,"date":"2025-09-14T02:09:10","date_gmt":"2025-09-14T02:09:10","guid":{"rendered":"https:\/\/keune.al\/?post_type=product&#038;p=665"},"modified":"2025-11-22T19:22:36","modified_gmt":"2025-11-22T19:22:36","slug":"fixer-300ml","status":"publish","type":"product","link":"https:\/\/keune.al\/sq\/produkt\/fixer-300ml\/","title":{"rendered":"Fixer 300ml"},"content":{"rendered":"<div class=\"expander_title___5Kmz\"><strong>P\u00ebrb\u00ebr\u00ebsit<\/strong><\/div>\n<div class=\"expander_content__dB5dn\">\n<div class=\"expander_innerNoScroll__2BEp8\">\n<div class=\"richtext_richText__EPidn\">\n<p>Dimethyl Ether, Alcohol Denat., Octylacrylamide\/ Acrylates\/Butylaminoethyl Methacrylate Copolymer, Isopropyl Alcohol, Aqua (Water), Aminomethyl Propanol, Phenyl Trimethicone, Parfum (Fragrance), Dipropylene Glycol, Trimethylbenzenepropanol.<\/p>\n<div class=\"expander_title___5Kmz\"><strong>Si t\u00eb p\u00ebrdoren?<\/strong><\/div>\n<div class=\"expander_content__dB5dn\">\n<div class=\"expander_innerNoScroll__2BEp8\">\n<div class=\"richtext_richText__EPidn\">\n<p>Aplikojeni n\u00eb flok\u00eb t\u00eb that\u00eb n\u00eb nj\u00eb distanc\u00eb prej 30 cm (12\u201d). Shtresojeni p\u00ebr t\u00eb personalizuar fiksimin. P\u00ebr rezultate m\u00eb t\u00eb mira, aplikojeni n\u00eb shtresa duke e sp\u00ebrkatur leht\u00eb mbi pjes\u00eb t\u00eb vogla t\u00eb flokut dhe duke e l\u00ebn\u00eb secil\u00ebn shtres\u00eb t\u00eb thahet para se t\u00eb aplikoni tjetr\u00ebn. Shijoni modele floku t\u00eb p\u00ebrsosura dhe jet\u00ebgjata q\u00eb q\u00ebndrojn\u00eb n\u00eb vend pavar\u00ebsisht gjith\u00e7kaje!<\/p>\n<\/div>\n<\/div>\n<\/div>\n<\/div>\n<\/div>\n<\/div>","protected":false},"excerpt":{"rendered":"<p>P\u00ebr modele floku mahnit\u00ebse q\u00eb q\u00ebndrojn\u00eb pa l\u00ebvizur n\u00eb m\u00ebnyr\u00eb t\u00eb p\u00ebrsosur dit\u00eb e nat\u00eb, zgjidhni Fixer, llakun e fuqish\u00ebm t\u00eb flokut nga Keune. Ky llak ofron fiksim ultra t\u00eb fort\u00eb deri n\u00eb 48 or\u00eb, shton shk\u00eblqim natyral dhe mbron flokun tuaj nga lag\u00ebshtia dhe elektrizimi.<\/p>\n<p>220\nFixer \u00ebsht\u00eb i p\u00ebrshtatsh\u00ebm p\u00ebr t\u00eb gjitha gjat\u00ebsit\u00eb dhe llojet e flokut, duke ofruar kontroll afatgjat\u00eb pa e r\u00ebnduar flokun. Shijoni p\u00ebrvoj\u00ebn e arom\u00ebs freskuese t\u00eb Rhubarb Bloom - prekja perfekte p\u00ebrfundimtare p\u00ebr t\u00eb kompletuar stilin tuaj.<\/p>\n<p>Fixer \u00ebsht\u00eb versioni i p\u00ebrmir\u00ebsuar i High Impact Spray.<\/p>","protected":false},"featured_media":666,"comment_status":"open","ping_status":"closed","template":"","meta":[],"product_brand":[],"product_cat":[19,23],"product_tag":[],"class_list":{"0":"post-665","1":"product","2":"type-product","3":"status-publish","4":"has-post-thumbnail","6":"product_cat-hair-styling","7":"product_cat-hairspray","8":"pa_variant-75ml","9":"pa_variant-300ml","11":"first","12":"instock","13":"shipping-taxable","14":"purchasable","15":"product-type-simple"},"_links":{"self":[{"href":"https:\/\/keune.al\/sq\/wp-json\/wp\/v2\/product\/665","targetHints":{"allow":["GET"]}}],"collection":[{"href":"https:\/\/keune.al\/sq\/wp-json\/wp\/v2\/product"}],"about":[{"href":"https:\/\/keune.al\/sq\/wp-json\/wp\/v2\/types\/product"}],"replies":[{"embeddable":true,"href":"https:\/\/keune.al\/sq\/wp-json\/wp\/v2\/comments?post=665"}],"wp:featuredmedia":[{"embeddable":true,"href":"https:\/\/keune.al\/sq\/wp-json\/wp\/v2\/media\/666"}],"wp:attachment":[{"href":"https:\/\/keune.al\/sq\/wp-json\/wp\/v2\/media?parent=665"}],"wp:term":[{"taxonomy":"product_brand","embeddable":true,"href":"https:\/\/keune.al\/sq\/wp-json\/wp\/v2\/product_brand?post=665"},{"taxonomy":"product_cat","embeddable":true,"href":"https:\/\/keune.al\/sq\/wp-json\/wp\/v2\/product_cat?post=665"},{"taxonomy":"product_tag","embeddable":true,"href":"https:\/\/keune.al\/sq\/wp-json\/wp\/v2\/product_tag?post=665"}],"curies":[{"name":"wp","href":"https:\/\/api.w.org\/{rel}","templated":true}]}}