{"id":660,"date":"2025-09-14T02:07:17","date_gmt":"2025-09-14T02:07:17","guid":{"rendered":"https:\/\/keune.al\/?post_type=product&#038;p=660"},"modified":"2025-11-22T19:27:05","modified_gmt":"2025-11-22T19:27:05","slug":"thick-trick-200ml","status":"publish","type":"product","link":"https:\/\/keune.al\/sq\/produkt\/thick-trick-200ml\/","title":{"rendered":"Thick Trick 200ml"},"content":{"rendered":"<div class=\"expander_title___5Kmz\"><strong>P\u00ebrb\u00ebr\u00ebsit<\/strong><\/div>\n<div class=\"expander_content__dB5dn\">\n<div class=\"expander_innerNoScroll__2BEp8\">\n<div class=\"richtext_richText__EPidn\">\n<p>Uj\u00eb (Aqua), Vaj ricini i hidrogjenizuar PEG-40, Niseshte misri e hidrolizuar, Poliimid-1, Propanediol, PVP, Fenoksietanol, Parfum (Arom\u00eb), Dipropilen glikol, Polikuaternium-4, Arginin\u00eb, Glukoz\u00eb, Pantenol, Etilheksilglicerin\u00eb, Acid Citrik, Protein\u00eb bizeleje e hidrolizuar, Protein\u00eb bimore e hidrolizuar, Sorbat kaliumi, Benzoat natriumi, Salicilat amil.<\/p>\n<div class=\"expander_title___5Kmz\"><strong>Si t\u00eb p\u00ebrdoren?<\/strong><\/div>\n<div class=\"expander_content__dB5dn\">\n<div class=\"expander_innerNoScroll__2BEp8\">\n<div class=\"richtext_richText__EPidn\">\n<p>1. Tundeni mir\u00eb para p\u00ebrdorimit p\u00ebr t&#039;u siguruar q\u00eb p\u00ebrb\u00ebr\u00ebsit aktiv\u00eb t\u00eb shp\u00ebrndahen n\u00eb m\u00ebnyr\u00eb t\u00eb barabart\u00eb.<\/p>\n<p>2. Sp\u00ebrkatni direkt n\u00eb flok\u00eb t\u00eb that\u00eb nga nj\u00eb distanc\u00eb prej 15 cm (6\u201d) n\u00eb flok\u00eb t\u00eb lar\u00eb dhe t\u00eb tamponuar me peshqir.<\/p>\n<p>3. P\u00ebr volumin e synuar, p\u00ebrqendrohuni te sp\u00ebrkatja n\u00eb rr\u00ebnj\u00eb. P\u00ebrdorni thar\u00ebse floku p\u00ebr t\u00eb thar\u00eb flokun dhe p\u00ebrdorni nj\u00eb fur\u00e7\u00eb t\u00eb rrumbullak\u00ebt p\u00ebr volum shtes\u00eb.<\/p>\n<\/div>\n<\/div>\n<\/div>\n<\/div>\n<\/div>\n<\/div>","protected":false},"excerpt":{"rendered":"<p>P\u00ebrjetoni rritjen maksimale t\u00eb volumit me Thick Trick, nj\u00eb spray i fuqish\u00ebm trash\u00ebs q\u00eb ofron flok\u00eb m\u00eb t\u00eb plot\u00eb dhe m\u00eb t\u00eb trash\u00eb me nj\u00eb ndjesi natyrale. Fal\u00eb Teknologjis\u00eb Bond Fuser, ky spray ofron mbrojtje nga nxeht\u00ebsia deri n\u00eb 230\u00b0C\/446\u00b0F dhe ndihmon n\u00eb mbajtjen e flokut t\u00eb sh\u00ebndetsh\u00ebm gjat\u00eb stilimit.<\/p>\n<p>Formula p\u00ebrmban niseshte misri p\u00ebr fiksim fleksib\u00ebl, proteina me baz\u00eb bimore p\u00ebr t\u00eb forcuar flokun dhe Pantenol p\u00ebr ushqim shtes\u00eb. Teknologjia unike Bond Fuser mbron lidhjet ekzistuese t\u00eb flokut dhe ndihmon n\u00eb nd\u00ebrtimin e lidhjeve t\u00eb reja, duke p\u00ebrforcuar struktur\u00ebn e flokut. I p\u00ebrshtatsh\u00ebm p\u00ebr t\u00eb gjitha gjat\u00ebsit\u00eb dhe llojet e flokut - ve\u00e7an\u00ebrisht ideal p\u00ebr flokun e holl\u00eb ose t\u00eb rrall\u00eb. I p\u00ebrfunduar me arom\u00ebn e rafinuar t\u00eb Midnight Blossom.<\/p>\n<p>Thick Trick \u00ebsht\u00eb nj\u00eb alternativ\u00eb e Thickening Cream.<\/p>","protected":false},"featured_media":663,"comment_status":"open","ping_status":"closed","template":"","meta":[],"product_brand":[],"product_cat":[19,23],"product_tag":[],"class_list":{"0":"post-660","1":"product","2":"type-product","3":"status-publish","4":"has-post-thumbnail","6":"product_cat-hair-styling","7":"product_cat-hairspray","8":"pa_variant-75ml","9":"pa_variant-300ml","11":"first","12":"instock","13":"shipping-taxable","14":"purchasable","15":"product-type-simple"},"_links":{"self":[{"href":"https:\/\/keune.al\/sq\/wp-json\/wp\/v2\/product\/660","targetHints":{"allow":["GET"]}}],"collection":[{"href":"https:\/\/keune.al\/sq\/wp-json\/wp\/v2\/product"}],"about":[{"href":"https:\/\/keune.al\/sq\/wp-json\/wp\/v2\/types\/product"}],"replies":[{"embeddable":true,"href":"https:\/\/keune.al\/sq\/wp-json\/wp\/v2\/comments?post=660"}],"wp:featuredmedia":[{"embeddable":true,"href":"https:\/\/keune.al\/sq\/wp-json\/wp\/v2\/media\/663"}],"wp:attachment":[{"href":"https:\/\/keune.al\/sq\/wp-json\/wp\/v2\/media?parent=660"}],"wp:term":[{"taxonomy":"product_brand","embeddable":true,"href":"https:\/\/keune.al\/sq\/wp-json\/wp\/v2\/product_brand?post=660"},{"taxonomy":"product_cat","embeddable":true,"href":"https:\/\/keune.al\/sq\/wp-json\/wp\/v2\/product_cat?post=660"},{"taxonomy":"product_tag","embeddable":true,"href":"https:\/\/keune.al\/sq\/wp-json\/wp\/v2\/product_tag?post=660"}],"curies":[{"name":"wp","href":"https:\/\/api.w.org\/{rel}","templated":true}]}}