{"id":656,"date":"2025-09-14T02:05:42","date_gmt":"2025-09-14T02:05:42","guid":{"rendered":"https:\/\/keune.al\/?post_type=product&#038;p=656"},"modified":"2025-11-22T19:29:30","modified_gmt":"2025-11-22T19:29:30","slug":"high-rise","status":"publish","type":"product","link":"https:\/\/keune.al\/sq\/produkt\/high-rise\/","title":{"rendered":"High Rise 300 ml"},"content":{"rendered":"<div class=\"expander_title___5Kmz\"><strong>P\u00ebrb\u00ebr\u00ebsit<\/strong><\/div>\n<div class=\"expander_content__dB5dn\">\n<div class=\"expander_innerNoScroll__2BEp8\">\n<div class=\"richtext_richText__EPidn\">\n<p>Uj\u00eb, Alkool i Denatuar, Dimetil Eter, Kopolimer VP\/VA, Alkool Izopropilik, Vaj Ricini i Hidrogjenizuar PEG-40, Polikuaternium-46, PEG-12 Dimetikon, Karbomer, Aminometil Propanol, Pantenol, Parfum (Arom\u00eb), Ekstrakt Fruti Vaccinium Myrtillus, Fenoksietanol, Dipropilen Glikol, Ekstrakt Kallam Sheqeri (Saccharum Officinarum), Protein\u00eb Bimore e Hidrolizuar PG-Propil Silanetriol, Fenilpropanol, Ekstrakt Fruti Citrus Aurantium Dulcis (Portokalli), Ekstrakt Fruti Citrus Limon (Limon), Propanediol, Kaprilil Glikol, Ekstrakt Acer Saccharum (Panje Sheqeri), Acetat Tokoferili, Sorbat Kaliumi, Trimetilbenzenpropanol.<\/p>\n<div class=\"expander_title___5Kmz\"><strong>Si t\u00eb p\u00ebrdoren?<\/strong><\/div>\n<div class=\"expander_content__dB5dn\">\n<div class=\"expander_innerNoScroll__2BEp8\">\n<div class=\"richtext_richText__EPidn\">\n<ol>\n<li>Tundeni mir\u00eb High Rise p\u00ebrpara p\u00ebrdorimit. Aplikoni n\u00eb flok\u00eb t\u00eb tamponuar (pas larjes). P\u00ebr volumin e d\u00ebshiruar, fokusohuni ta aplikoni n\u00eb rr\u00ebnj\u00eb.<\/li>\n<li>P\u00ebrdorni thar\u00ebsen p\u00ebr ta stiluar flokun sipas d\u00ebshir\u00ebs. P\u00ebrdorni nj\u00eb fur\u00e7\u00eb t\u00eb rumbullak\u00ebt t\u00eb madhe p\u00ebr volum maksimal t\u00eb flokut.<\/li>\n<\/ol>\n<\/div>\n<\/div>\n<\/div>\n<\/div>\n<\/div>\n<\/div>","protected":false},"excerpt":{"rendered":"<p>High Rise spray volumi \u00ebsht\u00eb arma juaj sekrete p\u00ebr t\u00eb arritur volum maksimal e mbres\u00ebl\u00ebn\u00ebs nga rr\u00ebnja n\u00eb maj\u00eb. Formulimi i tij me pesh\u00eb t\u00eb leht\u00eb shton volum dhe plot\u00ebsi flokut duke e b\u00ebr\u00eb produktin perfekt p\u00ebr t\u00eb gjitha gjat\u00ebsit\u00eb  dhe strukturat e flokut.<\/p>\n<p>Nd\u00ebrsa e aplikoni, do t\u00eb ndjeni p\u00ebrfitimet ushqyese t\u00eb Pantenolit dhe proteinave vegjetale q\u00eb forcojn\u00eb \u00e7do fije floku, nd\u00ebrsa vitamina E do t\u00eb mbroj\u00eb flokun nga agresor\u00ebt ambiental\u00eb.<\/p>\n<p>P\u00ebrjetoni arom\u00ebn freskuese t\u00eb Rhubarb Bloom q\u00eb l\u00eb mbres\u00eb kudo q\u00eb shkoni.<\/p>","protected":false},"featured_media":659,"comment_status":"open","ping_status":"closed","template":"","meta":[],"product_brand":[],"product_cat":[19,23],"product_tag":[],"class_list":{"0":"post-656","1":"product","2":"type-product","3":"status-publish","4":"has-post-thumbnail","6":"product_cat-hair-styling","7":"product_cat-hairspray","8":"pa_variant-75ml","9":"pa_variant-300ml","11":"first","12":"instock","13":"shipping-taxable","14":"purchasable","15":"product-type-variable","16":"has-default-attributes"},"_links":{"self":[{"href":"https:\/\/keune.al\/sq\/wp-json\/wp\/v2\/product\/656","targetHints":{"allow":["GET"]}}],"collection":[{"href":"https:\/\/keune.al\/sq\/wp-json\/wp\/v2\/product"}],"about":[{"href":"https:\/\/keune.al\/sq\/wp-json\/wp\/v2\/types\/product"}],"replies":[{"embeddable":true,"href":"https:\/\/keune.al\/sq\/wp-json\/wp\/v2\/comments?post=656"}],"wp:featuredmedia":[{"embeddable":true,"href":"https:\/\/keune.al\/sq\/wp-json\/wp\/v2\/media\/659"}],"wp:attachment":[{"href":"https:\/\/keune.al\/sq\/wp-json\/wp\/v2\/media?parent=656"}],"wp:term":[{"taxonomy":"product_brand","embeddable":true,"href":"https:\/\/keune.al\/sq\/wp-json\/wp\/v2\/product_brand?post=656"},{"taxonomy":"product_cat","embeddable":true,"href":"https:\/\/keune.al\/sq\/wp-json\/wp\/v2\/product_cat?post=656"},{"taxonomy":"product_tag","embeddable":true,"href":"https:\/\/keune.al\/sq\/wp-json\/wp\/v2\/product_tag?post=656"}],"curies":[{"name":"wp","href":"https:\/\/api.w.org\/{rel}","templated":true}]}}