{"id":649,"date":"2025-09-14T02:02:26","date_gmt":"2025-09-14T02:02:26","guid":{"rendered":"https:\/\/keune.al\/?post_type=product&#038;p=649"},"modified":"2025-11-22T19:19:23","modified_gmt":"2025-11-22T19:19:23","slug":"free-styler-300ml","status":"publish","type":"product","link":"https:\/\/keune.al\/sq\/produkt\/free-styler-300ml\/","title":{"rendered":"Free Styler"},"content":{"rendered":"<div class=\"expander_title___5Kmz\"><strong>P\u00ebrb\u00ebr\u00ebsit<\/strong><\/div>\n<div class=\"expander_content__dB5dn\">\n<div class=\"expander_innerNoScroll__2BEp8\">\n<div class=\"richtext_richText__EPidn\">\n<p>Alkool Denat., Dimetil Eter, Butan, VA\/Krotonate\/Vinil Neodekanoat Kopolimer, Uj\u00eb (Aqua), Alkool Izopropilik, Oktilakrilamid\/Akrilate\/Butilaminoetil Metakrilat Kopolimer, Trietanolamin\u00eb, Parfum (Arom\u00eb), PEG-12 Dimetikon, Dipropilen Glikol, Trimetilbenzenpropanol.<\/p>\n<div class=\"expander_title___5Kmz\"><strong>Si t\u00eb p\u00ebrdoren?<\/strong><\/div>\n<div class=\"expander_content__dB5dn\">\n<div class=\"expander_innerNoScroll__2BEp8\">\n<div class=\"richtext_richText__EPidn\">\n<p>Aplikojeni n\u00eb flok\u00eb t\u00eb that\u00eb n\u00eb nj\u00eb distanc\u00eb prej 30 cm (12\u201d). Aplikoni n\u00eb shtresa p\u00ebr t\u00eb personalizuar fiksimin.<\/p>\n<\/div>\n<\/div>\n<\/div>\n<\/div>\n<\/div>\n<\/div>","protected":false},"excerpt":{"rendered":"<p>Zbuloni lirin\u00eb e llakut t\u00eb flokut Keune me Free Styler, nj\u00eb llak inovativ me p\u00ebrhapje 360\u00b0, me nj\u00eb ruajtje mesatare modeli q\u00eb zgjat deri n\u00eb 24 or\u00eb.* Ky llak shum\u00ebfunksional shton shk\u00eblqim natyral, mbron nga lag\u00ebshtia dhe lejon leht\u00ebsisht krehjen edhe pas aplikimit t\u00eb tij. Ideal p\u00ebr nj\u00eb p\u00ebrfundim fleksib\u00ebl pa ngurt\u00ebsi, dhe i p\u00ebrshtatsh\u00ebm p\u00ebr t\u00eb gjitha llojet dhe gjat\u00ebsit\u00eb e flokut.<\/p>\n<p>Sp\u00ebrkateni n\u00eb flok\u00eb t\u00eb that\u00eb nga nj\u00eb larg\u00ebsi 30 cm (12''). Shtres\u00ebzoni p\u00ebr t\u00eb personalizuar ruajtjen e modelit tuaj.<\/p>\n<p>Free Styler \u00ebsht\u00eb versioni i p\u00ebrmir\u00ebsuar i Freestyle Spray dhe Soft Set Spray.<\/p>\n<h5>*Test instrumental<\/h5>","protected":false},"featured_media":652,"comment_status":"open","ping_status":"closed","template":"","meta":[],"product_brand":[],"product_cat":[19,23],"product_tag":[],"class_list":{"0":"post-649","1":"product","2":"type-product","3":"status-publish","4":"has-post-thumbnail","6":"product_cat-hair-styling","7":"product_cat-hairspray","8":"pa_variant-75ml","9":"pa_variant-300ml","11":"first","12":"instock","13":"shipping-taxable","14":"purchasable","15":"product-type-variable","16":"has-default-attributes"},"_links":{"self":[{"href":"https:\/\/keune.al\/sq\/wp-json\/wp\/v2\/product\/649","targetHints":{"allow":["GET"]}}],"collection":[{"href":"https:\/\/keune.al\/sq\/wp-json\/wp\/v2\/product"}],"about":[{"href":"https:\/\/keune.al\/sq\/wp-json\/wp\/v2\/types\/product"}],"replies":[{"embeddable":true,"href":"https:\/\/keune.al\/sq\/wp-json\/wp\/v2\/comments?post=649"}],"wp:featuredmedia":[{"embeddable":true,"href":"https:\/\/keune.al\/sq\/wp-json\/wp\/v2\/media\/652"}],"wp:attachment":[{"href":"https:\/\/keune.al\/sq\/wp-json\/wp\/v2\/media?parent=649"}],"wp:term":[{"taxonomy":"product_brand","embeddable":true,"href":"https:\/\/keune.al\/sq\/wp-json\/wp\/v2\/product_brand?post=649"},{"taxonomy":"product_cat","embeddable":true,"href":"https:\/\/keune.al\/sq\/wp-json\/wp\/v2\/product_cat?post=649"},{"taxonomy":"product_tag","embeddable":true,"href":"https:\/\/keune.al\/sq\/wp-json\/wp\/v2\/product_tag?post=649"}],"curies":[{"name":"wp","href":"https:\/\/api.w.org\/{rel}","templated":true}]}}