{"id":646,"date":"2025-09-14T01:59:17","date_gmt":"2025-09-14T01:59:17","guid":{"rendered":"https:\/\/keune.al\/?post_type=product&#038;p=646"},"modified":"2025-11-22T19:09:52","modified_gmt":"2025-11-22T19:09:52","slug":"get-a-grip-200ml","status":"publish","type":"product","link":"https:\/\/keune.al\/sq\/produkt\/get-a-grip-200ml\/","title":{"rendered":"Get A Grip"},"content":{"rendered":"<div class=\"expander_title___5Kmz\"><strong>P\u00ebrb\u00ebr\u00ebsit<\/strong><\/div>\n<div class=\"expander_content__dB5dn\">\n<div class=\"expander_innerNoScroll__2BEp8\">\n<div class=\"richtext_richText__EPidn\">\n<p>Dimetil Eter, Alkool Denat., Kopolimer VP\/VA, Alkool Izopropilik, Zeolit, Parfum (Arom\u00eb), Dipropilen Glikol, Amil Salicilat.<\/p>\n<div class=\"expander_title___5Kmz\"><strong>Si t\u00eb p\u00ebrdoren?<\/strong><\/div>\n<div class=\"expander_content__dB5dn\">\n<div class=\"expander_innerNoScroll__2BEp8\">\n<div class=\"richtext_richText__EPidn\">\n<ol>\n<li>Tundeni, pastaj sp\u00ebrkatni n\u00eb rr\u00ebnj\u00ebt e flokut t\u00eb that\u00eb nga nj\u00eb distanc\u00eb prej 15 cm (6\u201d) dhe f\u00ebrkoheni me duar.<\/li>\n<li>Duke u p\u00ebrqendruar n\u00eb zonat ku d\u00ebshironi t\u00eb shtoni tekstur\u00eb ose ku keni nevoj\u00eb p\u00ebr kapje m\u00eb t\u00eb mir\u00eb.<\/li>\n<li>Stilo flokun sipas d\u00ebshir\u00ebs, pavar\u00ebsisht n\u00ebse synoni p\u00ebr val\u00ebzime t\u00eb \u00e7rregullta, g\u00ebrsheta me tekstur\u00eb apo nj\u00eb model floku voluminoz.<\/li>\n<\/ol>\n<\/div>\n<\/div>\n<\/div>\n<\/div>\n<\/div>\n<\/div>","protected":false},"excerpt":{"rendered":"<p>Ky spray me tekstur\u00eb t\u00eb that\u00eb t\u00eb padukshme shton volumin dhe tekstur\u00eb t\u00eb \u00e7rregullt me nj\u00eb ruajtje mesatare t\u00eb modelit t\u00eb flokut. I pajisur me nj\u00eb Kompleks Pastrues Dry Cleansing me zeolit, ai thith yndyr\u00ebn dhe e mban skalpin e kok\u00ebs t\u00eb past\u00ebr. I p\u00ebrsosur p\u00ebr t\u00eb gjitha llojet e flokut, ai siguron mbajtje fleksib\u00ebl pa l\u00ebn\u00eb nj\u00eb tis t\u00eb bardh\u00eb mbi flok\u00eb, duke e b\u00ebr\u00eb ideal edhe p\u00ebr baza m\u00eb t\u00eb err\u00ebta t\u00eb flokut.<\/p>\n<p>Aroma e Rhubarb Bloom e l\u00eb flokun menj\u00ebher\u00eb t\u00eb fresk\u00ebt dhe m\u00eb t\u00eb plot\u00eb.<\/p>","protected":false},"featured_media":655,"comment_status":"open","ping_status":"closed","template":"","meta":[],"product_brand":[],"product_cat":[19,23],"product_tag":[],"class_list":{"0":"post-646","1":"product","2":"type-product","3":"status-publish","4":"has-post-thumbnail","6":"product_cat-hair-styling","7":"product_cat-hairspray","8":"pa_variant-200ml","9":"pa_variant-75ml","11":"first","12":"instock","13":"shipping-taxable","14":"purchasable","15":"product-type-variable","16":"has-default-attributes"},"_links":{"self":[{"href":"https:\/\/keune.al\/sq\/wp-json\/wp\/v2\/product\/646","targetHints":{"allow":["GET"]}}],"collection":[{"href":"https:\/\/keune.al\/sq\/wp-json\/wp\/v2\/product"}],"about":[{"href":"https:\/\/keune.al\/sq\/wp-json\/wp\/v2\/types\/product"}],"replies":[{"embeddable":true,"href":"https:\/\/keune.al\/sq\/wp-json\/wp\/v2\/comments?post=646"}],"wp:featuredmedia":[{"embeddable":true,"href":"https:\/\/keune.al\/sq\/wp-json\/wp\/v2\/media\/655"}],"wp:attachment":[{"href":"https:\/\/keune.al\/sq\/wp-json\/wp\/v2\/media?parent=646"}],"wp:term":[{"taxonomy":"product_brand","embeddable":true,"href":"https:\/\/keune.al\/sq\/wp-json\/wp\/v2\/product_brand?post=646"},{"taxonomy":"product_cat","embeddable":true,"href":"https:\/\/keune.al\/sq\/wp-json\/wp\/v2\/product_cat?post=646"},{"taxonomy":"product_tag","embeddable":true,"href":"https:\/\/keune.al\/sq\/wp-json\/wp\/v2\/product_tag?post=646"}],"curies":[{"name":"wp","href":"https:\/\/api.w.org\/{rel}","templated":true}]}}