{"id":644,"date":"2025-09-14T01:58:21","date_gmt":"2025-09-14T01:58:21","guid":{"rendered":"https:\/\/keune.al\/?post_type=product&#038;p=644"},"modified":"2025-11-22T19:25:51","modified_gmt":"2025-11-22T19:25:51","slug":"ocean-waves-200ml","status":"publish","type":"product","link":"https:\/\/keune.al\/sq\/produkt\/ocean-waves-200ml\/","title":{"rendered":"Ocean Waves 200ml"},"content":{"rendered":"<div class=\"expander_title___5Kmz\"><strong>P\u00ebrb\u00ebr\u00ebsit<\/strong><\/div>\n<div class=\"expander_content__dB5dn\">\n<div class=\"expander_innerNoScroll__2BEp8\">\n<div class=\"richtext_richText__EPidn\">\n<p>Uj\u00eb (Aqua), Sulfat Magnezi, Vaj Ricini i Hidrogjenizuar PEG-40, Dipropilen Glikol, Fenoksietanol, Acid Citrik, PVP, Parfum (Arom\u00eb), Arginin\u00eb, Glukoz\u00eb, Maris Sal (Krip\u00eb Deti), Pantenol, Etilheksilglicerin\u00eb, Protein\u00eb Bizeleje e Hidrolizuar, Protein\u00eb Bimore e Hidrolizuar, Sorbat Kaliumi, Benzoat Natriumi, Salicilat Amil.<\/p>\n<div class=\"expander_title___5Kmz\"><strong>Si t\u00eb p\u00ebrdoren?<\/strong><\/div>\n<div class=\"expander_content__dB5dn\">\n<div class=\"expander_innerNoScroll__2BEp8\">\n<div class=\"richtext_richText__EPidn\">\n<p>Sp\u00ebrkateni n\u00eb flok\u00eb t\u00eb lagur ose t\u00eb that\u00eb, pastaj thajeni me fur\u00e7\u00eb. Vendoseni produktin n\u00eb shtresa p\u00ebr volum dhe kapje t\u00eb personalizuara.<\/p>\n<\/div>\n<\/div>\n<\/div>\n<\/div>\n<\/div>\n<\/div>","protected":false},"excerpt":{"rendered":"<p>Me k\u00ebt\u00eb spray inovativ me tekstur\u00eb, pamja e plazhit mbetet jo vet\u00ebm n\u00eb mod\u00eb, por edhe e sh\u00ebndetshme. Formula jon\u00eb p\u00ebrmban krip\u00eb deti p\u00ebr kapje dhe tekstur\u00eb, duke kombinuar efektin e nj\u00eb spray klasik me krip\u00eb me fuqin\u00eb rigjeneruese t\u00eb Teknologjis\u00eb Bond Fuser. Rezultati? Nj\u00eb p\u00ebrfundim mat, volum i ajrosur dhe flok\u00eb m\u00eb t\u00eb fort\u00eb.<\/p>\n<p>Ky spray me krip\u00eb ofron mbrojtje nga nxeht\u00ebsia deri n\u00eb 230\u00b0C\/446\u00b0F dhe ndihmon n\u00eb ruajtjen e lidhjeve ekzistuese t\u00eb flokut, nd\u00ebrkoh\u00eb q\u00eb nd\u00ebrton lidhje t\u00eb reja. I p\u00ebrshtatsh\u00ebm p\u00ebr t\u00eb gjitha gjat\u00ebsit\u00eb e flokut, ideal p\u00ebr flok\u00eb t\u00eb holl\u00eb deri n\u00eb normal\u00eb dhe i pasuruar me arom\u00ebn e parezistueshme t\u00eb Midnight Blossom.<\/p>\n<p>Ocean Waves \u00ebsht\u00eb versioni i p\u00ebrmir\u00ebsuar i Salt Mist.<\/p>","protected":false},"featured_media":645,"comment_status":"open","ping_status":"closed","template":"","meta":[],"product_brand":[],"product_cat":[19,23],"product_tag":[],"class_list":{"0":"post-644","1":"product","2":"type-product","3":"status-publish","4":"has-post-thumbnail","6":"product_cat-hair-styling","7":"product_cat-hairspray","9":"first","10":"instock","11":"shipping-taxable","12":"purchasable","13":"product-type-simple"},"_links":{"self":[{"href":"https:\/\/keune.al\/sq\/wp-json\/wp\/v2\/product\/644","targetHints":{"allow":["GET"]}}],"collection":[{"href":"https:\/\/keune.al\/sq\/wp-json\/wp\/v2\/product"}],"about":[{"href":"https:\/\/keune.al\/sq\/wp-json\/wp\/v2\/types\/product"}],"replies":[{"embeddable":true,"href":"https:\/\/keune.al\/sq\/wp-json\/wp\/v2\/comments?post=644"}],"wp:featuredmedia":[{"embeddable":true,"href":"https:\/\/keune.al\/sq\/wp-json\/wp\/v2\/media\/645"}],"wp:attachment":[{"href":"https:\/\/keune.al\/sq\/wp-json\/wp\/v2\/media?parent=644"}],"wp:term":[{"taxonomy":"product_brand","embeddable":true,"href":"https:\/\/keune.al\/sq\/wp-json\/wp\/v2\/product_brand?post=644"},{"taxonomy":"product_cat","embeddable":true,"href":"https:\/\/keune.al\/sq\/wp-json\/wp\/v2\/product_cat?post=644"},{"taxonomy":"product_tag","embeddable":true,"href":"https:\/\/keune.al\/sq\/wp-json\/wp\/v2\/product_tag?post=644"}],"curies":[{"name":"wp","href":"https:\/\/api.w.org\/{rel}","templated":true}]}}