{"id":643,"date":"2025-09-12T04:27:26","date_gmt":"2025-09-12T04:27:26","guid":{"rendered":"https:\/\/keune.al\/?post_type=product&#038;p=643"},"modified":"2025-11-22T20:50:57","modified_gmt":"2025-11-22T20:50:57","slug":"1922-nga-shampo-freskuese-jm-keune","status":"publish","type":"product","link":"https:\/\/keune.al\/sq\/produkt\/1922-nga-shampo-freskuese-jm-keune\/","title":{"rendered":"1922 By J.M. Keune Refreshing Shampo"},"content":{"rendered":"<div class=\"expander_title___5Kmz\"><strong>P\u00ebrb\u00ebr\u00ebsit<\/strong><\/div>\n<div class=\"expander_content__dB5dn\">\n<div class=\"expander_innerNoScroll__2BEp8\">\n<div class=\"richtext_richText__EPidn\">\n<p>Uj\u00eb (Aqua), Sulfat Laureti Natriumi, Decil Glukozid, Kokamidopropil Betain\u00eb, Laurat Gliceril, Propilen Glikol, Mentol, Benzoat Natriumi, Laureth-2, Vaj Mentha Piperita (Mente), Polikuaternium-10, Klorur Natriumi, Protein\u00eb Gruri e Hidrolizuar Kokoil Natriumi, Acid Citrik, Kreatin\u00eb, Ekstrakt Mentha Piperita (Mente), Sorbat Kaliumi.<\/p>\n<div class=\"expander_title___5Kmz\"><strong>Si t\u00eb p\u00ebrdoren?<\/strong><\/div>\n<div class=\"expander_content__dB5dn\">\n<div class=\"expander_innerNoScroll__2BEp8\">\n<div class=\"richtext_richText__EPidn\">\n<p>Masazhoni nj\u00eb sasi t\u00eb vog\u00ebl n\u00eb flok\u00eb dhe skalp t\u00eb lagur. L\u00ebreni p\u00ebr nj\u00eb minut\u00eb (ose m\u00eb shum\u00eb). Shp\u00eblajeni. P\u00ebrs\u00ebriteni n\u00ebse \u00ebsht\u00eb e nevojshme. Shmangni kontaktin me syt\u00eb.<\/p>\n<\/div>\n<\/div>\n<\/div>\n<\/div>\n<\/div>\n<\/div>","protected":false},"excerpt":{"rendered":"<p>\u00c7far\u00eb m\u00ebnyre p\u00ebr t\u00eb filluar dit\u00ebn \u2013 me ndjesin\u00eb stimuluese t\u00eb shampos freskuese 1922 nga JM Keune. I p\u00ebrshtatsh\u00ebm p\u00ebr t\u00eb gjitha llojet e flok\u00ebve, ky shampo forcon dhe ushqen flok\u00ebt me kreatin\u00eb dhe ekstrakt t\u00eb far\u00ebs s\u00eb k\u00ebrpit. Perfekt p\u00ebr \u00e7do dit\u00eb, ose n\u00eb ato m\u00ebngjese kur ndjeni nevoj\u00ebn p\u00ebr nj\u00eb energji marramend\u00ebse. Menta dhe mentoli stimulojn\u00eb rrjedhjen e gjakut n\u00eb skalpin e kok\u00ebs dhe ndiheni gjithashtu jasht\u00ebzakonisht energjik\u00eb.<\/p>","protected":false},"featured_media":1744,"comment_status":"open","ping_status":"closed","template":"","meta":[],"product_brand":[],"product_cat":[92,161,93,183],"product_tag":[],"class_list":{"0":"post-643","1":"product","2":"type-product","3":"status-publish","4":"has-post-thumbnail","6":"product_cat-hair-care","7":"product_cat-men","8":"product_cat-shampoo-care","9":"product_cat-shampoo-men-2","11":"first","12":"instock","13":"shipping-taxable","14":"purchasable","15":"product-type-simple"},"_links":{"self":[{"href":"https:\/\/keune.al\/sq\/wp-json\/wp\/v2\/product\/643","targetHints":{"allow":["GET"]}}],"collection":[{"href":"https:\/\/keune.al\/sq\/wp-json\/wp\/v2\/product"}],"about":[{"href":"https:\/\/keune.al\/sq\/wp-json\/wp\/v2\/types\/product"}],"replies":[{"embeddable":true,"href":"https:\/\/keune.al\/sq\/wp-json\/wp\/v2\/comments?post=643"}],"wp:featuredmedia":[{"embeddable":true,"href":"https:\/\/keune.al\/sq\/wp-json\/wp\/v2\/media\/1744"}],"wp:attachment":[{"href":"https:\/\/keune.al\/sq\/wp-json\/wp\/v2\/media?parent=643"}],"wp:term":[{"taxonomy":"product_brand","embeddable":true,"href":"https:\/\/keune.al\/sq\/wp-json\/wp\/v2\/product_brand?post=643"},{"taxonomy":"product_cat","embeddable":true,"href":"https:\/\/keune.al\/sq\/wp-json\/wp\/v2\/product_cat?post=643"},{"taxonomy":"product_tag","embeddable":true,"href":"https:\/\/keune.al\/sq\/wp-json\/wp\/v2\/product_tag?post=643"}],"curies":[{"name":"wp","href":"https:\/\/api.w.org\/{rel}","templated":true}]}}