{"id":637,"date":"2025-09-12T04:23:39","date_gmt":"2025-09-12T04:23:39","guid":{"rendered":"https:\/\/keune.al\/?post_type=product&#038;p=637"},"modified":"2025-11-22T20:47:24","modified_gmt":"2025-11-22T20:47:24","slug":"1922-nga-shampo-pastruese-jm-keune","status":"publish","type":"product","link":"https:\/\/keune.al\/sq\/produkt\/1922-nga-shampo-pastruese-jm-keune\/","title":{"rendered":"1922 By J.M. Keune Purifying Shampo"},"content":{"rendered":"<div class=\"expander_title___5Kmz\"><strong>P\u00ebrb\u00ebr\u00ebsit<\/strong><\/div>\n<div class=\"expander_content__dB5dn\">\n<div class=\"expander_innerNoScroll__2BEp8\">\n<div class=\"richtext_richText__EPidn\">\n<p>Uj\u00eb (Aqua), Sodium Laureth Sulfate, Cocamidopropyl Betaine, Decyl Glucoside, PEG-40 Hydrogenated Castor Vaj, Klorur Natriumi, Parfum (Arom\u00eb), Glyceryl Laurate, Acid Citrik, Panthenol, Piroctone Olamine, Dipropylene Glycol, Benzoate Natriumi, Guar Hydroxypropyltrimonium Chloride, PEG-120 Methyl Glucose Dioleate, Silicone Quaternium-22, Kreatin\u00eb, PPG-3 Myristyl Ether, Protein\u00eb Gruri e Hidrolizuar, Gom\u00eb Boswellia Serrata, Trietil Citrat, Limonene, Linalool.<\/p>\n<div class=\"expander_title___5Kmz\"><strong>Si t\u00eb p\u00ebrdoren?<\/strong><\/div>\n<div class=\"expander_content__dB5dn\">\n<div class=\"expander_innerNoScroll__2BEp8\">\n<div class=\"richtext_richText__EPidn\">\n<p>Masazhojeni n\u00eb flok\u00eb dhe skalp t\u00eb lagur. Shp\u00eblajeni. P\u00ebrs\u00ebriteni aplikimin dhe l\u00ebreni t\u00eb veproj\u00eb p\u00ebr 2 minuta. Shp\u00eblajeni mir\u00eb. P\u00ebr rezultate m\u00eb t\u00eb mira, p\u00ebrdoreni dy her\u00eb n\u00eb jav\u00eb ose sipas k\u00ebshill\u00ebs s\u00eb nj\u00eb profesionisti mjek\u00ebsor. Masazhojeni n\u00eb flok\u00eb dhe skalp t\u00eb lagur. Shp\u00eblajeni. P\u00ebrs\u00ebriteni aplikimin dhe l\u00ebreni t\u00eb veproj\u00eb p\u00ebr 2 minuta. Shp\u00eblajeni mir\u00eb. P\u00ebr rezultate m\u00eb t\u00eb mira, p\u00ebrdoreni dy her\u00eb n\u00eb jav\u00eb ose sipas k\u00ebshill\u00ebs s\u00eb nj\u00eb profesionisti mjek\u00ebsor.<\/p>\n<\/div>\n<\/div>\n<\/div>\n<\/div>\n<\/div>\n<\/div>","protected":false},"excerpt":{"rendered":"<p>Zbokthi. Nuk \u00ebsht\u00eb pik\u00ebrisht tema e preferuar e njer\u00ebzve - dhe as nuk \u00ebsht\u00eb gjithmon\u00eb e leht\u00eb p\u00ebr t&#039;u p\u00ebrballur me t\u00eb. Kjo \u00ebsht\u00eb arsyeja pse ne zhvilluam Shampon ton\u00eb efektiv Pastrues, me pirition zinku p\u00ebr t\u00eb luftuar k\u00ebrpudhat q\u00eb shkaktojn\u00eb zbokthin. Nd\u00ebrsa trajtojm\u00eb ato zbokth t\u00eb bezdissh\u00ebm, 1922 nga JM Keune kujdeset edhe p\u00ebr sh\u00ebndetin e flok\u00ebve. Kreatina ndihmon flok\u00ebt t\u00eb q\u00ebndrojn\u00eb t\u00eb fort\u00eb duke zvog\u00ebluar k\u00ebputjen. K\u00ebshtu q\u00eb ju mund t\u00eb kaloni rast\u00ebsisht gishtat n\u00ebp\u00ebr flok\u00ebt tuaj t\u00eb sh\u00ebndetsh\u00ebm nd\u00ebrsa vishni at\u00eb pulov\u00ebr elegant t\u00eb zi kashmiri.<\/p>","protected":false},"featured_media":639,"comment_status":"open","ping_status":"closed","template":"","meta":[],"product_brand":[],"product_cat":[92,161,93,183],"product_tag":[],"class_list":{"0":"post-637","1":"product","2":"type-product","3":"status-publish","4":"has-post-thumbnail","6":"product_cat-hair-care","7":"product_cat-men","8":"product_cat-shampoo-care","9":"product_cat-shampoo-men-2","11":"first","12":"instock","13":"shipping-taxable","14":"purchasable","15":"product-type-simple"},"_links":{"self":[{"href":"https:\/\/keune.al\/sq\/wp-json\/wp\/v2\/product\/637","targetHints":{"allow":["GET"]}}],"collection":[{"href":"https:\/\/keune.al\/sq\/wp-json\/wp\/v2\/product"}],"about":[{"href":"https:\/\/keune.al\/sq\/wp-json\/wp\/v2\/types\/product"}],"replies":[{"embeddable":true,"href":"https:\/\/keune.al\/sq\/wp-json\/wp\/v2\/comments?post=637"}],"wp:featuredmedia":[{"embeddable":true,"href":"https:\/\/keune.al\/sq\/wp-json\/wp\/v2\/media\/639"}],"wp:attachment":[{"href":"https:\/\/keune.al\/sq\/wp-json\/wp\/v2\/media?parent=637"}],"wp:term":[{"taxonomy":"product_brand","embeddable":true,"href":"https:\/\/keune.al\/sq\/wp-json\/wp\/v2\/product_brand?post=637"},{"taxonomy":"product_cat","embeddable":true,"href":"https:\/\/keune.al\/sq\/wp-json\/wp\/v2\/product_cat?post=637"},{"taxonomy":"product_tag","embeddable":true,"href":"https:\/\/keune.al\/sq\/wp-json\/wp\/v2\/product_tag?post=637"}],"curies":[{"name":"wp","href":"https:\/\/api.w.org\/{rel}","templated":true}]}}