{"id":633,"date":"2025-09-12T04:18:40","date_gmt":"2025-09-12T04:18:40","guid":{"rendered":"https:\/\/keune.al\/?post_type=product&#038;p=633"},"modified":"2025-11-22T20:47:56","modified_gmt":"2025-11-22T20:47:56","slug":"shampo-pastrimi-ne-thellesi-1922-nga-jm-keune","status":"publish","type":"product","link":"https:\/\/keune.al\/sq\/produkt\/shampo-pastrimi-ne-thellesi-1922-nga-jm-keune\/","title":{"rendered":"1922 By J.M. Keune Deep-Cleansing Shampo"},"content":{"rendered":"<div class=\"expander_title___5Kmz\"><strong>P\u00ebrb\u00ebr\u00ebsit<\/strong><\/div>\n<div class=\"expander_content__dB5dn\">\n<div class=\"expander_innerNoScroll__2BEp8\">\n<div class=\"richtext_richText__EPidn\">\n<p>Uj\u00eb (Aqua), Sodium Laureth Sulfate, Decil Glukozid, Cocamidopropyl Betaine, PEG-200 Palmat Gliceril i Hidrogjenizuar, Parfum (Arom\u00eb), Gliceril Laurat, PEG-7 Gliceril Kokoat, Benzoat Natriumi, Klorur Natriumi, Dipropilen Glikol, Acid Citrik, Laureth-2, Propilen Glikol, Kreatin\u00eb, Sorbitol, Ekstrakt i Filizit Bambusa Vulgaris, Ekstrakt i Gjethit Dryopteris Filix-Mas, Trietil Citrat, Fenoksietanol, Etilheksilglicerin\u00eb, Linalool.<\/p>\n<div class=\"expander_title___5Kmz\"><strong>Si t\u00eb p\u00ebrdoren?<\/strong><\/div>\n<div class=\"expander_content__dB5dn\">\n<div class=\"expander_innerNoScroll__2BEp8\">\n<div class=\"richtext_richText__EPidn\">\n<p>Masazhoni nj\u00eb sasi t\u00eb vog\u00ebl n\u00eb flok\u00eb t\u00eb lagur - dhe mos ngurroni ta p\u00ebrdorni p\u00ebr t\u00eb lar\u00eb mjekr\u00ebn dhe trupin, \u00ebsht\u00eb i mir\u00eb p\u00ebr gjith\u00e7ka. Shp\u00eblajeni. P\u00ebrs\u00ebriteni n\u00ebse \u00ebsht\u00eb e nevojshme.<\/p>\n<\/div>\n<\/div>\n<\/div>\n<\/div>\n<\/div>\n<\/div>","protected":false},"excerpt":{"rendered":"<p>Flok\u00ebt e past\u00ebr dhe t\u00eb l\u00ebkundur jan\u00eb flok\u00eb t\u00eb pastruar plot\u00ebsisht nga mbetjet e produkteve dhe nga papast\u00ebrtit\u00eb me t\u00eb cilat biem n\u00eb kontakt n\u00eb jet\u00ebn ton\u00eb t\u00eb p\u00ebrditshme. K\u00ebtu hyn n\u00eb loj\u00eb Shampoja jon\u00eb e pastrimit t\u00eb thell\u00eb. Pastron flok\u00ebt n\u00eb m\u00ebnyr\u00eb t\u00eb sigurt, nd\u00ebrkoh\u00eb q\u00eb hidraton dhe forcon flok\u00ebt. P\u00ebr m\u00eb pak k\u00ebputje t\u00eb flok\u00ebve (gj\u00eb q\u00eb p\u00ebr fat t\u00eb keq fillon t\u00eb ndodh\u00eb pasi t\u00eb mbushim t\u00eb 20-at), ne kemi p\u00ebrfshir\u00eb kreatin\u00eb dhe ekstrakt bambuje q\u00eb i trashin flok\u00ebt. I shk\u00eblqyer p\u00ebr t\u00eb gjitha llojet e flok\u00ebve, por ne e rekomandojm\u00eb ve\u00e7an\u00ebrisht k\u00ebt\u00eb shampo p\u00ebr flok\u00ebt me yndyr\u00eb dhe l\u00ebkur\u00ebn e kok\u00ebs.<\/p>","protected":false},"featured_media":634,"comment_status":"open","ping_status":"closed","template":"","meta":[],"product_brand":[],"product_cat":[92,161,93,183],"product_tag":[],"class_list":{"0":"post-633","1":"product","2":"type-product","3":"status-publish","4":"has-post-thumbnail","6":"product_cat-hair-care","7":"product_cat-men","8":"product_cat-shampoo-care","9":"product_cat-shampoo-men-2","11":"first","12":"instock","13":"shipping-taxable","14":"purchasable","15":"product-type-simple"},"_links":{"self":[{"href":"https:\/\/keune.al\/sq\/wp-json\/wp\/v2\/product\/633","targetHints":{"allow":["GET"]}}],"collection":[{"href":"https:\/\/keune.al\/sq\/wp-json\/wp\/v2\/product"}],"about":[{"href":"https:\/\/keune.al\/sq\/wp-json\/wp\/v2\/types\/product"}],"replies":[{"embeddable":true,"href":"https:\/\/keune.al\/sq\/wp-json\/wp\/v2\/comments?post=633"}],"wp:featuredmedia":[{"embeddable":true,"href":"https:\/\/keune.al\/sq\/wp-json\/wp\/v2\/media\/634"}],"wp:attachment":[{"href":"https:\/\/keune.al\/sq\/wp-json\/wp\/v2\/media?parent=633"}],"wp:term":[{"taxonomy":"product_brand","embeddable":true,"href":"https:\/\/keune.al\/sq\/wp-json\/wp\/v2\/product_brand?post=633"},{"taxonomy":"product_cat","embeddable":true,"href":"https:\/\/keune.al\/sq\/wp-json\/wp\/v2\/product_cat?post=633"},{"taxonomy":"product_tag","embeddable":true,"href":"https:\/\/keune.al\/sq\/wp-json\/wp\/v2\/product_tag?post=633"}],"curies":[{"name":"wp","href":"https:\/\/api.w.org\/{rel}","templated":true}]}}