{"id":628,"date":"2025-09-12T04:12:28","date_gmt":"2025-09-12T04:12:28","guid":{"rendered":"https:\/\/keune.al\/?post_type=product&#038;p=628"},"modified":"2025-11-22T21:35:06","modified_gmt":"2025-11-22T21:35:06","slug":"so-pure-bundle-clarify-shampoo-400ml","status":"publish","type":"product","link":"https:\/\/keune.al\/sq\/produkt\/so-pure-bundle-clarify-shampoo-400ml\/","title":{"rendered":"Paketa So Pure \u2013 Clarify Shampo (p\u00ebr pastrim t\u00eb thell\u00eb)"},"content":{"rendered":"<div class=\"expander_title___5Kmz\"><strong>P\u00ebrb\u00ebr\u00ebsit<\/strong><\/div>\n<div class=\"expander_content__dB5dn\">\n<div class=\"expander_innerNoScroll__2BEp8\">\n<div class=\"richtext_richText__EPidn\">\n<p>So Pure Clarify Shampoo: Aqua (Water), Sodium Lauroyl Methyl Isethionate, Cocamidopropyl Betaine, Glycerin, PEG-40 Hydrogenated Castor Oil, Parfum (Fragrance), Decyl Glucoside, Guar Hydroxypropyltrimonium Chloride, Sodium Chloride, Betaine, Coco-Glucoside, Glyceryl Oleate, Sodium Benzoate, Hydroxyethylcellulose, Glyceryl Laurate, Citric Acid, Acrylates\/C10-30 Alkyl Acrylate Crosspolymer, Lactobacillus\/Punica Granatum Fruit Ferment Extract, Isopropyl Myristate, Salix Nigra (Willow) Bark Extract, Galactoarabinan, Salvia Hispanica Seed Extract, Trehalose, Xylitol, Camellia Sinensis Leaf Extract, Panthenol, Leuconostoc\/Radish Root Ferment Filtrate, Sodium Phosphate, Caprylyl Glycol, Benzyl Salicylate, Citronellol, Hydroxycitronellal, Limonene, Linalool.<\/p>\n<h2 class=\"tutorial_title__ouVB_\">Si t\u00eb p\u00ebrdoret<\/h2>\n<div class=\"tutorial_stepNumber__Y35Qb\"><strong>01 Hiqeni ngjit\u00ebsen nga qesja e mbushjes.<\/strong><\/div>\n<div>\n<div class=\"richtext_richText__EPidn tutorial_stepText__54DBm\">\n<p>Mund ta etiketoni p\u00ebrmbajtjen e shishes suaj t\u00eb rimbushshme me nj\u00eb ngjit\u00ebse praktike. Hiqeni but\u00ebsisht nga qesja e rimbushjes.<\/p>\n<p><strong>02 Vendosni ngjit\u00ebsen n\u00eb shishen tuaj t\u00eb rimbushshme.<\/strong><\/p>\n<\/div>\n<\/div>\n<div>\n<div class=\"richtext_richText__EPidn tutorial_stepText__54DBm\">\n<p>Vendosni ngjit\u00ebsen n\u00eb kapakun e shishes s\u00eb rimbushshme n\u00eb m\u00ebnyr\u00eb q\u00eb t\u00eb shihni me nj\u00eb shikim se \u00e7far\u00eb p\u00ebrmban. Mbushni shishen dhe jeni gati.<\/p>\n<p><a href=\"https:\/\/keune.al\/wp-content\/uploads\/2025\/09\/Keune-So-Pure-care-lifestyle.webp\"><img fetchpriority=\"high\" decoding=\"async\" class=\"alignnone size-full wp-image-2107\" src=\"https:\/\/keune.al\/wp-content\/uploads\/2025\/09\/Keune-So-Pure-care-lifestyle.webp\" alt=\"\" width=\"1200\" height=\"906\" srcset=\"https:\/\/keune.al\/wp-content\/uploads\/2025\/09\/Keune-So-Pure-care-lifestyle.webp 1200w, https:\/\/keune.al\/wp-content\/uploads\/2025\/09\/Keune-So-Pure-care-lifestyle-300x227.webp 300w, https:\/\/keune.al\/wp-content\/uploads\/2025\/09\/Keune-So-Pure-care-lifestyle-1024x773.webp 1024w, https:\/\/keune.al\/wp-content\/uploads\/2025\/09\/Keune-So-Pure-care-lifestyle-768x580.webp 768w, https:\/\/keune.al\/wp-content\/uploads\/2025\/09\/Keune-So-Pure-care-lifestyle-16x12.webp 16w, https:\/\/keune.al\/wp-content\/uploads\/2025\/09\/Keune-So-Pure-care-lifestyle-600x453.webp 600w, https:\/\/keune.al\/wp-content\/uploads\/2025\/09\/Keune-So-Pure-care-lifestyle-1080x815.webp 1080w, https:\/\/keune.al\/wp-content\/uploads\/2025\/09\/Keune-So-Pure-care-lifestyle-64x48.webp 64w\" sizes=\"(max-width: 1200px) 100vw, 1200px\" \/><\/a><\/p>\n<\/div>\n<\/div>\n<\/div>\n<\/div>\n<\/div>","protected":false},"excerpt":{"rendered":"<p>This bundle contains a So Pure Clarify Shampoo 400ml and a refillable bottle. So Pure Clarify leaves hair feeling weightless after using the So Pure Clarify Shampoo. Deeply cleanses the hair without damaging it. Gently scrub the scalp. Packed with detoxifying pomegranate to help remove dirt and product buildup. This bundle is also available in a 1000ml version.<\/p>\n<p>Linja So Pure fitoi \u00c7mimin Holandez t\u00eb Bukuris\u00eb \"Dutch Beauty Award\" 2023-2024 n\u00eb kategorin\u00eb \"Kujdesi ekologjik p\u00ebr flokun\".<\/p>","protected":false},"featured_media":629,"comment_status":"open","ping_status":"closed","template":"","meta":[],"product_brand":[],"product_cat":[92,19,192,93,134],"product_tag":[],"class_list":{"0":"post-628","1":"product","2":"type-product","3":"status-publish","4":"has-post-thumbnail","6":"product_cat-hair-care","7":"product_cat-hair-styling","8":"product_cat-shampoo-so-pure","9":"product_cat-shampoo-care","10":"product_cat-so-pure","11":"pa_variant-300ml","12":"pa_variant-1000ml","14":"first","15":"instock","16":"shipping-taxable","17":"purchasable","18":"product-type-simple"},"_links":{"self":[{"href":"https:\/\/keune.al\/sq\/wp-json\/wp\/v2\/product\/628","targetHints":{"allow":["GET"]}}],"collection":[{"href":"https:\/\/keune.al\/sq\/wp-json\/wp\/v2\/product"}],"about":[{"href":"https:\/\/keune.al\/sq\/wp-json\/wp\/v2\/types\/product"}],"replies":[{"embeddable":true,"href":"https:\/\/keune.al\/sq\/wp-json\/wp\/v2\/comments?post=628"}],"wp:featuredmedia":[{"embeddable":true,"href":"https:\/\/keune.al\/sq\/wp-json\/wp\/v2\/media\/629"}],"wp:attachment":[{"href":"https:\/\/keune.al\/sq\/wp-json\/wp\/v2\/media?parent=628"}],"wp:term":[{"taxonomy":"product_brand","embeddable":true,"href":"https:\/\/keune.al\/sq\/wp-json\/wp\/v2\/product_brand?post=628"},{"taxonomy":"product_cat","embeddable":true,"href":"https:\/\/keune.al\/sq\/wp-json\/wp\/v2\/product_cat?post=628"},{"taxonomy":"product_tag","embeddable":true,"href":"https:\/\/keune.al\/sq\/wp-json\/wp\/v2\/product_tag?post=628"}],"curies":[{"name":"wp","href":"https:\/\/api.w.org\/{rel}","templated":true}]}}