{"id":617,"date":"2025-09-12T03:57:27","date_gmt":"2025-09-12T03:57:27","guid":{"rendered":"https:\/\/keune.al\/?post_type=product&#038;p=617"},"modified":"2025-11-22T21:33:14","modified_gmt":"2025-11-22T21:33:14","slug":"so-pure-bundle-cool-shampoo-400ml","status":"publish","type":"product","link":"https:\/\/keune.al\/sq\/produkt\/so-pure-bundle-cool-shampoo-400ml\/","title":{"rendered":"Paketa So Pure \u2013 Shampo Cool (p\u00ebr tone t\u00eb ftohta)"},"content":{"rendered":"<div class=\"expander_title___5Kmz\"><strong>P\u00ebrb\u00ebr\u00ebsit<\/strong><\/div>\n<div class=\"expander_content__dB5dn\">\n<div class=\"expander_innerNoScroll__2BEp8\">\n<div class=\"richtext_richText__EPidn\">\n<p>Shampo So Pure Cool: Uj\u00eb (Aqua), Poligliceril-3 Kaprat\u00eb\/Kaprilat\/Sukcinat, Lauroil Metil Isetionat Natriumi, Betain\u00eb Kokamidopropil, Vaj Ricini i Hidrogjenizuar PEG-40, Propilen Glikol, Kopolimer Akrilate\/Palmet-25 Akrilat, Parfum (Arom\u00eb), Klorur Natriumi, Betain\u00eb, Benzoat Natriumi, Klorur Guar Hidroksipropiltrimoniumi, Acid Citrik, Laurat Gliceril, Acid Vjollc\u00eb 43, Polikuaternium-7, Hidroksietilceluloz\u00eb, Miristat Izopropil, Ekstrakt Fruti Euterpe Oleracea, Maltodekstrin\u00eb, Salicilat Benzil, Citronelol, Hidroksicitronelal, Limonene, Linalool.<\/p>\n<div class=\"expander_title___5Kmz\"><strong>Si t\u00eb p\u00ebrdoren?<\/strong><\/div>\n<div class=\"expander_content__dB5dn\">\n<div class=\"expander_innerNoScroll__2BEp8\">\n<div class=\"richtext_richText__EPidn\">\n<p>Masazhoni n\u00eb flok\u00eb t\u00eb lagur. L\u00ebreni t\u00eb veproj\u00eb p\u00ebr rreth 1 minut\u00eb q\u00eb pigmentet t\u00eb b\u00ebjn\u00eb pun\u00ebn e tyre. Shplajeni me kujdes.<\/p>\n<div class=\"tutorial_stepNumber__Y35Qb\"><strong>01 Hiqeni ngjit\u00ebsen nga qesja e mbushjes.<\/strong><\/div>\n<div>\n<div class=\"richtext_richText__EPidn tutorial_stepText__54DBm\">\n<p>Mund ta etiketoni p\u00ebrmbajtjen e shishes suaj t\u00eb rimbushshme me nj\u00eb ngjit\u00ebse praktike. Hiqeni but\u00ebsisht nga qesja e rimbushjes.<\/p>\n<div class=\"tutorial_stepNumber__Y35Qb\"><strong>02 Vendosni ngjit\u00ebsen n\u00eb shishen tuaj t\u00eb rimbushshme.<\/strong><\/div>\n<div>\n<div class=\"richtext_richText__EPidn tutorial_stepText__54DBm\">\n<p>Vendosni ngjit\u00ebsen n\u00eb kapakun e shishes s\u00eb rimbushshme n\u00eb m\u00ebnyr\u00eb q\u00eb t\u00eb shihni me nj\u00eb shikim se \u00e7far\u00eb p\u00ebrmban. Mbushni shishen dhe jeni gati.<\/p>\n<p><a href=\"https:\/\/keune.al\/wp-content\/uploads\/2025\/09\/Keune-So-Pure-care-lifestyle.webp\"><img fetchpriority=\"high\" decoding=\"async\" class=\"alignnone size-full wp-image-2107\" src=\"https:\/\/keune.al\/wp-content\/uploads\/2025\/09\/Keune-So-Pure-care-lifestyle.webp\" alt=\"\" width=\"1200\" height=\"906\" srcset=\"https:\/\/keune.al\/wp-content\/uploads\/2025\/09\/Keune-So-Pure-care-lifestyle.webp 1200w, https:\/\/keune.al\/wp-content\/uploads\/2025\/09\/Keune-So-Pure-care-lifestyle-300x227.webp 300w, https:\/\/keune.al\/wp-content\/uploads\/2025\/09\/Keune-So-Pure-care-lifestyle-1024x773.webp 1024w, https:\/\/keune.al\/wp-content\/uploads\/2025\/09\/Keune-So-Pure-care-lifestyle-768x580.webp 768w, https:\/\/keune.al\/wp-content\/uploads\/2025\/09\/Keune-So-Pure-care-lifestyle-16x12.webp 16w, https:\/\/keune.al\/wp-content\/uploads\/2025\/09\/Keune-So-Pure-care-lifestyle-600x453.webp 600w, https:\/\/keune.al\/wp-content\/uploads\/2025\/09\/Keune-So-Pure-care-lifestyle-1080x815.webp 1080w, https:\/\/keune.al\/wp-content\/uploads\/2025\/09\/Keune-So-Pure-care-lifestyle-64x48.webp 64w\" sizes=\"(max-width: 1200px) 100vw, 1200px\" \/><\/a><\/p>\n<\/div>\n<\/div>\n<\/div>\n<\/div>\n<\/div>\n<\/div>\n<\/div>\n<\/div>\n<\/div>\n<\/div>","protected":false},"excerpt":{"rendered":"<p>Kjo paket\u00eb p\u00ebrmban nj\u00eb shampo So Pure Cool 400ml dhe nj\u00eb shishe t\u00eb riciklueshme q\u00eb mund t\u00eb rimbushet. Shampo So Pure Cool me refleks lejla neutralizon tonet e ngrohta. Pigmente t\u00eb fuqishme vjollce neutralizojn\u00eb tonet e ngrohta. E pasuruar me ekstrakt t\u00eb manaferr\u00ebs acai p\u00ebr t\u00eb ndihmuar n\u00eb mbrojtjen e flokut nga oksidimi dhe zbehja e ngjyr\u00ebs. E b\u00ebn flokun t\u00eb but\u00eb, t\u00eb hidratuar dhe i jep nj\u00eb shk\u00eblqim t\u00eb ftoht\u00eb. Kjo paket\u00eb \u00ebsht\u00eb gjithashtu e disponueshme n\u00eb nj\u00eb version prej 1000ml.<\/p>\n<p>Linja So Pure fitoi \u00c7mimin Holandez t\u00eb Bukuris\u00eb \"Dutch Beauty Award\" 2023-2024 n\u00eb kategorin\u00eb \"Kujdesi ekologjik p\u00ebr flokun\".<\/p>","protected":false},"featured_media":621,"comment_status":"open","ping_status":"closed","template":"","meta":[],"product_brand":[],"product_cat":[92,93,192,134],"product_tag":[],"class_list":{"0":"post-617","1":"product","2":"type-product","3":"status-publish","4":"has-post-thumbnail","6":"product_cat-hair-care","7":"product_cat-shampoo-care","8":"product_cat-shampoo-so-pure","9":"product_cat-so-pure","10":"pa_variant-300ml","11":"pa_variant-1000ml","13":"first","14":"instock","15":"shipping-taxable","16":"purchasable","17":"product-type-simple"},"_links":{"self":[{"href":"https:\/\/keune.al\/sq\/wp-json\/wp\/v2\/product\/617","targetHints":{"allow":["GET"]}}],"collection":[{"href":"https:\/\/keune.al\/sq\/wp-json\/wp\/v2\/product"}],"about":[{"href":"https:\/\/keune.al\/sq\/wp-json\/wp\/v2\/types\/product"}],"replies":[{"embeddable":true,"href":"https:\/\/keune.al\/sq\/wp-json\/wp\/v2\/comments?post=617"}],"wp:featuredmedia":[{"embeddable":true,"href":"https:\/\/keune.al\/sq\/wp-json\/wp\/v2\/media\/621"}],"wp:attachment":[{"href":"https:\/\/keune.al\/sq\/wp-json\/wp\/v2\/media?parent=617"}],"wp:term":[{"taxonomy":"product_brand","embeddable":true,"href":"https:\/\/keune.al\/sq\/wp-json\/wp\/v2\/product_brand?post=617"},{"taxonomy":"product_cat","embeddable":true,"href":"https:\/\/keune.al\/sq\/wp-json\/wp\/v2\/product_cat?post=617"},{"taxonomy":"product_tag","embeddable":true,"href":"https:\/\/keune.al\/sq\/wp-json\/wp\/v2\/product_tag?post=617"}],"curies":[{"name":"wp","href":"https:\/\/api.w.org\/{rel}","templated":true}]}}