{"id":597,"date":"2025-09-12T03:32:53","date_gmt":"2025-09-12T03:32:53","guid":{"rendered":"https:\/\/keune.al\/?post_type=product&#038;p=597"},"modified":"2026-03-31T11:59:29","modified_gmt":"2026-03-31T11:59:29","slug":"shampo-per-kacurrela-me-kujdes-dhe-vetebesim","status":"publish","type":"product","link":"https:\/\/keune.al\/sq\/produkt\/shampo-per-kacurrela-me-kujdes-dhe-vetebesim\/","title":{"rendered":"Confident Curl Shampo"},"content":{"rendered":"<div class=\"expander_title___5Kmz\"><strong>P\u00ebrb\u00ebr\u00ebsit<\/strong><\/div>\n<div class=\"expander_content__dB5dn\">\n<div class=\"expander_innerNoScroll__2BEp8\">\n<div class=\"richtext_richText__EPidn\">\n<p>Uj\u00eb (Uj\u00eb), Lauroil Metil Isetionat Natriumi, Betain\u00eb Kokamidopropil, Glicerin\u00eb, Decil Glukozid, Klorur Guar Hidroksipropiltrimoniumi, Klorur Natriumi, Vaj Ricini i Hidrogjenizuar PEG-40, Estere Glicereth-8 t\u00eb Vajit t\u00eb Kokosit, Koko-Glukozid, Oleat Gliceril, Benzoat Natriumi, Hidroksietilceluloz\u00eb, Parfum (Arom\u00eb), Laurat Gliceril, Dipropilen Glikol, Acid Citrik, Krospolimer Akrilate\/C10-30 Alkil Akrilat, Olivat Etilheksil i Hidrogjenizuar, Propilen Glikol, Ekstrakt Farash Linum Usitatissimum (Far\u00eb Lini), Ekstrakt Farash Salvia Hispanica, Acetum (Uthull), Ekstrakt Fruti Pyrus Malus (Moll\u00eb), L\u00ebnd\u00eb t\u00eb Pa-Sapunifikueshme t\u00eb Vajit t\u00eb Ullirit t\u00eb Hidrogjenizuar, Ekstrakt Farash Amaranthus Caudatus, Alkool Benzilik, Acid Kaprilik, Ksilitol, Fenoksietanol, Sukroz\u00eb, Sorbat Kaliumi, Acid Sorbik, Acetil Cedrene, Tetrametil Acetiloktahidronaftalene.<\/p>\n<div class=\"expander_title___5Kmz\"><strong>Si t\u00eb p\u00ebrdoren?<\/strong><\/div>\n<div class=\"expander_content__dB5dn\">\n<div class=\"expander_innerNoScroll__2BEp8\">\n<div class=\"richtext_richText__EPidn\">\n<p>Aplikoni n\u00eb flok\u00eb t\u00eb lagur, shkum\u00ebzoni dhe shplajeni. P\u00ebrs\u00ebriteni n\u00ebse \u00ebsht\u00eb e nevojshme.<\/p>\n<\/div>\n<\/div>\n<\/div>\n<\/div>\n<\/div>\n<\/div>","protected":false},"excerpt":{"rendered":"<p>Shampo Confident Curl - Curl Enhancing (q\u00eb nuk b\u00ebn shum\u00eb shkum\u00eb) pastron but\u00ebsisht flokun ka\u00e7urrel, pa i hequr hidratimin e \u00e7muar, duke rezultuar n\u00eb ka\u00e7urrela t\u00eb hidratuara me shk\u00eblqim t\u00eb bukur.<\/p>","protected":false},"featured_media":601,"comment_status":"open","ping_status":"closed","template":"","meta":[],"product_brand":[],"product_cat":[92,93],"product_tag":[],"class_list":{"0":"post-597","1":"product","2":"type-product","3":"status-publish","4":"has-post-thumbnail","6":"product_cat-hair-care","7":"product_cat-shampoo-care","8":"pa_variant-80ml","9":"pa_variant-300ml","10":"pa_variant-1000ml","12":"first","13":"instock","14":"shipping-taxable","15":"purchasable","16":"product-type-variable","17":"has-default-attributes"},"_links":{"self":[{"href":"https:\/\/keune.al\/sq\/wp-json\/wp\/v2\/product\/597","targetHints":{"allow":["GET"]}}],"collection":[{"href":"https:\/\/keune.al\/sq\/wp-json\/wp\/v2\/product"}],"about":[{"href":"https:\/\/keune.al\/sq\/wp-json\/wp\/v2\/types\/product"}],"replies":[{"embeddable":true,"href":"https:\/\/keune.al\/sq\/wp-json\/wp\/v2\/comments?post=597"}],"wp:featuredmedia":[{"embeddable":true,"href":"https:\/\/keune.al\/sq\/wp-json\/wp\/v2\/media\/601"}],"wp:attachment":[{"href":"https:\/\/keune.al\/sq\/wp-json\/wp\/v2\/media?parent=597"}],"wp:term":[{"taxonomy":"product_brand","embeddable":true,"href":"https:\/\/keune.al\/sq\/wp-json\/wp\/v2\/product_brand?post=597"},{"taxonomy":"product_cat","embeddable":true,"href":"https:\/\/keune.al\/sq\/wp-json\/wp\/v2\/product_cat?post=597"},{"taxonomy":"product_tag","embeddable":true,"href":"https:\/\/keune.al\/sq\/wp-json\/wp\/v2\/product_tag?post=597"}],"curies":[{"name":"wp","href":"https:\/\/api.w.org\/{rel}","templated":true}]}}