{"id":592,"date":"2025-09-12T03:31:14","date_gmt":"2025-09-12T03:31:14","guid":{"rendered":"https:\/\/keune.al\/?post_type=product&#038;p=592"},"modified":"2025-11-19T10:30:31","modified_gmt":"2025-11-19T10:30:31","slug":"shampo-care-derma-regulate","status":"publish","type":"product","link":"https:\/\/keune.al\/sq\/produkt\/shampo-care-derma-regulate\/","title":{"rendered":"Derma Regulate Shampo"},"content":{"rendered":"<div class=\"expander_title___5Kmz\"><strong>P\u00ebrb\u00ebr\u00ebsit<\/strong><\/div>\n<div class=\"expander_content__dB5dn\">\n<div class=\"expander_innerNoScroll__2BEp8\">\n<div class=\"richtext_richText__EPidn\">\n<p>Uj\u00eb (Uj\u00eb), Sodium Laureth Sulfate, Undecylenamidopropyl Betaine, Disodium Cocoamphodiacetat, Cocamidopropyl Betaine, Acid Citrik, Klorur Natriumi, Glicerin\u00eb, PEG-200 Palmat Gliceril i Hidrogjenizuar, Inulin\u00eb, Vaj Ricini i Hidrogjenizuar PEG-40, Benzoat Natriumi, Parfum (Arom\u00eb), Gliceril Laurat, PEG-7 Gliceril Kokoat, Zinku PCA, Propilen Glikol, Butilen Glikol, Dipropilen Glikol, Protein\u00eb Soje e Hidrolizuar, Acid 3-Aminopropan Sulfonik, Sulfat Kondroitine Natriumi, Ekstrakt Rr\u00ebnjeje Xhensen Panax, Acetil Cedrene.<\/p>\n<div class=\"expander_title___5Kmz\"><strong>Si t\u00eb p\u00ebrdoren?<\/strong><\/div>\n<div class=\"expander_content__dB5dn\">\n<div class=\"expander_innerNoScroll__2BEp8\">\n<div class=\"richtext_richText__EPidn\">\n<p>Aplikojeni n\u00eb flok\u00eb t\u00eb lagur, shkum\u00ebzojeni dhe shp\u00eblajeni. P\u00ebrs\u00ebriteni n\u00ebse \u00ebsht\u00eb e nevojshme.<\/p>\n<\/div>\n<\/div>\n<\/div>\n<\/div>\n<\/div>\n<\/div>","protected":false},"excerpt":{"rendered":"<p>Stabilizoni yndyr\u00ebn n\u00eb rr\u00ebnj\u00ebt e flokut me shampon Derma Regulate Sebum Regulating Shampo, t\u00eb formuluar p\u00ebr t\u00eb rregulluar yndyr\u00ebn e tep\u00ebrt, p\u00ebr t\u00eb pastruar skalpin e kok\u00ebs dhe p\u00ebr t\u00eb rivendosur harmonin\u00eb natyrore. Perfekte p\u00ebr llojet e flokut me yndyr\u00eb ose t\u00eb kombinuar, kjo formul\u00eb e but\u00eb por efektive pastron pa e thar\u00eb shum\u00eb flokun, duke e l\u00ebn\u00eb skalpin t\u00eb ndihet i fresk\u00ebt, i past\u00ebr dhe i ekuilibruar - dhe flokun t\u00eb but\u00eb, t\u00eb leht\u00eb dhe plot jet\u00eb.<\/p>","protected":false},"featured_media":595,"comment_status":"open","ping_status":"closed","template":"","meta":[],"product_brand":[],"product_cat":[92,93],"product_tag":[],"class_list":{"0":"post-592","1":"product","2":"type-product","3":"status-publish","4":"has-post-thumbnail","6":"product_cat-hair-care","7":"product_cat-shampoo-care","8":"pa_variant-300ml","9":"pa_variant-1000ml","11":"first","12":"instock","13":"shipping-taxable","14":"purchasable","15":"product-type-variable","16":"has-default-attributes"},"_links":{"self":[{"href":"https:\/\/keune.al\/sq\/wp-json\/wp\/v2\/product\/592","targetHints":{"allow":["GET"]}}],"collection":[{"href":"https:\/\/keune.al\/sq\/wp-json\/wp\/v2\/product"}],"about":[{"href":"https:\/\/keune.al\/sq\/wp-json\/wp\/v2\/types\/product"}],"replies":[{"embeddable":true,"href":"https:\/\/keune.al\/sq\/wp-json\/wp\/v2\/comments?post=592"}],"wp:featuredmedia":[{"embeddable":true,"href":"https:\/\/keune.al\/sq\/wp-json\/wp\/v2\/media\/595"}],"wp:attachment":[{"href":"https:\/\/keune.al\/sq\/wp-json\/wp\/v2\/media?parent=592"}],"wp:term":[{"taxonomy":"product_brand","embeddable":true,"href":"https:\/\/keune.al\/sq\/wp-json\/wp\/v2\/product_brand?post=592"},{"taxonomy":"product_cat","embeddable":true,"href":"https:\/\/keune.al\/sq\/wp-json\/wp\/v2\/product_cat?post=592"},{"taxonomy":"product_tag","embeddable":true,"href":"https:\/\/keune.al\/sq\/wp-json\/wp\/v2\/product_tag?post=592"}],"curies":[{"name":"wp","href":"https:\/\/api.w.org\/{rel}","templated":true}]}}