{"id":589,"date":"2025-09-12T03:29:35","date_gmt":"2025-09-12T03:29:35","guid":{"rendered":"https:\/\/keune.al\/?post_type=product&#038;p=589"},"modified":"2025-11-19T10:09:44","modified_gmt":"2025-11-19T10:09:44","slug":"shampo-detoksifikuese-per-zbokthin","status":"publish","type":"product","link":"https:\/\/keune.al\/sq\/produkt\/shampo-detoksifikuese-per-zbokthin\/","title":{"rendered":"Dandruff Detox Shampo"},"content":{"rendered":"<div class=\"expander_title___5Kmz\"><strong>P\u00ebrb\u00ebr\u00ebsit<\/strong><\/div>\n<div class=\"expander_content__dB5dn\">\n<div class=\"expander_innerNoScroll__2BEp8\">\n<div class=\"richtext_richText__EPidn\">\n<p>Uj\u00eb (Uj\u00eb), Sodium Laureth Sulfate, Cocamidopropyl Betaine, Disodium Cocoamphodiacetat, Propilen Glikol, Acid Citrik, Undecylenamidopropyl Betaine, PEG-200 Palmat Gliceril i Hidrogjenizuar, Klorur Natriumi, Pirokton Olamin\u00eb, Inulin\u00eb, Vaj Ricini i Hidrogjenizuar PEG-40, Benzoat Natriumi, Koko-Glukozid, Oleat Gliceril, Laurat Gliceril, PEG-7 Gliceril Kokoat, Parfum (Arom\u00eb), PCA Zinku, Dipropilen Glikol, Protein\u00eb Soje e Hidrolizuar, Glicerin\u00eb, Acid 3-Aminopropan Sulfonik, Sulfat Kondroitin Natriumi, Acetil Cedren.<\/p>\n<div class=\"expander_title___5Kmz\"><strong><br \/>\nSi t\u00eb p\u00ebrdoren?<\/strong><\/div>\n<div class=\"expander_content__dB5dn\">\n<div class=\"expander_innerNoScroll__2BEp8\">\n<div class=\"richtext_richText__EPidn\">\n<p>Aplikoni n\u00eb flok\u00eb t\u00eb lagur, shkum\u00ebzoni dhe shplajeni. P\u00ebrs\u00ebriteni n\u00ebse \u00ebsht\u00eb e nevojshme dhe l\u00ebreni t\u00eb veproj\u00eb p\u00ebr 2 minuta. Shp\u00eblajeni me kujdes.<\/p>\n<\/div>\n<\/div>\n<\/div>\n<\/div>\n<\/div>\n<\/div>","protected":false},"excerpt":{"rendered":"<p>Pastroni dhe qet\u00ebsoni skalpin tuaj me Dandruff Detox Purifying Shampo (p\u00ebr Zbokthin), e projektuar shkenc\u00ebrisht p\u00ebr t\u00eb pastruar nd\u00ebrsa targeton zbokthin n\u00eb burim. Pasuruar me p\u00ebrb\u00ebr\u00ebs aktiv\u00eb efektiv\u00eb kund\u00ebr zbokthit dhe p\u00ebrb\u00ebr\u00ebs, qet\u00ebsues t\u00eb skalpit, kjo shampo ndihmon n\u00eb zvog\u00eblimin e pet\u00ebzave t\u00eb zbokthit, qet\u00ebsimin e acarimit dhe rivendosjen e nj\u00eb ekuilibri t\u00eb sh\u00ebndetsh\u00ebm t\u00eb skalpit.<\/p>\n<div class=\"richtext_richText__EPidn productInfo_productDescription__IBA5t\">\n<p>Shampoja Detoksifikuese kund\u00ebr Zbokthit \u00ebsht\u00eb versioni i p\u00ebrmir\u00ebsuar i Shampon Derma Exfoliate.<\/p>\n<\/div>","protected":false},"featured_media":582,"comment_status":"open","ping_status":"closed","template":"","meta":[],"product_brand":[],"product_cat":[92,93],"product_tag":[],"class_list":{"0":"post-589","1":"product","2":"type-product","3":"status-publish","4":"has-post-thumbnail","6":"product_cat-hair-care","7":"product_cat-shampoo-care","8":"pa_variant-300ml","9":"pa_variant-1000ml","11":"first","12":"instock","13":"shipping-taxable","14":"purchasable","15":"product-type-variable","16":"has-default-attributes"},"_links":{"self":[{"href":"https:\/\/keune.al\/sq\/wp-json\/wp\/v2\/product\/589","targetHints":{"allow":["GET"]}}],"collection":[{"href":"https:\/\/keune.al\/sq\/wp-json\/wp\/v2\/product"}],"about":[{"href":"https:\/\/keune.al\/sq\/wp-json\/wp\/v2\/types\/product"}],"replies":[{"embeddable":true,"href":"https:\/\/keune.al\/sq\/wp-json\/wp\/v2\/comments?post=589"}],"wp:featuredmedia":[{"embeddable":true,"href":"https:\/\/keune.al\/sq\/wp-json\/wp\/v2\/media\/582"}],"wp:attachment":[{"href":"https:\/\/keune.al\/sq\/wp-json\/wp\/v2\/media?parent=589"}],"wp:term":[{"taxonomy":"product_brand","embeddable":true,"href":"https:\/\/keune.al\/sq\/wp-json\/wp\/v2\/product_brand?post=589"},{"taxonomy":"product_cat","embeddable":true,"href":"https:\/\/keune.al\/sq\/wp-json\/wp\/v2\/product_cat?post=589"},{"taxonomy":"product_tag","embeddable":true,"href":"https:\/\/keune.al\/sq\/wp-json\/wp\/v2\/product_tag?post=589"}],"curies":[{"name":"wp","href":"https:\/\/api.w.org\/{rel}","templated":true}]}}