{"id":577,"date":"2025-09-12T02:56:57","date_gmt":"2025-09-12T02:56:57","guid":{"rendered":"https:\/\/keune.al\/?post_type=product&#038;p=577"},"modified":"2025-11-19T10:19:29","modified_gmt":"2025-11-19T10:19:29","slug":"shampo-me-qartesi-te-persosur","status":"publish","type":"product","link":"https:\/\/keune.al\/sq\/produkt\/shampo-me-qartesi-te-persosur\/","title":{"rendered":"Perfect Clarity Shampo"},"content":{"rendered":"<div class=\"expander_title___5Kmz\"><strong>P\u00ebrb\u00ebr\u00ebsit<\/strong><\/div>\n<div class=\"expander_content__dB5dn\">\n<div class=\"expander_innerNoScroll__2BEp8\">\n<div class=\"richtext_richText__EPidn\">\n<p>Uj\u00eb (Aqua), Sodium Laureth Sulfate, Decil Glukozid, Cocamidopropyl Betaine, PEG-200 Palmat Gliceril i Hidrogjenizuar, Klorur Natriumi, Benzoat Natriumi, Laurat Gliceril, Lauril Pirolidon, PEG-7 Gliceril Kokoat, Propilen Glikol, Parfum (Arom\u00eb), Glicerin\u00eb, Dipropilen Glikol, Acid Citrik, Sorbitol, Ekstrakt i Filizit Bambusa Vulgaris, Ekstrakt i Gjethit Dryopteris Filix-Mas, Acetum (Uthull), Ekstrakt i Frutit Pyrus Malus (Moll\u00eb), Fenoksietanol, Ekstrakt i Lules Tropaeolum Majus, Sorbat Kaliumi, Etilheksilglicerin\u00eb.<\/p>\n<div class=\"expander_title___5Kmz\"><strong>Si t\u00eb p\u00ebrdoren?<\/strong><\/div>\n<div class=\"expander_content__dB5dn\">\n<div class=\"expander_innerNoScroll__2BEp8\">\n<div class=\"richtext_richText__EPidn\">\n<p>Aplikoni n\u00eb flok\u00eb t\u00eb lagur, shkum\u00ebzoni dhe shplajeni. P\u00ebrs\u00ebriteni n\u00ebse \u00ebsht\u00eb e nevojshme.<\/p>\n<\/div>\n<\/div>\n<\/div>\n<\/div>\n<\/div>\n<\/div>","protected":false},"excerpt":{"rendered":"<p>Rigjall\u00ebroni flokun tuaj me Perfect Clarity Clarifying shampo, t\u00eb formuluar nga ekspert\u00eb p\u00ebr t\u00eb pastruar dhe detoksifikuar n\u00eb thell\u00ebsi flokun dhe skalpin, pa hequr hidratimin thelb\u00ebsor. Ideale p\u00ebr heqjen e mbetjeve t\u00eb produkteve t\u00eb stilimit, yndyr\u00ebs s\u00eb tep\u00ebrt dhe papast\u00ebrtive mjedisore, duke rezultuar n\u00eb flok\u00eb t\u00eb leht\u00eb, t\u00eb past\u00ebr dhe t\u00eb rigjall\u00ebruar.<\/p>","protected":false},"featured_media":585,"comment_status":"open","ping_status":"closed","template":"","meta":[],"product_brand":[],"product_cat":[92,93],"product_tag":[],"class_list":{"0":"post-577","1":"product","2":"type-product","3":"status-publish","4":"has-post-thumbnail","6":"product_cat-hair-care","7":"product_cat-shampoo-care","8":"pa_variant-300ml","9":"pa_variant-1000ml","11":"first","12":"instock","13":"shipping-taxable","14":"purchasable","15":"product-type-variable","16":"has-default-attributes"},"_links":{"self":[{"href":"https:\/\/keune.al\/sq\/wp-json\/wp\/v2\/product\/577","targetHints":{"allow":["GET"]}}],"collection":[{"href":"https:\/\/keune.al\/sq\/wp-json\/wp\/v2\/product"}],"about":[{"href":"https:\/\/keune.al\/sq\/wp-json\/wp\/v2\/types\/product"}],"replies":[{"embeddable":true,"href":"https:\/\/keune.al\/sq\/wp-json\/wp\/v2\/comments?post=577"}],"wp:featuredmedia":[{"embeddable":true,"href":"https:\/\/keune.al\/sq\/wp-json\/wp\/v2\/media\/585"}],"wp:attachment":[{"href":"https:\/\/keune.al\/sq\/wp-json\/wp\/v2\/media?parent=577"}],"wp:term":[{"taxonomy":"product_brand","embeddable":true,"href":"https:\/\/keune.al\/sq\/wp-json\/wp\/v2\/product_brand?post=577"},{"taxonomy":"product_cat","embeddable":true,"href":"https:\/\/keune.al\/sq\/wp-json\/wp\/v2\/product_cat?post=577"},{"taxonomy":"product_tag","embeddable":true,"href":"https:\/\/keune.al\/sq\/wp-json\/wp\/v2\/product_tag?post=577"}],"curies":[{"name":"wp","href":"https:\/\/api.w.org\/{rel}","templated":true}]}}