{"id":570,"date":"2025-09-12T02:54:54","date_gmt":"2025-09-12T02:54:54","guid":{"rendered":"https:\/\/keune.al\/?post_type=product&#038;p=570"},"modified":"2025-11-19T10:01:42","modified_gmt":"2025-11-19T10:01:42","slug":"shampo-per-ndjeshmeri-ndaj-lekures-se-kokes","status":"publish","type":"product","link":"https:\/\/keune.al\/sq\/produkt\/shampo-per-ndjeshmeri-ndaj-lekures-se-kokes\/","title":{"rendered":"Scalp Sensitive Shampo"},"content":{"rendered":"<div class=\"expander_title___5Kmz\"><strong>P\u00ebrb\u00ebr\u00ebsit<\/strong><\/div>\n<div class=\"expander_content__dB5dn\">\n<div class=\"expander_innerNoScroll__2BEp8\">\n<div class=\"richtext_richText__EPidn\">\n<p>Uj\u00eb (Uj\u00eb), Lauroil Metil Isetionat Natriumi, Kokoil Isetionat Natriumi, Kokoamfodiacetat Dinatriumi, Kokoil Glutamat Natriumi, Klorur Natriumi, Fenoksietanol, Koko-Glukozid, Gliceril Oleat, Trideceth-9, Inulin, Benzoat Natriumi, Inulin Hidroksipropiltrimonium, Klorur Guar Hidroksipropiltrimonium, Hidroksietilceluloz\u00eb, PEG-5 Izononanoat, Polikuaternium-10, Allantoin\u00eb, Acid Citrik, Polikuaternium-7, Acid Salicilik, Propilen Glikol, Etilheksilglicerin\u00eb, Glicerin\u00eb, Pantenol, Dipropilen Glikol, Gom\u00eb Boswellia Serrata.<\/p>\n<div class=\"expander_title___5Kmz\"><strong><br \/>\nSi t\u00eb p\u00ebrdoren?<\/strong><\/div>\n<div class=\"expander_content__dB5dn\">\n<div class=\"expander_innerNoScroll__2BEp8\">\n<div class=\"richtext_richText__EPidn\">\n<p>Masazhojeni n\u00eb flok\u00eb t\u00eb lagur dhe shp\u00eblajeni.<\/p>\n<\/div>\n<\/div>\n<\/div>\n<\/div>\n<\/div>\n<\/div>","protected":false},"excerpt":{"rendered":"<p>Qet\u00ebsoni dhe mbroni skalpin me Soothing Shampo, t\u00eb formuluar p\u00ebr t\u00eb pastruar but\u00ebsisht pa irrituar l\u00ebkur\u00ebn. Ideale p\u00ebr skalp t\u00eb ndjesh\u00ebm, t\u00eb prirur ndaj alergjive ose reaktiv\u00eb, kjo shampo ultra e but\u00eb qet\u00ebson acarimin, zvog\u00eblon skuqjen dhe ruan ekuilibrin natyror t\u00eb skalpit.<\/p>\n<div class=\"richtext_richText__EPidn productInfo_productDescription__IBA5t\">\n<p>Shampoja Scalp Sensitive \u00ebsht\u00eb versioni i p\u00ebrmir\u00ebsuar i Shamponit Derma Sensitive.<\/p>\n<\/div>","protected":false},"featured_media":574,"comment_status":"open","ping_status":"closed","template":"","meta":[],"product_brand":[],"product_cat":[92,93],"product_tag":[],"class_list":{"0":"post-570","1":"product","2":"type-product","3":"status-publish","4":"has-post-thumbnail","6":"product_cat-hair-care","7":"product_cat-shampoo-care","8":"pa_variant-300ml","9":"pa_variant-1000ml","11":"first","12":"instock","13":"shipping-taxable","14":"purchasable","15":"product-type-variable","16":"has-default-attributes"},"_links":{"self":[{"href":"https:\/\/keune.al\/sq\/wp-json\/wp\/v2\/product\/570","targetHints":{"allow":["GET"]}}],"collection":[{"href":"https:\/\/keune.al\/sq\/wp-json\/wp\/v2\/product"}],"about":[{"href":"https:\/\/keune.al\/sq\/wp-json\/wp\/v2\/types\/product"}],"replies":[{"embeddable":true,"href":"https:\/\/keune.al\/sq\/wp-json\/wp\/v2\/comments?post=570"}],"wp:featuredmedia":[{"embeddable":true,"href":"https:\/\/keune.al\/sq\/wp-json\/wp\/v2\/media\/574"}],"wp:attachment":[{"href":"https:\/\/keune.al\/sq\/wp-json\/wp\/v2\/media?parent=570"}],"wp:term":[{"taxonomy":"product_brand","embeddable":true,"href":"https:\/\/keune.al\/sq\/wp-json\/wp\/v2\/product_brand?post=570"},{"taxonomy":"product_cat","embeddable":true,"href":"https:\/\/keune.al\/sq\/wp-json\/wp\/v2\/product_cat?post=570"},{"taxonomy":"product_tag","embeddable":true,"href":"https:\/\/keune.al\/sq\/wp-json\/wp\/v2\/product_tag?post=570"}],"curies":[{"name":"wp","href":"https:\/\/api.w.org\/{rel}","templated":true}]}}