{"id":563,"date":"2025-09-12T02:54:01","date_gmt":"2025-09-12T02:54:01","guid":{"rendered":"https:\/\/keune.al\/?post_type=product&#038;p=563"},"modified":"2025-11-20T08:41:37","modified_gmt":"2025-11-20T08:41:37","slug":"shampo-shpetimtare-argjendi","status":"publish","type":"product","link":"https:\/\/keune.al\/sq\/produkt\/shampo-shpetimtare-argjendi\/","title":{"rendered":"Silver Savior Shampo"},"content":{"rendered":"<div class=\"expander_title___5Kmz\"><strong>P\u00ebrb\u00ebr\u00ebsit<\/strong><\/div>\n<div class=\"expander_content__dB5dn\">\n<div class=\"expander_innerNoScroll__2BEp8\">\n<div class=\"richtext_richText__EPidn\">\n<p>Uj\u00eb (Aqua), Kokamidopropil Betain\u00eb, Laureth Sulfat Natriumi, Propilen Glikol, PEG-200 Palmat Gliceril i Hidrogjenizuar, Klorur Natriumi, Vaj Ricini i Hidrogjenizuar PEG-60, Parfum (Arom\u00eb), Benzoat Natriumi, Kokoat Gliceril PEG-7, Laurat Gliceril, Polikuaternium-10, Vjollc\u00eb Acidi 43, Acid Citrik, Pantenol, Polikuaternium-7, Arginin\u00eb, Glukoz\u00eb, Sorbitol, Ekstrakt Luleje Viola Odorata.<\/p>\n<div class=\"expander_title___5Kmz\"><strong>Si t\u00eb p\u00ebrdoren?<\/strong><\/div>\n<div class=\"expander_content__dB5dn\">\n<div class=\"expander_innerNoScroll__2BEp8\">\n<div class=\"richtext_richText__EPidn\">\n<p>Aplikojeni n\u00eb flok\u00eb t\u00eb lagur, l\u00ebreni t\u00eb veproj\u00eb p\u00ebr 1-2 minuta dhe shp\u00eblajeni mir\u00eb. <b class=\"richtext_bold__Ems8N\">Kujdes<\/b>Ky produkt p\u00ebrmban p\u00ebrb\u00ebr\u00ebs q\u00eb mund t\u00eb shkaktojn\u00eb acarim t\u00eb l\u00ebkur\u00ebs tek individ\u00eb t\u00eb caktuar dhe s\u00eb pari duhet t\u00eb b\u00ebhet nj\u00eb test paraprak sipas udh\u00ebzimeve bashk\u00ebngjitur. Ky produkt nuk duhet t\u00eb p\u00ebrdoret p\u00ebr lyerjen e qerpik\u00ebve ose vetullave; kjo mund t\u00eb shkaktoj\u00eb verb\u00ebri.<\/p>\n<\/div>\n<\/div>\n<\/div>\n<\/div>\n<\/div>\n<\/div>","protected":false},"excerpt":{"rendered":"<p>Neutralizoni tonet e verdha t\u00eb ngrohta dhe rrisni shk\u00eblqimin me Shampon Silver Savior Silver, t\u00eb formuluar nga ekspert\u00ebt e flokut p\u00ebr t\u00eb pastruar, nd\u00ebrkoh\u00eb q\u00eb neutralizon tonet e verdha dhe t\u00eb ngrohta t\u00eb flokun bjond me nuanc\u00eb t\u00eb ftoht\u00eb, argjendi dhe platini. I pasuruar me pigmente vjollc\u00eb dhe p\u00ebrb\u00ebr\u00ebs ushqyes, kjo shampo siguron flok\u00eb t\u00eb past\u00ebr, me nuanc\u00eb t\u00eb ftoht\u00eb dhe t\u00eb shndritsh\u00ebm \u2014 pa e thar\u00eb flokun ose zbehur ngjyr\u00ebn.<\/p>","protected":false},"featured_media":564,"comment_status":"open","ping_status":"closed","template":"","meta":[],"product_brand":[],"product_cat":[92,93],"product_tag":[],"class_list":{"0":"post-563","1":"product","2":"type-product","3":"status-publish","4":"has-post-thumbnail","6":"product_cat-hair-care","7":"product_cat-shampoo-care","8":"pa_variant-80ml","9":"pa_variant-300ml","10":"pa_variant-1000ml","12":"first","13":"instock","14":"shipping-taxable","15":"purchasable","16":"product-type-variable","17":"has-default-attributes"},"_links":{"self":[{"href":"https:\/\/keune.al\/sq\/wp-json\/wp\/v2\/product\/563","targetHints":{"allow":["GET"]}}],"collection":[{"href":"https:\/\/keune.al\/sq\/wp-json\/wp\/v2\/product"}],"about":[{"href":"https:\/\/keune.al\/sq\/wp-json\/wp\/v2\/types\/product"}],"replies":[{"embeddable":true,"href":"https:\/\/keune.al\/sq\/wp-json\/wp\/v2\/comments?post=563"}],"wp:featuredmedia":[{"embeddable":true,"href":"https:\/\/keune.al\/sq\/wp-json\/wp\/v2\/media\/564"}],"wp:attachment":[{"href":"https:\/\/keune.al\/sq\/wp-json\/wp\/v2\/media?parent=563"}],"wp:term":[{"taxonomy":"product_brand","embeddable":true,"href":"https:\/\/keune.al\/sq\/wp-json\/wp\/v2\/product_brand?post=563"},{"taxonomy":"product_cat","embeddable":true,"href":"https:\/\/keune.al\/sq\/wp-json\/wp\/v2\/product_cat?post=563"},{"taxonomy":"product_tag","embeddable":true,"href":"https:\/\/keune.al\/sq\/wp-json\/wp\/v2\/product_tag?post=563"}],"curies":[{"name":"wp","href":"https:\/\/api.w.org\/{rel}","templated":true}]}}