{"id":557,"date":"2025-09-11T03:58:19","date_gmt":"2025-09-11T03:58:19","guid":{"rendered":"https:\/\/keune.al\/?post_type=product&#038;p=557"},"modified":"2025-11-20T15:52:26","modified_gmt":"2025-11-20T15:52:26","slug":"maske-ushqyese-jetesore","status":"publish","type":"product","link":"https:\/\/keune.al\/sq\/produkt\/maske-ushqyese-jetesore\/","title":{"rendered":"Maska e Ushqyerjes Vitalike"},"content":{"rendered":"<div class=\"richtext_richText__EPidn productInfo_productDescription__IBA5t\">\n<div class=\"expander_title___5Kmz\"><strong>P\u00ebrb\u00ebr\u00ebsit<\/strong><\/div>\n<div class=\"expander_content__dB5dn\">\n<div class=\"expander_innerNoScroll__2BEp8\">\n<div class=\"richtext_richText__EPidn\">\n<p>Uj\u00eb (Uj\u00eb), Alkool Cetearil, Metosulfat Behentrimoniumi, Glicerin\u00eb, Miristat Izopropili, Klorur Cetrimoniumi, Vaj Kokosi (Cocos Nucifera), Amodimetikon, Protein\u00eb Orizi e Hidrolizuar, Benzoat Natriumi, Protein\u00eb Bimore e Hidrolizuar PG-Propil Silanetriol, Parfum (Arom\u00eb), Acid Laktik, Dipropilen Glikol, Vaj Farash Ricinus Communis (Ricini), Propilen Glikol, Trideceth-12, Fenoksietanol, Ekstrakt Helichrysum Italicum, Vaj Farash Macadamia Integrifolia, Vaj Fruti Olea Europaea (Ulliri), Sorbat Kaliumi, Acid Benzoik, Acid Palmitik, Ceramide NG, Kolesterol, Alkool Benzilik, Linalool, Tetrametil Acetiloktahidronaftalene, Vanilin\u00eb<\/p>\n<div class=\"expander_title___5Kmz\"><strong>Si t\u00eb p\u00ebrdoren?<\/strong><\/div>\n<div class=\"expander_content__dB5dn\">\n<div class=\"expander_innerNoScroll__2BEp8\">\n<div class=\"richtext_richText__EPidn\">\n<p>Aplikoni pasi t\u00eb keni shplar\u00eb shampon e t\u00eb keni tamponuar flokun me peshqir. Masazhoni but\u00ebsisht, mund\u00ebsisht mb\u00ebshtillni flokun me nj\u00eb peshqir t\u00eb nxeht\u00eb. L\u00ebreni t\u00eb veproj\u00eb p\u00ebr 3-5 minuta para se ta shp\u00eblani plot\u00ebsisht. Tampononi flokun me peshqir.<\/p>\n<\/div>\n<\/div>\n<\/div>\n<\/div>\n<\/div>\n<\/div>\n<\/div>","protected":false},"excerpt":{"rendered":"<p>Transformoni flokun e that\u00eb dhe t\u00eb d\u00ebmtuar me Vital Nutrition Nourishing Mask, nj\u00eb trajtim i pasur dhe ultra-hidratues i projektuar p\u00ebr t\u00eb kondicionuar, riparuar dhe rikthyer but\u00ebsin\u00eb n\u00eb thell\u00ebsi. Kjo mask\u00eb e but\u00eb ofron nj\u00eb val\u00eb hidratimi dhe l\u00ebnd\u00ebsh ushqyese, duke e l\u00ebn\u00eb flokun t\u00eb but\u00eb si m\u00ebndafsh, t\u00eb fort\u00eb dhe t\u00eb rigjall\u00ebruar.<\/p>","protected":false},"featured_media":1361,"comment_status":"open","ping_status":"closed","template":"","meta":[],"product_brand":[],"product_cat":[92,176],"product_tag":[],"class_list":{"0":"post-557","1":"product","2":"type-product","3":"status-publish","4":"has-post-thumbnail","6":"product_cat-hair-care","7":"product_cat-mask-hair-care","8":"pa_variant-250ml","9":"pa_variant-500ml","10":"pa_variant-50ml","12":"first","13":"instock","14":"shipping-taxable","15":"purchasable","16":"product-type-variable","17":"has-default-attributes"},"_links":{"self":[{"href":"https:\/\/keune.al\/sq\/wp-json\/wp\/v2\/product\/557","targetHints":{"allow":["GET"]}}],"collection":[{"href":"https:\/\/keune.al\/sq\/wp-json\/wp\/v2\/product"}],"about":[{"href":"https:\/\/keune.al\/sq\/wp-json\/wp\/v2\/types\/product"}],"replies":[{"embeddable":true,"href":"https:\/\/keune.al\/sq\/wp-json\/wp\/v2\/comments?post=557"}],"wp:featuredmedia":[{"embeddable":true,"href":"https:\/\/keune.al\/sq\/wp-json\/wp\/v2\/media\/1361"}],"wp:attachment":[{"href":"https:\/\/keune.al\/sq\/wp-json\/wp\/v2\/media?parent=557"}],"wp:term":[{"taxonomy":"product_brand","embeddable":true,"href":"https:\/\/keune.al\/sq\/wp-json\/wp\/v2\/product_brand?post=557"},{"taxonomy":"product_cat","embeddable":true,"href":"https:\/\/keune.al\/sq\/wp-json\/wp\/v2\/product_cat?post=557"},{"taxonomy":"product_tag","embeddable":true,"href":"https:\/\/keune.al\/sq\/wp-json\/wp\/v2\/product_tag?post=557"}],"curies":[{"name":"wp","href":"https:\/\/api.w.org\/{rel}","templated":true}]}}