{"id":549,"date":"2025-09-11T03:52:41","date_gmt":"2025-09-11T03:52:41","guid":{"rendered":"https:\/\/keune.al\/?post_type=product&#038;p=549"},"modified":"2025-11-02T04:18:55","modified_gmt":"2025-11-02T04:18:55","slug":"pako-rigjalleruese-force","status":"publish","type":"product","link":"https:\/\/keune.al\/sq\/produkt\/pako-rigjalleruese-force\/","title":{"rendered":"Paketa Rigjeneruese &amp; Forcuese"},"content":{"rendered":"","protected":false},"excerpt":{"rendered":"<p>Zgjeroni p\u00ebrfitimet e trajtimit tuaj n\u00eb sallon me produktet tona p\u00ebrforcuese t\u00eb kujdesit n\u00eb sht\u00ebpi. K\u00ebto ndihmojn\u00eb n\u00eb reduktimin e d\u00ebmtimit, rrisin volumin dhe sigurojn\u00eb q\u00eb floku juaj t\u00eb q\u00ebndroj\u00eb m\u00eb i sh\u00ebndetsh\u00ebm dhe m\u00eb i fort\u00eb me kalimin e koh\u00ebs.<\/p>","protected":false},"featured_media":550,"comment_status":"open","ping_status":"closed","template":"","meta":[],"product_brand":[],"product_cat":[92,19,131],"product_tag":[],"class_list":{"0":"post-549","1":"product","2":"type-product","3":"status-publish","4":"has-post-thumbnail","6":"product_cat-hair-care","7":"product_cat-hair-styling","8":"product_cat-keune-care","9":"pa_variant-250ml","10":"pa_variant-80ml","11":"pa_variant-1000ml","13":"first","14":"instock","15":"shipping-taxable","16":"product-type-grouped"},"_links":{"self":[{"href":"https:\/\/keune.al\/sq\/wp-json\/wp\/v2\/product\/549","targetHints":{"allow":["GET"]}}],"collection":[{"href":"https:\/\/keune.al\/sq\/wp-json\/wp\/v2\/product"}],"about":[{"href":"https:\/\/keune.al\/sq\/wp-json\/wp\/v2\/types\/product"}],"replies":[{"embeddable":true,"href":"https:\/\/keune.al\/sq\/wp-json\/wp\/v2\/comments?post=549"}],"wp:featuredmedia":[{"embeddable":true,"href":"https:\/\/keune.al\/sq\/wp-json\/wp\/v2\/media\/550"}],"wp:attachment":[{"href":"https:\/\/keune.al\/sq\/wp-json\/wp\/v2\/media?parent=549"}],"wp:term":[{"taxonomy":"product_brand","embeddable":true,"href":"https:\/\/keune.al\/sq\/wp-json\/wp\/v2\/product_brand?post=549"},{"taxonomy":"product_cat","embeddable":true,"href":"https:\/\/keune.al\/sq\/wp-json\/wp\/v2\/product_cat?post=549"},{"taxonomy":"product_tag","embeddable":true,"href":"https:\/\/keune.al\/sq\/wp-json\/wp\/v2\/product_tag?post=549"}],"curies":[{"name":"wp","href":"https:\/\/api.w.org\/{rel}","templated":true}]}}