{"id":545,"date":"2025-09-11T03:50:21","date_gmt":"2025-09-11T03:50:21","guid":{"rendered":"https:\/\/keune.al\/?post_type=product&#038;p=545"},"modified":"2025-11-02T04:18:55","modified_gmt":"2025-11-02T04:18:55","slug":"shampo-dhe-balsam-per-ushqyerjen-vitale","status":"publish","type":"product","link":"https:\/\/keune.al\/sq\/produkt\/shampo-dhe-balsam-per-ushqyerjen-vitale\/","title":{"rendered":"Vital Nutrition Shampo + Balsam"},"content":{"rendered":"","protected":false},"excerpt":{"rendered":"<p>Vital Nutrition e l\u00eb flokun t\u00eb l\u00ebmuar, t\u00eb but\u00eb, me shk\u00eblqim dhe t\u00eb leht\u00eb p\u00ebr t\u2019u krehur. P\u00ebrdoreni shampon n\u00eb kombinim me balsamin dhe p\u00ebrfitoni sa m\u00eb shum\u00eb nga kujdesi p\u00ebr flokun tuaj. Formula e pasur \u00ebsht\u00eb b\u00ebr\u00eb me nj\u00eb p\u00ebrzierje prej pes\u00eb mineralesh thelb\u00ebsore, n\u00eb m\u00ebnyr\u00eb q\u00eb floku juaj t\u00eb ndihet i sh\u00ebndetsh\u00ebm dhe i but\u00eb.<\/p>","protected":false},"featured_media":546,"comment_status":"open","ping_status":"closed","template":"","meta":[],"product_brand":[],"product_cat":[152,98,92,19,131,93,151],"product_tag":[],"class_list":{"0":"post-545","1":"product","2":"type-product","3":"status-publish","4":"has-post-thumbnail","6":"product_cat-conditioner","7":"product_cat-conditioners","8":"product_cat-hair-care","9":"product_cat-hair-styling","10":"product_cat-keune-care","11":"product_cat-shampoo-care","12":"product_cat-shampoo","13":"pa_variant-250ml","14":"pa_variant-80ml","15":"pa_variant-1000ml","17":"first","18":"instock","19":"shipping-taxable","20":"product-type-grouped"},"_links":{"self":[{"href":"https:\/\/keune.al\/sq\/wp-json\/wp\/v2\/product\/545","targetHints":{"allow":["GET"]}}],"collection":[{"href":"https:\/\/keune.al\/sq\/wp-json\/wp\/v2\/product"}],"about":[{"href":"https:\/\/keune.al\/sq\/wp-json\/wp\/v2\/types\/product"}],"replies":[{"embeddable":true,"href":"https:\/\/keune.al\/sq\/wp-json\/wp\/v2\/comments?post=545"}],"wp:featuredmedia":[{"embeddable":true,"href":"https:\/\/keune.al\/sq\/wp-json\/wp\/v2\/media\/546"}],"wp:attachment":[{"href":"https:\/\/keune.al\/sq\/wp-json\/wp\/v2\/media?parent=545"}],"wp:term":[{"taxonomy":"product_brand","embeddable":true,"href":"https:\/\/keune.al\/sq\/wp-json\/wp\/v2\/product_brand?post=545"},{"taxonomy":"product_cat","embeddable":true,"href":"https:\/\/keune.al\/sq\/wp-json\/wp\/v2\/product_cat?post=545"},{"taxonomy":"product_tag","embeddable":true,"href":"https:\/\/keune.al\/sq\/wp-json\/wp\/v2\/product_tag?post=545"}],"curies":[{"name":"wp","href":"https:\/\/api.w.org\/{rel}","templated":true}]}}